{"id":6189,"date":"2020-12-22T16:28:06","date_gmt":"2020-12-22T15:28:06","guid":{"rendered":"https:\/\/www.rewe-group.com\/?page_id=6189"},"modified":"2026-03-23T13:24:28","modified_gmt":"2026-03-23T12:24:28","slug":"expansion-bei-rewe","status":"publish","type":"page","link":"https:\/\/www.rewe-group.com\/de\/unternehmen\/expansion-und-immobilien\/wir-suchen-interessante-standorte-und-immobilien\/expansion-bei-rewe\/","title":{"rendered":"Expansion bei REWE"},"content":{"rendered":"\n<div class=\"wp-block-myblocks-template-root template-root\">\n<div class=\"wp-block-myblocks-section block-section section-bg-white\">\n<div class=\"wp-block-myblocks-row-full-single row-full-single my-row-block row-full\"><div class=\"myblock-wrapper block-my-text-block block-ingrid\" data-module-name=\"Headline Copy Link\">    <div class=\"textblock margin-row-inner\">\n        <div class=\"entry-content\">\n            \n            <p>Dank unserer hervorragenden Entwicklung werden wir auch in den n\u00e4chsten Jahren bundesweit stark expandieren. Daf\u00fcr suchen wir geeignete Grundst\u00fccke sowie bestehende oder geplante Immobilien oder Ladenfl\u00e4chen, die wir anmieten oder kaufen k\u00f6nnen. Auf spezifische architektonische und nutzungsbezogene Vorgaben geht REWE ebenso flexibel ein wie auf Anforderungen von integrierten Standortlagen, Denkmalschutz oder die neuesten technischen und umweltschonenden Standards.<\/p>\n        <\/div>\n\n            <\/div>\n<\/div><\/div>\n<\/div>\n\n\n\n<div class=\"wp-block-myblocks-section block-section section-bg-white\">\n<div class=\"wp-block-myblocks-row-full-single row-full-single my-row-block row-full\"><div class=\"myblock-wrapper block-my-text-block block-ingrid\" data-module-name=\"Headline Copy Link\">    <div class=\"textblock margin-row-inner\">\n        <div class=\"entry-content\">\n            <h2 class=\"smaller\">REWE ist auf Expansionskurs<\/h2>\n            <p>Deshalb suchen wir Grundst\u00fccke, Immobilien und Ladenfl\u00e4chen an geeigneten Standorten, die wir anmieten oder kaufen k\u00f6nnen. Gleichzeitig bieten wir attraktive Ladenlokale und Verkaufsfl\u00e4chen zur Anmietung.<\/p>\n        <\/div>\n\n            <\/div>\n<\/div>\n\n<div class=\"myblock-wrapper block-my-text-block block-ingrid\" data-module-name=\"Headline Copy Link\">    <div class=\"textblock margin-row-inner\">\n        <div class=\"entry-content\">\n            <h2 class=\"smaller\">Neue Erkenntnisse und ihre Konsequenzen f\u00fcr eine qualifizierte Nahversorgung<\/h2>\n            <p>Eine breit angelegte Forschungsstudie der HafenCity Universit\u00e4t Hamburg und des Instituts f\u00fcr Immobilienwirtschaft der Universit\u00e4t Regensburg hat im Auftrag des HDE und des BVL erstmalig nachgewiesen, dass die Regelvermutung des \u00a7 11 Abs. 3 BauNVO f\u00fcr den Lebensmitteleinzelhandel einer wissenschaftlichen Grundlage entbehrt und ein planerisches Ungleichgewicht in der Genehmigungspraxis bez\u00fcglich der unterschiedlichen Betriebstypen des Lebensmitteleinzelhandels besteht: Lebensmittelvollsortimenter haben demnach geringere bis vergleichbare Auswirkungen wie Lebensmitteldiscounter. F\u00fcr die planerische Beurteilung von Ansiedlungsvorhaben mit Vollsortimentern ist daher insbesondere auf die m\u00f6gliche Anwendung der in \u00a7 11 Abs. 3 Satz 4 BauNVO bestehenden Ausnahmeregelung hinzuweisen.<\/p>\n        <\/div>\n\n            <\/div>\n<\/div><\/div>\n<\/div>\n\n\n\n<div class=\"wp-block-myblocks-section block-section section-bg-gray section-padding-top section-padding-bottom\">\n<div class=\"wp-block-myblocks-row-full-2columns row-full-2columns my-row-block row-full\">\n<div class=\"wp-block-myblocks-row-full-2columns-cell row-cell row-full-2columns-cell my-cell-block\"><div class=\"myblock-wrapper block-my-video-player block-ingrid\" data-module-name=\"Video Player\">        <div class=\"margin-row-inner\">\n        <div class=\"reweg-video\" data-id=\"sH6Lm9ad\" data-caption-de=\"https:\/\/www.rewe-group.com\/content\/uploads\/2021\/02\/Expansion_komprimiert_bearbeitet_2.vtt?t=2026041607\" data-alt=\"Das Video pr\u00e4sentiert eine Auswahl an REWE Superm\u00e4rkten in Deutschland, die sich durch ihre Vielfalt und ma\u00dfgeschneiderte Konzepte auszeichnen. Es wird dargestellt, wie REWE auf die spezifischen Gegebenheiten und Bed\u00fcrfnisse der verschiedenen Standorte eingeht. Hervorgehoben werden lokale Besonderheiten, Frische, Qualit\u00e4t und nachhaltige Bauweisen. Die M\u00e4rkte variieren von kleinen lokalen Gesch\u00e4ften bis zu gro\u00dfen Centern und bieten neben einem breiten Sortiment auch besondere gastronomische Angebote.\">\n            <div class=\"reweg-video__meta\">\n                <p class=\"reweg-video__type\">Video<\/p>\n                <p class=\"reweg-video__dur\">06:42<\/p>\n            <\/div>\n            <div class=\"reweg-video__poster\">\n                <div class=\"reweg-video__poster-focal-point-container\">\n                    <div class=\"focused-image-container\">\n    <img decoding=\"async\"\n        class=\"focused-image\"\n        data-focus-x=\"0.00\"\n        data-focus-y=\"0.00\"\n        src=\"https:\/\/www.rewe-group.com\/content\/uploads\/2021\/01\/expansion_film_kachel.jpg?t=2026041607\"\n        alt=\"REWE Center\"\n                        loading=\"lazy\"\n         data-copyright=\"REWE Center \u00a9 REWE Group\"    >\n<\/div>\n                <\/div>\n                <button type=\"button\" class=\"btn-icon icon-play btn-blur reweg-video__play\" aria-label=\"Video Expansion bei REWE abspielen\"><\/button>\n                <div class=\"video-cookie-notice\">\n    <div class=\"video-cookie-notice__inner\">\n        <p>\n            Um dieses Video zu sehen, stimmen Sie bitte den Statistik Cookies unter den Privatsph\u00e4re-Einstellungen zu.        <\/p>\n        <p>\n            <a href=\"#cookie-settings\" class=\"btn-text small\" title=\"Einstellungen anpassen\">\n                <span>Einstellungen anpassen<\/span>\n            <\/a>\n        <\/p>\n    <\/div>\n<\/div>\n            <\/div>\n            <div class=\"reweg-video__text\">\n                <h2 class=\"reweg-video__title\">Expansion bei REWE<\/h2>                <div class=\"reweg-video__copy entry-content\">\n                    <p>Die REWE Group hat nicht nur f\u00fcr jeden Standort das richtige Konzept, sondern auch die richtige bauliche L\u00f6sung.<\/p>\n                <\/div>\n            <\/div>\n        <\/div>\n    <\/div>\n<\/div><\/div>\n\n\n\n<div class=\"wp-block-myblocks-row-full-2columns-cell row-cell row-full-2columns-cell my-cell-block\"><div class=\"myblock-wrapper block-my-text-teaser-gallery block-ingrid\" data-module-name=\"Teaser Contentmodul\"><div class=\"text-tasers-wrapper\">\n            <div class=\"text-taser-slider\">\n    <div class=\"text-taser-slider__slider\">\n        <ul class=\"rwgs__inner\">\n                                            <li>\n                    \n    <div\n    class=\"text-teaser bg-pattern bg-pattern_pattern1 bg-pattern_red dark-bg-section\"  data-module-name=\".teaser-contentmodul\">\n        <div class=\"text-teaser__inner reweg-teaser-main\">\n        <h2 class=\"text-teaser__title smaller\">Weitere Informationen<\/h2>\n        \n                    <div class=\"text-teaser__illustration illu-dokument_01\"><\/div>\n        \n                    <ul class=\"text-teaser__links\">\n                                                                                                                <li>\n                                <a\n    class=\"arrow-link\"\n    href=\"https:\/\/www.rewe-group.com\/content\/uploads\/2021\/04\/studie-qualifizierte-nahversorgung-im-lebensmittelhandel.pdf\"\n        target=\"_blank\" rel=\"noopener noreferrer\">\n    Download Studie &#8222;Qualifizierte Nahversorgung&#8220;<\/a>\n                            <\/li>\n                                                                                                                                                            <li>\n                                <a\n    class=\"arrow-link\"\n    href=\"https:\/\/www.rewe-group.com\/content\/uploads\/2021\/04\/kurzfassung-qualifizierte-nahversorgung-im-lebensmittelhandel.pdf\"\n        target=\"_blank\" rel=\"noopener noreferrer\">\n    Download Kurzfassung &#8222;Qualifizierte Nahversorgung&#8220;<\/a>\n                            <\/li>\n                                                                        <\/ul>\n            <\/div>\n<\/div>                <\/li>\n                    <\/ul>\n    <\/div>\n<\/div>    <\/div>\n<\/div><\/div>\n<\/div>\n\n\n\n<div class=\"wp-block-myblocks-row-full-single row-full-single my-row-block row-full\"><div class=\"myblock-wrapper block-my-teaser-pdf\" data-module-name=\"Teaser PDF\"><div class=\"myblock-wrapper\">\n    <a\n        class=\"twitter-icon-teaser\"\n        href=\"https:\/\/www.rewe-group.com\/content\/uploads\/2026\/01\/Expansionsbroschuere-2026.pdf?t=2026041607\"\n        target=\"_blank\" rel=\"noopener noreferrer\"        data-tracking=\"{&quot;event&quot;:&quot;file_download&quot;,&quot;file_extension&quot;:&quot;application\\\/pdf&quot;,&quot;file_name&quot;:&quot;Expansionsbroschuere-2026.pdf&quot;,&quot;link_classes&quot;:&quot;arrow-link&quot;,&quot;link_domain&quot;:&quot;&quot;,&quot;link_id&quot;:47159,&quot;link_text&quot;:&quot;Herunterladen&quot;,&quot;link_url&quot;:&quot;https:\\\/\\\/www.rewe-group.com\\\/content\\\/uploads\\\/2026\\\/01\\\/Expansionsbroschuere-2026.pdf?t=2026041607&quot;}\"\n    >\n        <div class=\"contents\">\n            <h2>Expansions&shy;brosch\u00fcre<\/h2>\n            <div class=\"entry-content\"><\/div>\n            <div class=\"link\">\n                <span class=\"arrow-link\">Herunterladen<\/span>\n            <\/div>\n        <\/div>\n        <div class=\"icon pdf\">\n            <div class=\"illustration\"><\/div>\n        <\/div>\n    <\/a>\n<\/div>\n<\/div><\/div>\n\n\n\n<div class=\"wp-block-myblocks-row-full-2columns row-full-2columns my-row-block row-full\">\n<div class=\"wp-block-myblocks-row-full-2columns-cell row-cell row-full-2columns-cell my-cell-block\"><div class=\"myblock-wrapper block-my-page-teaser block-ingrid\" data-module-name=\"Teaser Page\">\n<div class=\"page-teaser__wrapper\">\n    <a\n        class=\"page-teaser medium red has-post with-excerpt\"\n        href=\"https:\/\/www.rewe-group.com\/de\/unternehmen\/expansion-und-immobilien\/wir-suchen-interessante-standorte-und-immobilien\/expansion-kontakt\/\"\n        style=\"\"\n        data-tracking=\"{&quot;event&quot;:&quot;click_teaser&quot;,&quot;link_url&quot;:&quot;https:\\\/\\\/www.rewe-group.com\\\/de\\\/unternehmen\\\/expansion-und-immobilien\\\/wir-suchen-interessante-standorte-und-immobilien\\\/expansion-kontakt\\\/&quot;,&quot;element_name&quot;:&quot;Expansionskontakte&quot;,&quot;modul_name&quot;:&quot;.teaser-page&quot;}\"        target=\"_self\"    >\n                <div class=\"page-teaser__overlay red\"><\/div>\n                <h2 class=\"page-teaser__title\">Expansionskontakte<\/h2>        <div class=\"bottom\">\n                            <div class=\"content\">Sie haben Interesse an einem unserer Objekte oder wollen uns eine Immobilie anbieten? Dann finden Sie hier mit wenigen Klicks den richtigen Kontakt f\u00fcr Ihr Anliegen r&#8230;<\/div>\n                        <div class=\"link\">\n                <span class=\"arrow-link\">Zu den Expansionskontakten<\/span>\n            <\/div>\n        <\/div>\n    <\/a>\n<\/div>\n<\/div><\/div>\n\n\n\n<div class=\"wp-block-myblocks-row-full-2columns-cell row-cell row-full-2columns-cell my-cell-block\"><div class=\"myblock-wrapper block-my-page-teaser block-ingrid\" data-module-name=\"Teaser Page\">\n<div class=\"page-teaser__wrapper\">\n    <a\n        class=\"page-teaser medium red has-post\"\n        href=\"https:\/\/www.rewe-group.com\/de\/unternehmen\/expansion-und-immobilien\/wir-suchen-interessante-standorte-und-immobilien\/immobiliengesuche\/\"\n        style=\"\"\n        data-tracking=\"{&quot;event&quot;:&quot;click_teaser&quot;,&quot;link_url&quot;:&quot;https:\\\/\\\/www.rewe-group.com\\\/de\\\/unternehmen\\\/expansion-und-immobilien\\\/wir-suchen-interessante-standorte-und-immobilien\\\/immobiliengesuche\\\/&quot;,&quot;element_name&quot;:&quot;Was wir suchen: &lt;br&gt;interessante Standorte&quot;,&quot;modul_name&quot;:&quot;.teaser-page&quot;}\"        target=\"_self\"    >\n                <div class=\"page-teaser__overlay red\"><\/div>\n                <h2 class=\"page-teaser__title\">Was wir suchen: <br>interessante Standorte<\/h2>        <div class=\"bottom\">\n                        <div class=\"link\">\n                <span class=\"arrow-link\">Zu unseren Immobiliengesuchen<\/span>\n            <\/div>\n        <\/div>\n    <\/a>\n<\/div>\n<\/div><\/div>\n<\/div>\n<\/div>\n<\/div>\n","protected":false},"excerpt":{"rendered":"<p>Ob gro\u00df, ob klein \u2013 REWE hat f\u00fcr jeden Standort von 500 bis \u00fcber 6.000 Quadratmeter Verkaufsfl\u00e4che das passende Marktkonzept.<\/p>\n","protected":false},"author":12,"featured_media":6190,"parent":3936,"menu_order":42,"comment_status":"closed","ping_status":"closed","template":"","meta":{"_acf_changed":false,"_relevanssi_hide_post":"","_relevanssi_hide_content":"","_relevanssi_pin_for_all":"","_relevanssi_pin_keywords":"","_relevanssi_unpin_keywords":"","_relevanssi_related_keywords":"","_relevanssi_related_include_ids":"","_relevanssi_related_exclude_ids":"","_relevanssi_related_no_append":"","_relevanssi_related_not_related":"","_relevanssi_related_posts":"","_relevanssi_noindex_reason":"","footnotes":""},"categories":[8],"tags":[58],"class_list":["post-6189","page","type-page","status-publish","has-post-thumbnail","hentry","category-unternehmen","tag-expansion"],"acf":[],"yoast_head":"<!-- This site is optimized with the Yoast SEO Premium plugin v27.1 (Yoast SEO v27.1.1) - https:\/\/yoast.com\/product\/yoast-seo-premium-wordpress\/ -->\n<title>Expansion bei REWE - REWE Group<\/title>\n<meta name=\"description\" content=\"Hier erfahren Sie alles rund um die Expansion bei REWE, unserem flexiblen Vollsortiment an starken Standorten.\" \/>\n<meta name=\"robots\" content=\"index, follow, max-snippet:-1, max-image-preview:large, max-video-preview:-1\" \/>\n<link rel=\"canonical\" href=\"https:\/\/www.rewe-group.com\/de\/unternehmen\/expansion-und-immobilien\/wir-suchen-interessante-standorte-und-immobilien\/expansion-bei-rewe\/\" \/>\n<meta property=\"og:locale\" content=\"de_DE\" \/>\n<meta property=\"og:type\" content=\"article\" \/>\n<meta property=\"og:title\" content=\"Expansion bei REWE\" \/>\n<meta property=\"og:description\" content=\"Hier erfahren Sie alles rund um die Expansion bei REWE, unserem flexiblen Vollsortiment an starken Standorten.\" \/>\n<meta property=\"og:url\" content=\"https:\/\/www.rewe-group.com\/de\/unternehmen\/expansion-und-immobilien\/wir-suchen-interessante-standorte-und-immobilien\/expansion-bei-rewe\/\" \/>\n<meta property=\"og:site_name\" content=\"REWE Group\" \/>\n<meta property=\"article:modified_time\" content=\"2026-03-23T12:24:28+00:00\" \/>\n<meta property=\"og:image\" content=\"https:\/\/www.rewe-group.com\/content\/uploads\/2020\/12\/expansion-header-1-scaled.jpg?t=2026032312\" \/>\n\t<meta property=\"og:image:width\" content=\"2560\" \/>\n\t<meta property=\"og:image:height\" content=\"1364\" \/>\n\t<meta property=\"og:image:type\" content=\"image\/jpeg\" \/>\n<meta name=\"twitter:card\" content=\"summary_large_image\" \/>\n<meta name=\"twitter:label1\" content=\"Gesch\u00e4tzte Lesezeit\" \/>\n\t<meta name=\"twitter:data1\" content=\"2\u00a0Minuten\" \/>\n<script type=\"application\/ld+json\" class=\"yoast-schema-graph\">{\"@context\":\"https:\/\/schema.org\",\"@graph\":[{\"@type\":\"WebPage\",\"@id\":\"https:\/\/www.rewe-group.com\/de\/unternehmen\/expansion-und-immobilien\/wir-suchen-interessante-standorte-und-immobilien\/expansion-bei-rewe\/\",\"url\":\"https:\/\/www.rewe-group.com\/de\/unternehmen\/expansion-und-immobilien\/wir-suchen-interessante-standorte-und-immobilien\/expansion-bei-rewe\/\",\"name\":\"Expansion bei REWE - REWE Group\",\"isPartOf\":{\"@id\":\"https:\/\/www.rewe-group.com\/de\/#website\"},\"primaryImageOfPage\":{\"@id\":\"https:\/\/www.rewe-group.com\/de\/unternehmen\/expansion-und-immobilien\/wir-suchen-interessante-standorte-und-immobilien\/expansion-bei-rewe\/#primaryimage\"},\"image\":{\"@id\":\"https:\/\/www.rewe-group.com\/de\/unternehmen\/expansion-und-immobilien\/wir-suchen-interessante-standorte-und-immobilien\/expansion-bei-rewe\/#primaryimage\"},\"thumbnailUrl\":\"https:\/\/www.rewe-group.com\/content\/uploads\/2020\/12\/expansion-header-1-scaled.jpg?t=2026041607\",\"datePublished\":\"2020-12-22T15:28:06+00:00\",\"dateModified\":\"2026-03-23T12:24:28+00:00\",\"description\":\"Hier erfahren Sie alles rund um die Expansion bei REWE, unserem flexiblen Vollsortiment an starken Standorten.\",\"breadcrumb\":{\"@id\":\"https:\/\/www.rewe-group.com\/de\/unternehmen\/expansion-und-immobilien\/wir-suchen-interessante-standorte-und-immobilien\/expansion-bei-rewe\/#breadcrumb\"},\"inLanguage\":\"de\",\"potentialAction\":[{\"@type\":\"ReadAction\",\"target\":[\"https:\/\/www.rewe-group.com\/de\/unternehmen\/expansion-und-immobilien\/wir-suchen-interessante-standorte-und-immobilien\/expansion-bei-rewe\/\"]}]},{\"@type\":\"ImageObject\",\"inLanguage\":\"de\",\"@id\":\"https:\/\/www.rewe-group.com\/de\/unternehmen\/expansion-und-immobilien\/wir-suchen-interessante-standorte-und-immobilien\/expansion-bei-rewe\/#primaryimage\",\"url\":\"https:\/\/www.rewe-group.com\/content\/uploads\/2020\/12\/expansion-header-1-scaled.jpg?t=2026041607\",\"contentUrl\":\"https:\/\/www.rewe-group.com\/content\/uploads\/2020\/12\/expansion-header-1-scaled.jpg?t=2026041607\",\"width\":2560,\"height\":1364,\"caption\":\"Mit einem Umsatz von 18,4 Milliarden Euro (2016), rund 120.000 Mitarbeitern und weit \u00fcber 3.000 REWE M\u00e4rkten geh\u00f6rt die REWE Markt GmbH zu den f\u00fchrenden Unternehmen im deutschen Lebensmitteleinzelhandel. Die REWE M\u00e4rkte werden als Filialen oder durch selbst\u00e4ndige REWE Kaufleute betrieben.\"},{\"@type\":\"BreadcrumbList\",\"@id\":\"https:\/\/www.rewe-group.com\/de\/unternehmen\/expansion-und-immobilien\/wir-suchen-interessante-standorte-und-immobilien\/expansion-bei-rewe\/#breadcrumb\",\"itemListElement\":[{\"@type\":\"ListItem\",\"position\":1,\"name\":\"\u00dcber das Unternehmen\",\"item\":\"https:\/\/www.rewe-group.com\/de\/unternehmen\/\"},{\"@type\":\"ListItem\",\"position\":2,\"name\":\"Expansion und Immobilien\",\"item\":\"https:\/\/www.rewe-group.com\/de\/unternehmen\/expansion-und-immobilien\/\"},{\"@type\":\"ListItem\",\"position\":3,\"name\":\"Wir suchen: interessante Standorte und Immobilien\",\"item\":\"https:\/\/www.rewe-group.com\/de\/unternehmen\/expansion-und-immobilien\/wir-suchen-interessante-standorte-und-immobilien\/\"},{\"@type\":\"ListItem\",\"position\":4,\"name\":\"Expansion bei REWE\"}]},{\"@type\":\"WebSite\",\"@id\":\"https:\/\/www.rewe-group.com\/de\/#website\",\"url\":\"https:\/\/www.rewe-group.com\/de\/\",\"name\":\"REWE Group\",\"description\":\"Die Website der REWE Group\",\"potentialAction\":[{\"@type\":\"SearchAction\",\"target\":{\"@type\":\"EntryPoint\",\"urlTemplate\":\"https:\/\/www.rewe-group.com\/de\/?s={search_term_string}\"},\"query-input\":{\"@type\":\"PropertyValueSpecification\",\"valueRequired\":true,\"valueName\":\"search_term_string\"}}],\"inLanguage\":\"de\"}]}<\/script>\n<!-- \/ Yoast SEO Premium plugin. -->","yoast_head_json":{"title":"Expansion bei REWE - REWE Group","description":"Hier erfahren Sie alles rund um die Expansion bei REWE, unserem flexiblen Vollsortiment an starken Standorten.","robots":{"index":"index","follow":"follow","max-snippet":"max-snippet:-1","max-image-preview":"max-image-preview:large","max-video-preview":"max-video-preview:-1"},"canonical":"https:\/\/www.rewe-group.com\/de\/unternehmen\/expansion-und-immobilien\/wir-suchen-interessante-standorte-und-immobilien\/expansion-bei-rewe\/","og_locale":"de_DE","og_type":"article","og_title":"Expansion bei REWE","og_description":"Hier erfahren Sie alles rund um die Expansion bei REWE, unserem flexiblen Vollsortiment an starken Standorten.","og_url":"https:\/\/www.rewe-group.com\/de\/unternehmen\/expansion-und-immobilien\/wir-suchen-interessante-standorte-und-immobilien\/expansion-bei-rewe\/","og_site_name":"REWE Group","article_modified_time":"2026-03-23T12:24:28+00:00","og_image":[{"width":2560,"height":1364,"url":"https:\/\/www.rewe-group.com\/content\/uploads\/2020\/12\/expansion-header-1-scaled.jpg?t=2026032312","type":"image\/jpeg"}],"twitter_card":"summary_large_image","twitter_misc":{"Gesch\u00e4tzte Lesezeit":"2\u00a0Minuten"},"schema":{"@context":"https:\/\/schema.org","@graph":[{"@type":"WebPage","@id":"https:\/\/www.rewe-group.com\/de\/unternehmen\/expansion-und-immobilien\/wir-suchen-interessante-standorte-und-immobilien\/expansion-bei-rewe\/","url":"https:\/\/www.rewe-group.com\/de\/unternehmen\/expansion-und-immobilien\/wir-suchen-interessante-standorte-und-immobilien\/expansion-bei-rewe\/","name":"Expansion bei REWE - REWE Group","isPartOf":{"@id":"https:\/\/www.rewe-group.com\/de\/#website"},"primaryImageOfPage":{"@id":"https:\/\/www.rewe-group.com\/de\/unternehmen\/expansion-und-immobilien\/wir-suchen-interessante-standorte-und-immobilien\/expansion-bei-rewe\/#primaryimage"},"image":{"@id":"https:\/\/www.rewe-group.com\/de\/unternehmen\/expansion-und-immobilien\/wir-suchen-interessante-standorte-und-immobilien\/expansion-bei-rewe\/#primaryimage"},"thumbnailUrl":"https:\/\/www.rewe-group.com\/content\/uploads\/2020\/12\/expansion-header-1-scaled.jpg?t=2026041607","datePublished":"2020-12-22T15:28:06+00:00","dateModified":"2026-03-23T12:24:28+00:00","description":"Hier erfahren Sie alles rund um die Expansion bei REWE, unserem flexiblen Vollsortiment an starken Standorten.","breadcrumb":{"@id":"https:\/\/www.rewe-group.com\/de\/unternehmen\/expansion-und-immobilien\/wir-suchen-interessante-standorte-und-immobilien\/expansion-bei-rewe\/#breadcrumb"},"inLanguage":"de","potentialAction":[{"@type":"ReadAction","target":["https:\/\/www.rewe-group.com\/de\/unternehmen\/expansion-und-immobilien\/wir-suchen-interessante-standorte-und-immobilien\/expansion-bei-rewe\/"]}]},{"@type":"ImageObject","inLanguage":"de","@id":"https:\/\/www.rewe-group.com\/de\/unternehmen\/expansion-und-immobilien\/wir-suchen-interessante-standorte-und-immobilien\/expansion-bei-rewe\/#primaryimage","url":"https:\/\/www.rewe-group.com\/content\/uploads\/2020\/12\/expansion-header-1-scaled.jpg?t=2026041607","contentUrl":"https:\/\/www.rewe-group.com\/content\/uploads\/2020\/12\/expansion-header-1-scaled.jpg?t=2026041607","width":2560,"height":1364,"caption":"Mit einem Umsatz von 18,4 Milliarden Euro (2016), rund 120.000 Mitarbeitern und weit \u00fcber 3.000 REWE M\u00e4rkten geh\u00f6rt die REWE Markt GmbH zu den f\u00fchrenden Unternehmen im deutschen Lebensmitteleinzelhandel. Die REWE M\u00e4rkte werden als Filialen oder durch selbst\u00e4ndige REWE Kaufleute betrieben."},{"@type":"BreadcrumbList","@id":"https:\/\/www.rewe-group.com\/de\/unternehmen\/expansion-und-immobilien\/wir-suchen-interessante-standorte-und-immobilien\/expansion-bei-rewe\/#breadcrumb","itemListElement":[{"@type":"ListItem","position":1,"name":"\u00dcber das Unternehmen","item":"https:\/\/www.rewe-group.com\/de\/unternehmen\/"},{"@type":"ListItem","position":2,"name":"Expansion und Immobilien","item":"https:\/\/www.rewe-group.com\/de\/unternehmen\/expansion-und-immobilien\/"},{"@type":"ListItem","position":3,"name":"Wir suchen: interessante Standorte und Immobilien","item":"https:\/\/www.rewe-group.com\/de\/unternehmen\/expansion-und-immobilien\/wir-suchen-interessante-standorte-und-immobilien\/"},{"@type":"ListItem","position":4,"name":"Expansion bei REWE"}]},{"@type":"WebSite","@id":"https:\/\/www.rewe-group.com\/de\/#website","url":"https:\/\/www.rewe-group.com\/de\/","name":"REWE Group","description":"Die Website der REWE Group","potentialAction":[{"@type":"SearchAction","target":{"@type":"EntryPoint","urlTemplate":"https:\/\/www.rewe-group.com\/de\/?s={search_term_string}"},"query-input":{"@type":"PropertyValueSpecification","valueRequired":true,"valueName":"search_term_string"}}],"inLanguage":"de"}]}},"_links":{"self":[{"href":"https:\/\/www.rewe-group.com\/de\/wp-json\/wp\/v2\/pages\/6189","targetHints":{"allow":["GET"]}}],"collection":[{"href":"https:\/\/www.rewe-group.com\/de\/wp-json\/wp\/v2\/pages"}],"about":[{"href":"https:\/\/www.rewe-group.com\/de\/wp-json\/wp\/v2\/types\/page"}],"author":[{"embeddable":true,"href":"https:\/\/www.rewe-group.com\/de\/wp-json\/wp\/v2\/users\/12"}],"replies":[{"embeddable":true,"href":"https:\/\/www.rewe-group.com\/de\/wp-json\/wp\/v2\/comments?post=6189"}],"version-history":[{"count":71,"href":"https:\/\/www.rewe-group.com\/de\/wp-json\/wp\/v2\/pages\/6189\/revisions"}],"predecessor-version":[{"id":47771,"href":"https:\/\/www.rewe-group.com\/de\/wp-json\/wp\/v2\/pages\/6189\/revisions\/47771"}],"up":[{"embeddable":true,"href":"https:\/\/www.rewe-group.com\/de\/wp-json\/wp\/v2\/pages\/3936"}],"wp:featuredmedia":[{"embeddable":true,"href":"https:\/\/www.rewe-group.com\/de\/wp-json\/wp\/v2\/media\/6190"}],"wp:attachment":[{"href":"https:\/\/www.rewe-group.com\/de\/wp-json\/wp\/v2\/media?parent=6189"}],"wp:term":[{"taxonomy":"category","embeddable":true,"href":"https:\/\/www.rewe-group.com\/de\/wp-json\/wp\/v2\/categories?post=6189"},{"taxonomy":"post_tag","embeddable":true,"href":"https:\/\/www.rewe-group.com\/de\/wp-json\/wp\/v2\/tags?post=6189"}],"curies":[{"name":"wp","href":"https:\/\/api.w.org\/{rel}","templated":true}]}}