{"id":5508,"date":"2020-12-21T14:49:01","date_gmt":"2020-12-21T13:49:01","guid":{"rendered":"https:\/\/www.rewe-group.com\/?page_id=5508"},"modified":"2024-05-06T16:58:39","modified_gmt":"2024-05-06T14:58:39","slug":"anfahrt","status":"publish","type":"page","link":"https:\/\/www.rewe-group.com\/de\/kontakt\/anfahrt\/","title":{"rendered":"Anfahrt zu unseren Standorten"},"content":{"rendered":"\n<div class=\"wp-block-myblocks-template-root template-root\">\n<div class=\"wp-block-myblocks-section block-section section-bg-white\">\n<div class=\"wp-block-myblocks-row-full-single row-full-single my-row-block row-full\"><div class=\"myblock-wrapper block-my-text-teaser-gallery\" data-module-name=\"Teaser Contentmodul\"><div class=\"text-tasers-wrapper\">\n            <div class=\"text-taser-slider\">\n    <div class=\"text-taser-slider__slider\">\n        <ul class=\"rwgs__inner\">\n                                            <li>\n                    \n    <div\n    class=\"text-teaser bg-color bg-color__red dark-bg-section\"  data-module-name=\".teaser-contentmodul\">\n        <div class=\"text-teaser__inner reweg-teaser-main\">\n        <h2 class=\"text-teaser__title smaller\">REWE-Zentralorganisationen (RZO) <\/h2>\n                    <div class=\"text-teaser__text entry-content\">\n                <p>REWE-Zentralorganisationen<br \/>\nDomstra\u00dfe 20<br \/>\n50668 K\u00f6ln<\/p>\n            <\/div>\n        \n        \n                    <ul class=\"text-teaser__links\">\n                                                                                                                                                                                                                        <li>\n                                <a\n    class=\"arrow-link\"\n    href=\"https:\/\/www.google.com\/maps\/dir\/\/Domstra%C3%9Fe+20,+50668+K%C3%B6ln\/@50.9457143,6.8890615,12z\/data=!4m8!4m7!1m0!1m5!1m1!1s0x47bf25bb536de461:0x33e5cc49b0d46685!2m2!1d6.9591011!2d50.9457352\"\n        target=\"_blank\" rel=\"noopener noreferrer\">\n    Route hierhin<\/a>\n                            <\/li>\n                                                                        <\/ul>\n            <\/div>\n<\/div>                <\/li>\n                    <\/ul>\n    <\/div>\n<\/div>    <\/div>\n<\/div><\/div>\n<\/div>\n\n\n\n<div class=\"wp-block-myblocks-section block-section section-bg-white\">\n<div class=\"wp-block-myblocks-row-full-single row-full-single my-row-block row-full\"><div class=\"myblock-wrapper block-my-text-teaser-gallery\" data-module-name=\"Teaser Contentmodul\"><div class=\"text-tasers-wrapper\">\n            <div class=\"text-taser-slider\">\n    <div class=\"text-taser-slider__slider\">\n        <ul class=\"rwgs__inner\">\n                                            <li>\n                    \n    <div\n    class=\"text-teaser bg-color bg-color__dark dark-bg-section\"  data-module-name=\".teaser-contentmodul\">\n        <div class=\"text-teaser__inner reweg-teaser-main\">\n        <h2 class=\"text-teaser__title smaller\">Standorte der REWE Group (Stolbergerstra\u00dfe)<\/h2>\n                    <div class=\"text-teaser__text entry-content\">\n                <div>\n<p>REWE Markt GmbH<br \/>\nNationale Verwaltung<br \/>\nStolbergerstra\u00dfe\u00a076-78<br \/>\n50933\u00a0K\u00f6ln<\/p>\n<p><a class=\"assetboard rgi_arrow_link\" title=\"ROUTE HIERHIN\" href=\"https:\/\/www.google.com\/maps?daddr=Stolbergerstra\u00dfe+76-78+50933+K\u00f6ln\" target=\"_blank\" rel=\"noopener\" data-assetboard=\"link\/first-level-links\"> Route hierhin<\/a><\/p>\n<\/div>\n<div>PENNY Markt GmbH<br \/>\nNationale Verwaltung<br \/>\nStolbergerstra\u00dfe 76-78<br \/>\n50933 K\u00f6ln<br \/>\n<a class=\"assetboard rgi_arrow_link\" title=\"ROUTE HIERHIN\" href=\"https:\/\/www.google.com\/maps?daddr=Stolbergerstra\u00dfe+76-78+50933+K\u00f6ln\" target=\"_blank\" rel=\"noopener\" data-assetboard=\"link\/first-level-links\">Route hierhin<\/a><\/div>\n<div>Logistik National<br \/>\nStolbergerstra\u00dfe 76-78<br \/>\n50933 K\u00f6ln<br \/>\n<a class=\"assetboard rgi_arrow_link\" title=\"ROUTE HIERHIN\" href=\"https:\/\/www.google.com\/maps?daddr=Stolbergerstra\u00dfe+76-78+50933+K\u00f6ln\" target=\"_blank\" rel=\"noopener\" data-assetboard=\"link\/first-level-links\">Route hierhin<\/a><\/div>\n<div>Key Account Management<br \/>\nStolbergerstra\u00dfe 90<br \/>\n50933 K\u00f6ln<br \/>\n<a class=\"assetboard rgi_arrow_link\" title=\"ROUTE HIERHIN\" href=\"https:\/\/www.google.com\/maps?daddr=Stolbergerstra\u00dfe+90+50933+K\u00f6ln\" target=\"_blank\" rel=\"noopener\" data-assetboard=\"link\/first-level-links\">Route hierhin<\/a><\/div>\n<div>K\u00f6lner Weinkeller<br \/>\nStolbergerstra\u00dfe 92<br \/>\n50933 K\u00f6ln<br \/>\n<a class=\"assetboard rgi_arrow_link\" title=\"ROUTE HIERHIN\" href=\"https:\/\/www.google.com\/maps?daddr=Stolbergerstra\u00dfe+92+50933+K\u00f6ln\" target=\"_blank\" rel=\"noopener\" data-assetboard=\"link\/first-level-links\">Route hierhin<\/a><\/div>\n            <\/div>\n        \n        \n                    <ul class=\"text-teaser__links\">\n                                                                                                                                    <\/ul>\n            <\/div>\n<\/div>                <\/li>\n                    <\/ul>\n    <\/div>\n<\/div>    <\/div>\n<\/div><\/div>\n<\/div>\n\n\n\n<div class=\"wp-block-myblocks-section block-section section-bg-white\">\n<div class=\"wp-block-myblocks-row-full-single row-full-single my-row-block row-full\"><div class=\"myblock-wrapper block-my-text-teaser-gallery\" data-module-name=\"Teaser Contentmodul\"><div class=\"text-tasers-wrapper\">\n            <div class=\"text-taser-slider\">\n    <div class=\"text-taser-slider__slider\">\n        <ul class=\"rwgs__inner\">\n                                            <li>\n                    \n    <div\n    class=\"text-teaser bg-color bg-color__light-gradient\"  data-module-name=\".teaser-contentmodul\">\n        <div class=\"text-teaser__inner reweg-teaser-main\">\n        <h2 class=\"text-teaser__title smaller\">Standorte der REWE Group (K\u00f6ln Porz-Eil)<\/h2>\n                    <div class=\"text-teaser__text entry-content\">\n                <div>\n<p>Toom Baumarkt GmbH<br \/>\nHumboldtstra\u00dfe 140 (Haupteingang)<br \/>\n51149 K\u00f6ln<br \/>\n<a class=\"assetboard rgi_arrow_link\" title=\"ROUTE HIERHIN\" href=\"https:\/\/www.google.com\/maps?daddr=Humboldtstra\u00dfe+140+51149+K\u00f6ln\" target=\"_blank\" rel=\"noopener\" data-assetboard=\"link\/first-level-links\">Route hierhin<\/a><\/p>\n<\/div>\n<div>DERTOUR Group K\u00f6ln<br \/>\nHumboldtstra\u00dfe 140 (Haupteingang)<br \/>\n51149 K\u00f6ln<br \/>\n<a class=\"assetboard rgi_arrow_link\" title=\"ROUTE HIERHIN\" href=\"https:\/\/www.google.com\/maps?daddr=Humboldtstra\u00dfe+140+51149+K\u00f6ln\" target=\"_blank\" rel=\"noopener\" data-assetboard=\"link\/first-level-links\">Route hierhin<\/a><\/div>\n            <\/div>\n        \n        \n                    <ul class=\"text-teaser__links\">\n                                                                                                                                    <\/ul>\n            <\/div>\n<\/div>                <\/li>\n                    <\/ul>\n    <\/div>\n<\/div>    <\/div>\n<\/div><\/div>\n<\/div>\n\n\n\n<div class=\"wp-block-myblocks-section block-section section-bg-white\">\n<div class=\"wp-block-myblocks-row-full-single row-full-single my-row-block row-full\"><div class=\"myblock-wrapper block-my-text-teaser-gallery\" data-module-name=\"Teaser Contentmodul\"><div class=\"text-tasers-wrapper\">\n            <div class=\"text-taser-slider\">\n    <div class=\"text-taser-slider__slider\">\n        <ul class=\"rwgs__inner\">\n                                            <li>\n                    \n    <div\n    class=\"text-teaser bg-color bg-color__white\"  data-module-name=\".teaser-contentmodul\">\n        <div class=\"text-teaser__inner reweg-teaser-main\">\n        <h2 class=\"text-teaser__title smaller\">REWE Digital<\/h2>\n                    <div class=\"text-teaser__text entry-content\">\n                <p>REWE Digital GmbH<br \/>\nSchanzenstra\u00dfe 6-20<br \/>\n51063 K\u00f6ln<\/p>\n            <\/div>\n        \n        \n                    <ul class=\"text-teaser__links\">\n                                                                                                                                                                                                                        <li>\n                                <a\n    class=\"arrow-link\"\n    href=\"https:\/\/www.google.com\/maps\/dir\/\/Schanzenstra%C3%9Fe+6-20,+51063+K%C3%B6ln\/@50.9664151,6.9399096,12z\/data=!4m8!4m7!1m0!1m5!1m1!1s0x47bf26017ef05e9f:0xabe0a41b1eba06e1!2m2!1d7.0099492!2d50.966436\"\n        target=\"_blank\" rel=\"noopener noreferrer\">\n    Route hierhin<\/a>\n                            <\/li>\n                                                                        <\/ul>\n            <\/div>\n<\/div>                <\/li>\n                    <\/ul>\n    <\/div>\n<\/div>    <\/div>\n<\/div><\/div>\n<\/div>\n\n\n\n<div class=\"wp-block-myblocks-section block-section section-bg-white\">\n<div class=\"wp-block-myblocks-row-full-single row-full-single my-row-block row-full\"><div class=\"myblock-wrapper block-my-text-teaser-gallery\" data-module-name=\"Teaser Contentmodul\"><div class=\"text-tasers-wrapper\">\n            <div class=\"text-taser-slider\">\n    <div class=\"text-taser-slider__slider\">\n        <ul class=\"rwgs__inner\">\n                                            <li>\n                    \n    <div\n    class=\"text-teaser bg-color bg-color__dark dark-bg-section\"  data-module-name=\".teaser-contentmodul\">\n        <div class=\"text-teaser__inner reweg-teaser-main\">\n        <h2 class=\"text-teaser__title smaller\">REWE-Zentral AG (K\u00f6ln-Efferen)<\/h2>\n                    <div class=\"text-teaser__text entry-content\">\n                <p>Niederlassung West<br \/>\nRewestra\u00dfe 8<br \/>\n50354 H\u00fcrth-Efferen<\/p>\n            <\/div>\n        \n        \n                    <ul class=\"text-teaser__links\">\n                                                                                                                                                                                                                        <li>\n                                <a\n    class=\"arrow-link\"\n    href=\"https:\/\/www.google.com\/maps\/dir\/\/Rewestra%C3%9Fe+8,+50354+H%C3%BCrth\/@50.9014328,6.8937646,16z\/data=!4m8!4m7!1m0!1m5!1m1!1s0x47bf24a521f7fa13:0x698718b6c9d99e99!2m2!1d6.898142!2d50.9014329\"\n        target=\"_blank\" rel=\"noopener noreferrer\">\n    Route hierhin<\/a>\n                            <\/li>\n                                                                        <\/ul>\n            <\/div>\n<\/div>                <\/li>\n                    <\/ul>\n    <\/div>\n<\/div>    <\/div>\n<\/div><\/div>\n<\/div>\n\n\n\n<div class=\"wp-block-myblocks-section block-section section-bg-white section-padding-top section-padding-bottom\">\n<div class=\"wp-block-myblocks-row-full-2columns row-full-2columns my-row-block row-full\">\n<div class=\"wp-block-myblocks-row-full-2columns-cell row-cell row-full-2columns-cell my-cell-block\"><div class=\"myblock-wrapper block-my-page-teaser block-ingrid\" data-module-name=\"Teaser Page\">\n<div class=\"page-teaser__wrapper\">\n    <a\n        class=\"page-teaser medium red has-post\"\n        href=\"https:\/\/www.rewe-group.com\/de\/kontakt\/anfahrt\/\"\n        style=\"\"\n        data-tracking=\"{&quot;event&quot;:&quot;click_teaser&quot;,&quot;link_url&quot;:&quot;https:\\\/\\\/www.rewe-group.com\\\/de\\\/kontakt\\\/anfahrt\\\/&quot;,&quot;element_name&quot;:&quot;Anfahrt zu unseren Standorten in K\\u00f6ln&quot;,&quot;modul_name&quot;:&quot;.teaser-page&quot;}\"        target=\"_self\"    >\n                <div class=\"page-teaser__overlay red\"><\/div>\n                <h2 class=\"page-teaser__title\">Anfahrt zu unseren Standorten in K\u00f6ln<\/h2>        <div class=\"bottom\">\n                        <div class=\"link\">\n                <span class=\"arrow-link\">Zur Bereichsseite<\/span>\n            <\/div>\n        <\/div>\n    <\/a>\n<\/div>\n<\/div><\/div>\n\n\n\n<div class=\"wp-block-myblocks-row-full-2columns-cell row-cell row-full-2columns-cell my-cell-block\"><div class=\"myblock-wrapper block-my-page-teaser block-ingrid\" data-module-name=\"Teaser Page\">\n<div class=\"page-teaser__wrapper\">\n    <a\n        class=\"page-teaser medium bg-image has-post\"\n        href=\"https:\/\/www.rewe-group.com\/de\/unternehmen\/\"\n        style=\"\"\n        data-tracking=\"{&quot;event&quot;:&quot;click_teaser&quot;,&quot;link_url&quot;:&quot;https:\\\/\\\/www.rewe-group.com\\\/de\\\/unternehmen\\\/&quot;,&quot;element_name&quot;:&quot;Teil Ihrer Welt&quot;,&quot;modul_name&quot;:&quot;.teaser-page&quot;}\"        target=\"_self\"    >\n                                <div class=\"page-teaser__background-wrapper\">\n                <div class=\"focused-image-container\">\n                    <img decoding=\"async\"\n                        class=\"focused-image\"\n                        data-focus-x=\"-0.03\"\n                        data-focus-y=\"0.14\"\n                        src=\"https:\/\/www.rewe-group.com\/content\/uploads\/2020\/12\/rewe-group-headquarter-ueber-das-unternehmen-1024x555.jpg\"\n                        alt=\"REWE Group Au\u00dfenansicht\"\n                        loading=\"lazy\"\n                         data-copyright=\"REWE Group Au\u00dfenansicht \u00a9 REWE Group\"                    >\n                <\/div>\n            <\/div>\n                <div class=\"page-teaser__overlay bg-image\"><\/div>\n                <h2 class=\"page-teaser__title\">Teil Ihrer Welt<\/h2>        <div class=\"bottom\">\n                        <div class=\"link\">\n                <span class=\"arrow-link\">\u00dcber das Unternehmen<\/span>\n            <\/div>\n        <\/div>\n    <\/a>\n<\/div>\n<\/div><\/div>\n<\/div>\n\n\n\n<div class=\"wp-block-myblocks-row-full-single row-full-single my-row-block row-full\"><div class=\"myblock-wrapper block-my-tagcloud\" data-module-name=\"Tagcloud\"><div class=\"tagcloud-block half-row-cell-inner\">\n    <div class=\"tagcloud-block__inner margin-row-inner\">\n                    <div class=\"tagcloud-block__header\">\n                <h2 class=\"tagcloud-block__title\">Was uns besch\u00e4ftigt:<\/h2>                            <\/div>\n\n            <div class=\"tagcloud-block__main\">\n                <ul class=\"tag-list\">\n            <li class=\"tag-list__item\">\n        <a href=\"https:\/\/www.rewe-group.com\/de\/themen\/menschenrechte\/\" class=\"btn-keyword medium\" data-count=\"67\">Menschenrechte<\/a>        <\/li>\n            <li class=\"tag-list__item\">\n        <a href=\"https:\/\/www.rewe-group.com\/de\/themen\/lieferkette\/\" class=\"btn-keyword medium\" data-count=\"108\">Lieferkette<\/a>        <\/li>\n            <li class=\"tag-list__item\">\n        <a href=\"https:\/\/www.rewe-group.com\/de\/themen\/genossenschaft\/\" class=\"btn-keyword medium\" data-count=\"50\">Genossenschaft<\/a>        <\/li>\n            <li class=\"tag-list__item\">\n        <a href=\"https:\/\/www.rewe-group.com\/de\/themen\/geschaeftsentwicklung\/\" class=\"btn-keyword medium\" data-count=\"81\">Gesch\u00e4ftsentwicklung<\/a>        <\/li>\n            <li class=\"tag-list__item\">\n        <a href=\"https:\/\/www.rewe-group.com\/de\/themen\/tierwohl\/\" class=\"btn-keyword medium\" data-count=\"49\">Tierwohl<\/a>        <\/li>\n            <li class=\"tag-list__item\">\n        <a href=\"https:\/\/www.rewe-group.com\/de\/themen\/innovation\/\" class=\"btn-keyword medium\" data-count=\"71\">Innovation<\/a>        <\/li>\n            <li class=\"tag-list__item\">\n        <a href=\"https:\/\/www.rewe-group.com\/de\/themen\/digitalisierung\/\" class=\"btn-keyword medium\" data-count=\"72\">Digitalisierung<\/a>        <\/li>\n            <li class=\"tag-list__item\">\n        <a href=\"https:\/\/www.rewe-group.com\/de\/themen\/maerkte\/\" class=\"btn-keyword medium\" data-count=\"131\">M\u00e4rkte<\/a>        <\/li>\n            <li class=\"tag-list__item\">\n        <a href=\"https:\/\/www.rewe-group.com\/de\/themen\/touristik\/\" class=\"btn-keyword medium\" data-count=\"67\">Touristik<\/a>        <\/li>\n            <li class=\"tag-list__item\">\n        <a href=\"https:\/\/www.rewe-group.com\/de\/themen\/artenschutz\/\" class=\"btn-keyword medium\" data-count=\"30\">Artenschutz<\/a>        <\/li>\n    <\/ul>\n            <\/div>\n\n                        <\/div>\n<\/div>\n<\/div><\/div>\n<\/div>\n<\/div>\n","protected":false},"excerpt":{"rendered":"<p>M\u00f6chten Sie uns pers\u00f6nlich an unseren Standorten in K\u00f6ln besuchen? Dann erhalten Sie hier unsere Anfahrtsbeschreibungen.<\/p>\n","protected":false},"author":10,"featured_media":26678,"parent":33208,"menu_order":102,"comment_status":"closed","ping_status":"closed","template":"","meta":{"_acf_changed":false,"_relevanssi_hide_post":"","_relevanssi_hide_content":"","_relevanssi_pin_for_all":"","_relevanssi_pin_keywords":"","_relevanssi_unpin_keywords":"","_relevanssi_related_keywords":"","_relevanssi_related_include_ids":"","_relevanssi_related_exclude_ids":"","_relevanssi_related_no_append":"","_relevanssi_related_not_related":"","_relevanssi_related_posts":"","_relevanssi_noindex_reason":"","footnotes":""},"categories":[],"tags":[],"class_list":["post-5508","page","type-page","status-publish","has-post-thumbnail","hentry"],"acf":[],"yoast_head":"<!-- This site is optimized with the Yoast SEO Premium plugin v27.5 (Yoast SEO v27.5) - https:\/\/yoast.com\/product\/yoast-seo-premium-wordpress\/ -->\n<title>Anfahrt zu unseren Standorten - REWE Group<\/title>\n<meta name=\"description\" content=\"M\u00f6chten Sie uns an unseren Standorten in K\u00f6ln besuchen? Dann erhalten Sie hier unsere Anfahrtsbeschreibungen zu den verschiedenen Standorten.\" \/>\n<meta name=\"robots\" content=\"index, follow, max-snippet:-1, max-image-preview:large, max-video-preview:-1\" \/>\n<link rel=\"canonical\" href=\"https:\/\/www.rewe-group.com\/de\/kontakt\/anfahrt\/\" \/>\n<meta property=\"og:locale\" content=\"de_DE\" \/>\n<meta property=\"og:type\" content=\"article\" \/>\n<meta property=\"og:title\" content=\"Anfahrt zu unseren Standorten\" \/>\n<meta property=\"og:description\" content=\"M\u00f6chten Sie uns an unseren Standorten in K\u00f6ln besuchen? Dann erhalten Sie hier unsere Anfahrtsbeschreibungen zu den verschiedenen Standorten.\" \/>\n<meta property=\"og:url\" content=\"https:\/\/www.rewe-group.com\/de\/kontakt\/anfahrt\/\" \/>\n<meta property=\"og:site_name\" content=\"REWE Group\" \/>\n<meta property=\"article:modified_time\" content=\"2024-05-06T14:58:39+00:00\" \/>\n<meta property=\"og:image\" content=\"https:\/\/www.rewe-group.com\/content\/uploads\/2022\/10\/rewe-group-standort-domstrasse-scaled.jpg?t=2024050602\" \/>\n\t<meta property=\"og:image:width\" content=\"2560\" \/>\n\t<meta property=\"og:image:height\" content=\"1350\" \/>\n\t<meta property=\"og:image:type\" content=\"image\/jpeg\" \/>\n<meta name=\"twitter:card\" content=\"summary_large_image\" \/>\n<script type=\"application\/ld+json\" class=\"yoast-schema-graph\">{\"@context\":\"https:\\\/\\\/schema.org\",\"@graph\":[{\"@type\":\"WebPage\",\"@id\":\"https:\\\/\\\/www.rewe-group.com\\\/de\\\/kontakt\\\/anfahrt\\\/\",\"url\":\"https:\\\/\\\/www.rewe-group.com\\\/de\\\/kontakt\\\/anfahrt\\\/\",\"name\":\"Anfahrt zu unseren Standorten - REWE Group\",\"isPartOf\":{\"@id\":\"https:\\\/\\\/www.rewe-group.com\\\/de\\\/#website\"},\"primaryImageOfPage\":{\"@id\":\"https:\\\/\\\/www.rewe-group.com\\\/de\\\/kontakt\\\/anfahrt\\\/#primaryimage\"},\"image\":{\"@id\":\"https:\\\/\\\/www.rewe-group.com\\\/de\\\/kontakt\\\/anfahrt\\\/#primaryimage\"},\"thumbnailUrl\":\"https:\\\/\\\/www.rewe-group.com\\\/content\\\/uploads\\\/2022\\\/10\\\/rewe-group-standort-domstrasse-scaled.jpg?t=2026042902\",\"datePublished\":\"2020-12-21T13:49:01+00:00\",\"dateModified\":\"2024-05-06T14:58:39+00:00\",\"description\":\"M\u00f6chten Sie uns an unseren Standorten in K\u00f6ln besuchen? Dann erhalten Sie hier unsere Anfahrtsbeschreibungen zu den verschiedenen Standorten.\",\"breadcrumb\":{\"@id\":\"https:\\\/\\\/www.rewe-group.com\\\/de\\\/kontakt\\\/anfahrt\\\/#breadcrumb\"},\"inLanguage\":\"de\",\"potentialAction\":[{\"@type\":\"ReadAction\",\"target\":[\"https:\\\/\\\/www.rewe-group.com\\\/de\\\/kontakt\\\/anfahrt\\\/\"]}]},{\"@type\":\"ImageObject\",\"inLanguage\":\"de\",\"@id\":\"https:\\\/\\\/www.rewe-group.com\\\/de\\\/kontakt\\\/anfahrt\\\/#primaryimage\",\"url\":\"https:\\\/\\\/www.rewe-group.com\\\/content\\\/uploads\\\/2022\\\/10\\\/rewe-group-standort-domstrasse-scaled.jpg?t=2026042902\",\"contentUrl\":\"https:\\\/\\\/www.rewe-group.com\\\/content\\\/uploads\\\/2022\\\/10\\\/rewe-group-standort-domstrasse-scaled.jpg?t=2026042902\",\"width\":2560,\"height\":1350,\"caption\":\"M\u00f6chten Sie uns pers\u00f6nlich an unseren Standorten in K\u00f6ln besuchen? Dann erhalten Sie hier unsere Anfahrtsbeschreibungen.\"},{\"@type\":\"BreadcrumbList\",\"@id\":\"https:\\\/\\\/www.rewe-group.com\\\/de\\\/kontakt\\\/anfahrt\\\/#breadcrumb\",\"itemListElement\":[{\"@type\":\"ListItem\",\"position\":1,\"name\":\"Kontakt\",\"item\":\"https:\\\/\\\/www.rewe-group.com\\\/de\\\/kontakt\\\/\"},{\"@type\":\"ListItem\",\"position\":2,\"name\":\"Anfahrt zu unseren Standorten\"}]},{\"@type\":\"WebSite\",\"@id\":\"https:\\\/\\\/www.rewe-group.com\\\/de\\\/#website\",\"url\":\"https:\\\/\\\/www.rewe-group.com\\\/de\\\/\",\"name\":\"REWE Group\",\"description\":\"Die Website der REWE Group\",\"potentialAction\":[{\"@type\":\"SearchAction\",\"target\":{\"@type\":\"EntryPoint\",\"urlTemplate\":\"https:\\\/\\\/www.rewe-group.com\\\/de\\\/?s={search_term_string}\"},\"query-input\":{\"@type\":\"PropertyValueSpecification\",\"valueRequired\":true,\"valueName\":\"search_term_string\"}}],\"inLanguage\":\"de\"}]}<\/script>\n<!-- \/ Yoast SEO Premium plugin. -->","yoast_head_json":{"title":"Anfahrt zu unseren Standorten - REWE Group","description":"M\u00f6chten Sie uns an unseren Standorten in K\u00f6ln besuchen? Dann erhalten Sie hier unsere Anfahrtsbeschreibungen zu den verschiedenen Standorten.","robots":{"index":"index","follow":"follow","max-snippet":"max-snippet:-1","max-image-preview":"max-image-preview:large","max-video-preview":"max-video-preview:-1"},"canonical":"https:\/\/www.rewe-group.com\/de\/kontakt\/anfahrt\/","og_locale":"de_DE","og_type":"article","og_title":"Anfahrt zu unseren Standorten","og_description":"M\u00f6chten Sie uns an unseren Standorten in K\u00f6ln besuchen? Dann erhalten Sie hier unsere Anfahrtsbeschreibungen zu den verschiedenen Standorten.","og_url":"https:\/\/www.rewe-group.com\/de\/kontakt\/anfahrt\/","og_site_name":"REWE Group","article_modified_time":"2024-05-06T14:58:39+00:00","og_image":[{"width":2560,"height":1350,"url":"https:\/\/www.rewe-group.com\/content\/uploads\/2022\/10\/rewe-group-standort-domstrasse-scaled.jpg?t=2024050602","type":"image\/jpeg"}],"twitter_card":"summary_large_image","schema":{"@context":"https:\/\/schema.org","@graph":[{"@type":"WebPage","@id":"https:\/\/www.rewe-group.com\/de\/kontakt\/anfahrt\/","url":"https:\/\/www.rewe-group.com\/de\/kontakt\/anfahrt\/","name":"Anfahrt zu unseren Standorten - REWE Group","isPartOf":{"@id":"https:\/\/www.rewe-group.com\/de\/#website"},"primaryImageOfPage":{"@id":"https:\/\/www.rewe-group.com\/de\/kontakt\/anfahrt\/#primaryimage"},"image":{"@id":"https:\/\/www.rewe-group.com\/de\/kontakt\/anfahrt\/#primaryimage"},"thumbnailUrl":"https:\/\/www.rewe-group.com\/content\/uploads\/2022\/10\/rewe-group-standort-domstrasse-scaled.jpg?t=2026042902","datePublished":"2020-12-21T13:49:01+00:00","dateModified":"2024-05-06T14:58:39+00:00","description":"M\u00f6chten Sie uns an unseren Standorten in K\u00f6ln besuchen? Dann erhalten Sie hier unsere Anfahrtsbeschreibungen zu den verschiedenen Standorten.","breadcrumb":{"@id":"https:\/\/www.rewe-group.com\/de\/kontakt\/anfahrt\/#breadcrumb"},"inLanguage":"de","potentialAction":[{"@type":"ReadAction","target":["https:\/\/www.rewe-group.com\/de\/kontakt\/anfahrt\/"]}]},{"@type":"ImageObject","inLanguage":"de","@id":"https:\/\/www.rewe-group.com\/de\/kontakt\/anfahrt\/#primaryimage","url":"https:\/\/www.rewe-group.com\/content\/uploads\/2022\/10\/rewe-group-standort-domstrasse-scaled.jpg?t=2026042902","contentUrl":"https:\/\/www.rewe-group.com\/content\/uploads\/2022\/10\/rewe-group-standort-domstrasse-scaled.jpg?t=2026042902","width":2560,"height":1350,"caption":"M\u00f6chten Sie uns pers\u00f6nlich an unseren Standorten in K\u00f6ln besuchen? Dann erhalten Sie hier unsere Anfahrtsbeschreibungen."},{"@type":"BreadcrumbList","@id":"https:\/\/www.rewe-group.com\/de\/kontakt\/anfahrt\/#breadcrumb","itemListElement":[{"@type":"ListItem","position":1,"name":"Kontakt","item":"https:\/\/www.rewe-group.com\/de\/kontakt\/"},{"@type":"ListItem","position":2,"name":"Anfahrt zu unseren Standorten"}]},{"@type":"WebSite","@id":"https:\/\/www.rewe-group.com\/de\/#website","url":"https:\/\/www.rewe-group.com\/de\/","name":"REWE Group","description":"Die Website der REWE Group","potentialAction":[{"@type":"SearchAction","target":{"@type":"EntryPoint","urlTemplate":"https:\/\/www.rewe-group.com\/de\/?s={search_term_string}"},"query-input":{"@type":"PropertyValueSpecification","valueRequired":true,"valueName":"search_term_string"}}],"inLanguage":"de"}]}},"_links":{"self":[{"href":"https:\/\/www.rewe-group.com\/de\/wp-json\/wp\/v2\/pages\/5508","targetHints":{"allow":["GET"]}}],"collection":[{"href":"https:\/\/www.rewe-group.com\/de\/wp-json\/wp\/v2\/pages"}],"about":[{"href":"https:\/\/www.rewe-group.com\/de\/wp-json\/wp\/v2\/types\/page"}],"author":[{"embeddable":true,"href":"https:\/\/www.rewe-group.com\/de\/wp-json\/wp\/v2\/users\/10"}],"replies":[{"embeddable":true,"href":"https:\/\/www.rewe-group.com\/de\/wp-json\/wp\/v2\/comments?post=5508"}],"version-history":[{"count":111,"href":"https:\/\/www.rewe-group.com\/de\/wp-json\/wp\/v2\/pages\/5508\/revisions"}],"predecessor-version":[{"id":36143,"href":"https:\/\/www.rewe-group.com\/de\/wp-json\/wp\/v2\/pages\/5508\/revisions\/36143"}],"up":[{"embeddable":true,"href":"https:\/\/www.rewe-group.com\/de\/wp-json\/wp\/v2\/pages\/33208"}],"wp:featuredmedia":[{"embeddable":true,"href":"https:\/\/www.rewe-group.com\/de\/wp-json\/wp\/v2\/media\/26678"}],"wp:attachment":[{"href":"https:\/\/www.rewe-group.com\/de\/wp-json\/wp\/v2\/media?parent=5508"}],"wp:term":[{"taxonomy":"category","embeddable":true,"href":"https:\/\/www.rewe-group.com\/de\/wp-json\/wp\/v2\/categories?post=5508"},{"taxonomy":"post_tag","embeddable":true,"href":"https:\/\/www.rewe-group.com\/de\/wp-json\/wp\/v2\/tags?post=5508"}],"curies":[{"name":"wp","href":"https:\/\/api.w.org\/{rel}","templated":true}]}}