{"id":43954,"date":"2025-05-22T13:59:14","date_gmt":"2025-05-22T11:59:14","guid":{"rendered":"https:\/\/www.rewe-group.com\/de\/?page_id=43954"},"modified":"2025-06-16T08:02:05","modified_gmt":"2025-06-16T06:02:05","slug":"bericht-des-aufsichtsrates-2024","status":"publish","type":"page","link":"https:\/\/www.rewe-group.com\/de\/geschaeftsbericht-rewe-group-2024\/bericht-des-aufsichtsrates-2024\/","title":{"rendered":"Bericht des Aufsichtsrates 2024"},"content":{"rendered":"\n<div class=\"wp-block-myblocks-template-root template-root\">\n<div class=\"wp-block-myblocks-section block-section section-bg-white section-padding-bottom\">\n<div class=\"wp-block-myblocks-row-margin-aside row-margin-aside my-row-block row-margin\">\n<div class=\"wp-block-myblocks-row-margin-aside-cell-aside row-cell row-margin-aside-cell-aside my-cell-block\"><div class=\"myblock-wrapper block-my-nl-icon-teaser\" data-module-name=\"Teaser Newsletter Icon\"><div class=\"myblock-wrapper\">\n    <a\n        class=\"twitter-icon-teaser nl-icon-teaser\"\n        href=\"https:\/\/www.rewe-group.com\/de\/presse-und-medien\/newsletter\/\"\n        target=\"_blank\" rel=\"noopener noreferrer\"        data-module-name=\".teaser-nl-icon\"\n    >\n        <div class=\"contents\">\n            <h2>Unseren Newsletter abonnieren<\/h2>\n            <div class=\"entry-content\"><p>Melden Sie sich hier f\u00fcr den REWE Group Newsletter an und erhalten Sie aktuelle Informationen rund um die REWE Group.<\/p>\n<\/div>\n            <div class=\"link\">\n                <span class=\"arrow-link btn-white\">Zur Anmeldung<\/span>\n            <\/div>\n        <\/div>\n        <div class=\"icon\">\n            <div class=\"illustration\"><\/div>\n        <\/div>\n    <\/a>\n<\/div>\n<\/div><\/div>\n\n\n\n<div class=\"wp-block-myblocks-row-margin-aside-cell-main row-cell row-margin-aside-cell-main my-cell-block\"><div class=\"myblock-wrapper block-my-text-block block-ingrid\" data-module-name=\"Headline Copy Link\">    <div class=\"textblock margin-row-inner\">\n        <div class=\"entry-content\">\n            <h2 class=\"smaller\">Bericht des Aufsichtsrates der REWE-ZENTRALFINANZ eG, K\u00f6ln,   f\u00fcr das Gesch\u00e4ftsjahr 2024 <\/h2>\n            <p><span data-contrast=\"auto\">Im abgelaufenen Gesch\u00e4ftsjahr 2024 hat der Aufsichtsrat die ihm nach Gesetz, Satzung und Gesch\u00e4ftsordnung obliegenden Aufgaben wahrgenommen und den Vorstand bei der Leitung der Genossenschaft und des Konzerns regelm\u00e4\u00dfig beraten und seine T\u00e4tigkeit sorgf\u00e4ltig und kontinuierlich \u00fcberwacht.<\/span><span data-ccp-props=\"{&quot;201341983&quot;:0,&quot;335551550&quot;:6,&quot;335551620&quot;:6,&quot;335559740&quot;:360}\">\u00a0<\/span><\/p>\n<p><span data-contrast=\"auto\">Der Vorstand hat den Aufsichtsrat in den Aufsichtsratssitzungen und zwischen den Sitzungen durch schriftliche und m\u00fcndliche Berichte \u00fcber die Gesch\u00e4ftspolitik, alle relevanten Aspekte der Unternehmensplanung einschlie\u00dflich der Finanz-, Investitions- und Desinvestitionsplanung, den Gang der Gesch\u00e4fte, die wirtschaftliche Lage der Genossenschaft und des Konzerns, die Finanzlage sowie \u00fcber alle f\u00fcr den Konzern wichtigen Entscheidungen und Gesch\u00e4ftsvorg\u00e4nge regelm\u00e4\u00dfig und umfassend informiert.<\/span><span data-ccp-props=\"{&quot;201341983&quot;:0,&quot;335551550&quot;:6,&quot;335551620&quot;:6,&quot;335559740&quot;:360}\">\u00a0<\/span><\/p>\n<p><span data-contrast=\"auto\">In s\u00e4mtliche Entscheidungen, die f\u00fcr das Unternehmen von wesentlicher Bedeutung waren, wurde der Aufsichtsrat unmittelbar eingebunden. Zustimmungspflichtigen Gesch\u00e4ften hat der Aufsichtsrat nach eingehender Beratung und Pr\u00fcfung der vom Vorstand \u00fcbergebenen Unterlagen zugestimmt.\u00a0<\/span><span data-ccp-props=\"{&quot;201341983&quot;:0,&quot;335551550&quot;:6,&quot;335551620&quot;:6,&quot;335559740&quot;:360}\">\u00a0<\/span><\/p>\n<p><span data-contrast=\"auto\">Im Gesch\u00e4ftsjahr 2024 hat sich der Aufsichtsrat in insgesamt 7 Sitzungen (teils in digitaler Austragung) gemeinsam mit den Mitgliedern des Vorstandes von allen wesentlichen Angelegenheiten der Genossenschaft unterrichten lassen. Dar\u00fcber hinaus haben im Gesch\u00e4ftsjahr 2024 drei Audit Committee-Sitzungen, f\u00fcnf Pr\u00e4sidiumssitzungen sowie vier Personalausschusssitzungen stattgefunden. Soweit erforderlich, holte der Aufsichtsrat vom Vorstand zus\u00e4tzliche m\u00fcndliche und schriftliche Berichte ein. Der Vorsitzende des Aufsichtsrates lie\u00df sich vom Vorstand laufend \u00fcber wesentliche Entwicklungen und anstehende Entscheidungen unterrichten. Unter Beachtung der ihm nach Gesetz und Satzung auferlegten Aufgaben hat der Aufsichtsrat die erforderlichen Beschl\u00fcsse gefasst; dar\u00fcber liegen gesonderte Protokolle vor. Der Aufsichtsrat hat sich durch seine Kontrollhandlungen und die Ausk\u00fcnfte und Nachweise des Vorstandes von der Ordnungsm\u00e4\u00dfigkeit der Gesch\u00e4ftsf\u00fchrung \u00fcberzeugt.<\/span><span data-ccp-props=\"{&quot;201341983&quot;:0,&quot;335551550&quot;:6,&quot;335551620&quot;:6,&quot;335559740&quot;:360}\">\u00a0<\/span><\/p>\n<p><span data-contrast=\"auto\">Als zust\u00e4ndiger gesetzlicher Pr\u00fcfungsverband im Sinne des \u00a7 54 Satz 1 GenG hat der DGRV\u202f- Deutscher Genossenschafts- und Raiffeisenverband e.V. (\u201eDGRV\u201c) die Pru\u0308fung nach \u00a7 53 Abs. 1 GenG unter Anwendung von \u00a7 55 Abs. 3 GenG auf den Genoverband e.V., Neu-Isenburg, (\u201eGenoverband\u201c) \u00fcbertragen. Zwecks Feststellung der wirtschaftlichen Verh\u00e4ltnisse und der Ordnungsm\u00e4\u00dfigkeit der Gesch\u00e4ftsf\u00fchrung wurden die Einrichtungen, die Verm\u00f6genslage und die Gesch\u00e4ftsf\u00fchrung gem\u00e4\u00df \u00a7 53 Abs. 1 GenG durch den Genoverband gepr\u00fcft. Zudem hat der DGRV den Genoverband beauftragt, die Pru\u0308fung nach \u00a7 53 Abs. 2 GenG fu\u0308r das Gesch\u00e4ftsjahr vom 1. Januar 2024 bis zum 31. Dezember 2024 unter Anwendung von \u00a7\u202f55 Abs. 3 GenG gemeinsam mit der KPMG AG Wirtschaftspru\u0308fungsgesellschaft, Berlin &#8211; Zweigniederlassung K\u00f6ln, (\u201eKPMG\u201c) als Joint Audit durchzufu\u0308hren.<\/span><span data-ccp-props=\"{&quot;201341983&quot;:0,&quot;335551550&quot;:6,&quot;335551620&quot;:6,&quot;335559740&quot;:360}\">\u00a0<\/span><\/p>\n<p><span data-contrast=\"auto\">Der Konzernabschluss und der zusammengefasste Lagebericht wurden durch die vom DGRV gem\u00e4\u00df \u00a7 55 Abs 3 GenG beauftragte KPMG gepr\u00fcft. Der vom Vorstand aufgestellte Jahres- und Konzernabschluss zum 31. Dezember 2024 und der zusammengefasste Lagebericht f\u00fcr das Gesch\u00e4ftsjahr vom 1. Januar 2024 bis zum 31. Dezember 2024 wurden jeweils mit einem uneingeschr\u00e4nkten Best\u00e4tigungsvermerk versehen.<\/span><span data-ccp-props=\"{&quot;201341983&quot;:0,&quot;335551550&quot;:6,&quot;335551620&quot;:6,&quot;335559740&quot;:360}\">\u00a0<\/span><\/p>\n<p><span data-contrast=\"auto\">Das Ergebnis der gesetzlichen Pr\u00fcfung hat sowohl das Audit Committee als auch der Aufsichtsrat gem\u00e4\u00df \u00a7 58 GenG in gemeinsamer Sitzung mit dem Vorstand und den Abschlusspr\u00fcfern des Genoverband und der KPMG er\u00f6rtert. Die Abschlusspr\u00fcfer berichteten \u00fcber die wesentlichen Ergebnisse ihrer Pr\u00fcfung und standen zudem f\u00fcr Fragen und erg\u00e4nzende Ausk\u00fcnfte zur Verf\u00fcgung. Jahresabschluss und Lagebericht sowie Konzernabschluss und Konzernlagebericht geben die wirtschaftliche Lage der Genossenschaft zutreffend wieder und f\u00fchrten zu keinen Beanstandungen. Der Aufsichtsrat ist mit dem Ergebnis der gesetzlichen Pr\u00fcfung einverstanden. Auch mit dem Vorschlag f\u00fcr die Verwendung des Jahresergebnisses ist der Aufsichtsrat einverstanden.<\/span><span data-ccp-props=\"{&quot;201341983&quot;:0,&quot;335551550&quot;:6,&quot;335551620&quot;:6,&quot;335559740&quot;:360}\">\u00a0<\/span><\/p>\n<p><span data-contrast=\"auto\">Der Aufsichtsrat dankt den Mitgliedern des Vorstandes und allen Mitarbeiterinnen und Mitarbeitern der REWE-ZENTRALFINANZ eG f\u00fcr die sehr gute Arbeit im Gesch\u00e4ftsjahr 2024. Einmal mehr wurden die erneut erheblichen Herausforderungen, vor die das Unternehmen gestellt wurde, mit hoher Kompetenz und erfolgreicher Zusammenarbeit bew\u00e4ltigt. Daf\u00fcr geb\u00fchrt allen, die daran mitgewirkt haben, gro\u00dfer Dank.<\/span><span data-ccp-props=\"{&quot;201341983&quot;:0,&quot;335551550&quot;:6,&quot;335551620&quot;:6,&quot;335559740&quot;:360}\">\u00a0<\/span><\/p>\n<p><span data-contrast=\"auto\">K\u00f6ln, den 20. Mai 2025<\/span><span data-ccp-props=\"{&quot;201341983&quot;:0,&quot;335551550&quot;:6,&quot;335551620&quot;:6,&quot;335559740&quot;:360}\">\u00a0<\/span><\/p>\n<p><b><span data-contrast=\"auto\">DER AUFSICHTSRAT<\/span><\/b><span data-ccp-props=\"{&quot;335551550&quot;:6,&quot;335551620&quot;:6}\">\u00a0<\/span><\/p>\n<p><span data-contrast=\"auto\">gez.: Erich Stockhausen<\/span><span data-ccp-props=\"{&quot;335551550&quot;:6,&quot;335551620&quot;:6}\">\u00a0<\/span><\/p>\n<p><b><span data-contrast=\"auto\">\u00a0\u00a0\u00a0\u00a0\u00a0 -Vorsitzender-<\/span><\/b><span data-ccp-props=\"{&quot;335551550&quot;:6,&quot;335551620&quot;:6}\">\u00a0<\/span><\/p>\n        <\/div>\n\n            <\/div>\n<\/div>\n\n<div class=\"myblock-wrapper block-my-article-about-person\" data-module-name=\"\u00dcber Person\"><div class=\"article-about-person\">\n    <div class=\"article-about-person__inner\">\n        <div class=\"article-about-person__image\">\n            <div class=\"person-avatar m\">\n                <div class=\"focused-image-container\">\n    <img decoding=\"async\"\n        class=\"focused-image\"\n        data-focus-x=\"0.00\"\n        data-focus-y=\"0.00\"\n        src=\"https:\/\/www.rewe-group.com\/content\/uploads\/2023\/05\/Erich-Stockhausen-300x214.jpg\"\n        alt=\"Portr\u00e4t von Erich Stockhausen\"\n                        loading=\"lazy\"\n         data-copyright=\"Portr\u00e4t von Erich Stockhausen \u00a9 REWE\"    >\n<\/div>\n            <\/div>\n        <\/div>\n        <div class=\"article-about-person__text\">\n            <h2 class=\"article-about-person__about\">\u00dcber:<\/h2>            <p class=\"article-about-person__name\">\n                Erich  Stockhausen            <\/p>\n\n                            <p class=\"article-about-person__title\">Selbstst\u00e4ndiger REWE-Kaufmann sowie ehemaliger Aufsichtsratsvorsitzender der REWE Group<\/p>\n            \n                    <\/div>\n    <\/div>\n<\/div>\n<\/div><\/div>\n<\/div>\n<\/div>\n\n\n\n<div class=\"wp-block-myblocks-section block-section section-bg-gray section-padding-top\">\n<div class=\"wp-block-myblocks-row-full-2columns row-full-2columns my-row-block row-full\">\n<div class=\"wp-block-myblocks-row-full-2columns-cell row-cell row-full-2columns-cell my-cell-block\"><div class=\"myblock-wrapper block-my-page-teaser block-ingrid\" data-module-name=\"Teaser Page\">\n<div class=\"page-teaser__wrapper\">\n    <a\n        class=\"page-teaser large red has-post\"\n        href=\"https:\/\/www.rewe-group.com\/de\/geschaeftsbericht-rewe-group-2024\/bericht-des-vorstandes-2024\/\"\n        style=\"\"\n        data-tracking=\"{&quot;event&quot;:&quot;click_teaser&quot;,&quot;link_url&quot;:&quot;https:\\\/\\\/www.rewe-group.com\\\/de\\\/geschaeftsbericht-rewe-group-2024\\\/bericht-des-vorstandes-2024\\\/&quot;,&quot;element_name&quot;:&quot;Bericht des Vorstandes 2024&quot;,&quot;modul_name&quot;:&quot;.teaser-page&quot;}\"        target=\"_self\"    >\n                <div class=\"page-teaser__overlay red\"><\/div>\n                    <p class=\"page-teaser__category typo-bold\">Unternehmen<\/p>\n                <h2 class=\"page-teaser__title\">Bericht des Vorstandes 2024<\/h2>        <div class=\"bottom\">\n                        <div class=\"link\">\n                <span class=\"arrow-link\">Zum Bericht des Vorstandes <\/span>\n            <\/div>\n        <\/div>\n    <\/a>\n<\/div>\n<\/div><\/div>\n\n\n\n<div class=\"wp-block-myblocks-row-full-2columns-cell row-cell row-full-2columns-cell my-cell-block\"><div class=\"myblock-wrapper block-my-page-teaser block-ingrid\" data-module-name=\"Teaser Page\">\n<div class=\"page-teaser__wrapper\">\n    <a\n        class=\"page-teaser large bg-image has-post\"\n        href=\"https:\/\/www.rewe-group.com\/de\/unternehmen\/vorstand-und-aufsichtsrat\/\"\n        style=\"\"\n        data-tracking=\"{&quot;event&quot;:&quot;click_teaser&quot;,&quot;link_url&quot;:&quot;https:\\\/\\\/www.rewe-group.com\\\/de\\\/unternehmen\\\/vorstand-und-aufsichtsrat\\\/&quot;,&quot;element_name&quot;:&quot;Vorstand und Aufsichtsrat&quot;,&quot;modul_name&quot;:&quot;.teaser-page&quot;}\"        target=\"_self\"    >\n                                <div class=\"page-teaser__background-wrapper\">\n                <div class=\"focused-image-container\">\n                    <img decoding=\"async\"\n                        class=\"focused-image\"\n                        data-focus-x=\"0.00\"\n                        data-focus-y=\"0.51\"\n                        src=\"https:\/\/www.rewe-group.com\/content\/uploads\/2022\/12\/REWE_Group_Vorstand-1024x683.jpg\"\n                        alt=\"Von links Telerik Schischmanow, Hans-J\u00fcrgen Moog, Lionel Souque, Christoph Eltze, Peter Maly und Daniela B\u00fcchel\"\n                        loading=\"lazy\"\n                         data-copyright=\"Von links Telerik Schischmanow, Hans-J\u00fcrgen Moog, Lionel Souque, Christoph Eltze, Peter Maly und Daniela B\u00fcchel \u00a9 REWE Group (Michael Pr\u00f6ck)\"                    >\n                <\/div>\n            <\/div>\n                <div class=\"page-teaser__overlay bg-image\"><\/div>\n                <h2 class=\"page-teaser__title\">Vorstand und Aufsichtsrat<\/h2>        <div class=\"bottom\">\n                        <div class=\"link\">\n                <span class=\"arrow-link\">Zum Vorstand und Aufsichtsrat<\/span>\n            <\/div>\n        <\/div>\n    <\/a>\n<\/div>\n<\/div><\/div>\n<\/div>\n<\/div>\n<\/div>\n","protected":false},"excerpt":{"rendered":"","protected":false},"author":18,"featured_media":43982,"parent":43898,"menu_order":25,"comment_status":"closed","ping_status":"closed","template":"","meta":{"_acf_changed":false,"_relevanssi_hide_post":"","_relevanssi_hide_content":"","_relevanssi_pin_for_all":"","_relevanssi_pin_keywords":"","_relevanssi_unpin_keywords":"","_relevanssi_related_keywords":"","_relevanssi_related_include_ids":"","_relevanssi_related_exclude_ids":"","_relevanssi_related_no_append":"","_relevanssi_related_not_related":"","_relevanssi_related_posts":"","_relevanssi_noindex_reason":"","footnotes":""},"categories":[8],"tags":[],"class_list":["post-43954","page","type-page","status-publish","has-post-thumbnail","hentry","category-unternehmen"],"acf":[],"yoast_head":"<!-- This site is optimized with the Yoast SEO Premium plugin v27.1 (Yoast SEO v27.1.1) - https:\/\/yoast.com\/product\/yoast-seo-premium-wordpress\/ -->\n<title>Bericht des Aufsichtsrates 2024 - REWE Group<\/title>\n<meta name=\"description\" content=\"Im Gesch\u00e4ftsjahr 2024 hat sich der Aufsichtsrat von allen wesentlichen Angelegenheiten der Genossenschaft unterrichten lassen.\" \/>\n<meta name=\"robots\" content=\"index, follow, max-snippet:-1, max-image-preview:large, max-video-preview:-1\" \/>\n<link rel=\"canonical\" href=\"https:\/\/www.rewe-group.com\/de\/geschaeftsbericht-rewe-group-2024\/bericht-des-aufsichtsrates-2024\/\" \/>\n<meta property=\"og:locale\" content=\"de_DE\" \/>\n<meta property=\"og:type\" content=\"article\" \/>\n<meta property=\"og:title\" content=\"Bericht des Aufsichtsrates 2024\" \/>\n<meta property=\"og:description\" content=\"Im Gesch\u00e4ftsjahr 2024 hat sich der Aufsichtsrat von allen wesentlichen Angelegenheiten der Genossenschaft unterrichten lassen.\" \/>\n<meta property=\"og:url\" content=\"https:\/\/www.rewe-group.com\/de\/geschaeftsbericht-rewe-group-2024\/bericht-des-aufsichtsrates-2024\/\" \/>\n<meta property=\"og:site_name\" content=\"REWE Group\" \/>\n<meta property=\"article:modified_time\" content=\"2025-06-16T06:02:05+00:00\" \/>\n<meta property=\"og:image\" content=\"https:\/\/www.rewe-group.com\/content\/uploads\/2025\/05\/REWEG25_INT18_GB24_BDA_img_de.png?t=2025061606\" \/>\n\t<meta property=\"og:image:width\" content=\"1920\" \/>\n\t<meta property=\"og:image:height\" content=\"1120\" \/>\n\t<meta property=\"og:image:type\" content=\"image\/png\" \/>\n<meta name=\"twitter:card\" content=\"summary_large_image\" \/>\n<meta name=\"twitter:label1\" content=\"Gesch\u00e4tzte Lesezeit\" \/>\n\t<meta name=\"twitter:data1\" content=\"4\u00a0Minuten\" \/>\n<script type=\"application\/ld+json\" class=\"yoast-schema-graph\">{\"@context\":\"https:\/\/schema.org\",\"@graph\":[{\"@type\":\"WebPage\",\"@id\":\"https:\/\/www.rewe-group.com\/de\/geschaeftsbericht-rewe-group-2024\/bericht-des-aufsichtsrates-2024\/\",\"url\":\"https:\/\/www.rewe-group.com\/de\/geschaeftsbericht-rewe-group-2024\/bericht-des-aufsichtsrates-2024\/\",\"name\":\"Bericht des Aufsichtsrates 2024 - REWE Group\",\"isPartOf\":{\"@id\":\"https:\/\/www.rewe-group.com\/de\/#website\"},\"primaryImageOfPage\":{\"@id\":\"https:\/\/www.rewe-group.com\/de\/geschaeftsbericht-rewe-group-2024\/bericht-des-aufsichtsrates-2024\/#primaryimage\"},\"image\":{\"@id\":\"https:\/\/www.rewe-group.com\/de\/geschaeftsbericht-rewe-group-2024\/bericht-des-aufsichtsrates-2024\/#primaryimage\"},\"thumbnailUrl\":\"https:\/\/www.rewe-group.com\/content\/uploads\/2025\/05\/REWEG25_INT18_GB24_BDA_img_de.png?t=2026040403\",\"datePublished\":\"2025-05-22T11:59:14+00:00\",\"dateModified\":\"2025-06-16T06:02:05+00:00\",\"description\":\"Im Gesch\u00e4ftsjahr 2024 hat sich der Aufsichtsrat von allen wesentlichen Angelegenheiten der Genossenschaft unterrichten lassen.\",\"breadcrumb\":{\"@id\":\"https:\/\/www.rewe-group.com\/de\/geschaeftsbericht-rewe-group-2024\/bericht-des-aufsichtsrates-2024\/#breadcrumb\"},\"inLanguage\":\"de\",\"potentialAction\":[{\"@type\":\"ReadAction\",\"target\":[\"https:\/\/www.rewe-group.com\/de\/geschaeftsbericht-rewe-group-2024\/bericht-des-aufsichtsrates-2024\/\"]}]},{\"@type\":\"ImageObject\",\"inLanguage\":\"de\",\"@id\":\"https:\/\/www.rewe-group.com\/de\/geschaeftsbericht-rewe-group-2024\/bericht-des-aufsichtsrates-2024\/#primaryimage\",\"url\":\"https:\/\/www.rewe-group.com\/content\/uploads\/2025\/05\/REWEG25_INT18_GB24_BDA_img_de.png?t=2026040403\",\"contentUrl\":\"https:\/\/www.rewe-group.com\/content\/uploads\/2025\/05\/REWEG25_INT18_GB24_BDA_img_de.png?t=2026040403\",\"width\":1920,\"height\":1120,\"caption\":\"Das Protokoll der Aufsichtsratssitzung f\u00fcr das Jahr 2024\"},{\"@type\":\"BreadcrumbList\",\"@id\":\"https:\/\/www.rewe-group.com\/de\/geschaeftsbericht-rewe-group-2024\/bericht-des-aufsichtsrates-2024\/#breadcrumb\",\"itemListElement\":[{\"@type\":\"ListItem\",\"position\":1,\"name\":\"Gesch\u00e4ftsbericht REWE Group 2024\",\"item\":\"https:\/\/www.rewe-group.com\/de\/geschaeftsbericht-rewe-group-2024\/\"},{\"@type\":\"ListItem\",\"position\":2,\"name\":\"Bericht des Aufsichtsrates 2024\"}]},{\"@type\":\"WebSite\",\"@id\":\"https:\/\/www.rewe-group.com\/de\/#website\",\"url\":\"https:\/\/www.rewe-group.com\/de\/\",\"name\":\"REWE Group\",\"description\":\"Die Website der REWE Group\",\"potentialAction\":[{\"@type\":\"SearchAction\",\"target\":{\"@type\":\"EntryPoint\",\"urlTemplate\":\"https:\/\/www.rewe-group.com\/de\/?s={search_term_string}\"},\"query-input\":{\"@type\":\"PropertyValueSpecification\",\"valueRequired\":true,\"valueName\":\"search_term_string\"}}],\"inLanguage\":\"de\"}]}<\/script>\n<!-- \/ Yoast SEO Premium plugin. -->","yoast_head_json":{"title":"Bericht des Aufsichtsrates 2024 - REWE Group","description":"Im Gesch\u00e4ftsjahr 2024 hat sich der Aufsichtsrat von allen wesentlichen Angelegenheiten der Genossenschaft unterrichten lassen.","robots":{"index":"index","follow":"follow","max-snippet":"max-snippet:-1","max-image-preview":"max-image-preview:large","max-video-preview":"max-video-preview:-1"},"canonical":"https:\/\/www.rewe-group.com\/de\/geschaeftsbericht-rewe-group-2024\/bericht-des-aufsichtsrates-2024\/","og_locale":"de_DE","og_type":"article","og_title":"Bericht des Aufsichtsrates 2024","og_description":"Im Gesch\u00e4ftsjahr 2024 hat sich der Aufsichtsrat von allen wesentlichen Angelegenheiten der Genossenschaft unterrichten lassen.","og_url":"https:\/\/www.rewe-group.com\/de\/geschaeftsbericht-rewe-group-2024\/bericht-des-aufsichtsrates-2024\/","og_site_name":"REWE Group","article_modified_time":"2025-06-16T06:02:05+00:00","og_image":[{"width":1920,"height":1120,"url":"https:\/\/www.rewe-group.com\/content\/uploads\/2025\/05\/REWEG25_INT18_GB24_BDA_img_de.png?t=2025061606","type":"image\/png"}],"twitter_card":"summary_large_image","twitter_misc":{"Gesch\u00e4tzte Lesezeit":"4\u00a0Minuten"},"schema":{"@context":"https:\/\/schema.org","@graph":[{"@type":"WebPage","@id":"https:\/\/www.rewe-group.com\/de\/geschaeftsbericht-rewe-group-2024\/bericht-des-aufsichtsrates-2024\/","url":"https:\/\/www.rewe-group.com\/de\/geschaeftsbericht-rewe-group-2024\/bericht-des-aufsichtsrates-2024\/","name":"Bericht des Aufsichtsrates 2024 - REWE Group","isPartOf":{"@id":"https:\/\/www.rewe-group.com\/de\/#website"},"primaryImageOfPage":{"@id":"https:\/\/www.rewe-group.com\/de\/geschaeftsbericht-rewe-group-2024\/bericht-des-aufsichtsrates-2024\/#primaryimage"},"image":{"@id":"https:\/\/www.rewe-group.com\/de\/geschaeftsbericht-rewe-group-2024\/bericht-des-aufsichtsrates-2024\/#primaryimage"},"thumbnailUrl":"https:\/\/www.rewe-group.com\/content\/uploads\/2025\/05\/REWEG25_INT18_GB24_BDA_img_de.png?t=2026040403","datePublished":"2025-05-22T11:59:14+00:00","dateModified":"2025-06-16T06:02:05+00:00","description":"Im Gesch\u00e4ftsjahr 2024 hat sich der Aufsichtsrat von allen wesentlichen Angelegenheiten der Genossenschaft unterrichten lassen.","breadcrumb":{"@id":"https:\/\/www.rewe-group.com\/de\/geschaeftsbericht-rewe-group-2024\/bericht-des-aufsichtsrates-2024\/#breadcrumb"},"inLanguage":"de","potentialAction":[{"@type":"ReadAction","target":["https:\/\/www.rewe-group.com\/de\/geschaeftsbericht-rewe-group-2024\/bericht-des-aufsichtsrates-2024\/"]}]},{"@type":"ImageObject","inLanguage":"de","@id":"https:\/\/www.rewe-group.com\/de\/geschaeftsbericht-rewe-group-2024\/bericht-des-aufsichtsrates-2024\/#primaryimage","url":"https:\/\/www.rewe-group.com\/content\/uploads\/2025\/05\/REWEG25_INT18_GB24_BDA_img_de.png?t=2026040403","contentUrl":"https:\/\/www.rewe-group.com\/content\/uploads\/2025\/05\/REWEG25_INT18_GB24_BDA_img_de.png?t=2026040403","width":1920,"height":1120,"caption":"Das Protokoll der Aufsichtsratssitzung f\u00fcr das Jahr 2024"},{"@type":"BreadcrumbList","@id":"https:\/\/www.rewe-group.com\/de\/geschaeftsbericht-rewe-group-2024\/bericht-des-aufsichtsrates-2024\/#breadcrumb","itemListElement":[{"@type":"ListItem","position":1,"name":"Gesch\u00e4ftsbericht REWE Group 2024","item":"https:\/\/www.rewe-group.com\/de\/geschaeftsbericht-rewe-group-2024\/"},{"@type":"ListItem","position":2,"name":"Bericht des Aufsichtsrates 2024"}]},{"@type":"WebSite","@id":"https:\/\/www.rewe-group.com\/de\/#website","url":"https:\/\/www.rewe-group.com\/de\/","name":"REWE Group","description":"Die Website der REWE Group","potentialAction":[{"@type":"SearchAction","target":{"@type":"EntryPoint","urlTemplate":"https:\/\/www.rewe-group.com\/de\/?s={search_term_string}"},"query-input":{"@type":"PropertyValueSpecification","valueRequired":true,"valueName":"search_term_string"}}],"inLanguage":"de"}]}},"_links":{"self":[{"href":"https:\/\/www.rewe-group.com\/de\/wp-json\/wp\/v2\/pages\/43954","targetHints":{"allow":["GET"]}}],"collection":[{"href":"https:\/\/www.rewe-group.com\/de\/wp-json\/wp\/v2\/pages"}],"about":[{"href":"https:\/\/www.rewe-group.com\/de\/wp-json\/wp\/v2\/types\/page"}],"author":[{"embeddable":true,"href":"https:\/\/www.rewe-group.com\/de\/wp-json\/wp\/v2\/users\/18"}],"replies":[{"embeddable":true,"href":"https:\/\/www.rewe-group.com\/de\/wp-json\/wp\/v2\/comments?post=43954"}],"version-history":[{"count":6,"href":"https:\/\/www.rewe-group.com\/de\/wp-json\/wp\/v2\/pages\/43954\/revisions"}],"predecessor-version":[{"id":44023,"href":"https:\/\/www.rewe-group.com\/de\/wp-json\/wp\/v2\/pages\/43954\/revisions\/44023"}],"up":[{"embeddable":true,"href":"https:\/\/www.rewe-group.com\/de\/wp-json\/wp\/v2\/pages\/43898"}],"wp:featuredmedia":[{"embeddable":true,"href":"https:\/\/www.rewe-group.com\/de\/wp-json\/wp\/v2\/media\/43982"}],"wp:attachment":[{"href":"https:\/\/www.rewe-group.com\/de\/wp-json\/wp\/v2\/media?parent=43954"}],"wp:term":[{"taxonomy":"category","embeddable":true,"href":"https:\/\/www.rewe-group.com\/de\/wp-json\/wp\/v2\/categories?post=43954"},{"taxonomy":"post_tag","embeddable":true,"href":"https:\/\/www.rewe-group.com\/de\/wp-json\/wp\/v2\/tags?post=43954"}],"curies":[{"name":"wp","href":"https:\/\/api.w.org\/{rel}","templated":true}]}}