{"id":43946,"date":"2025-05-22T13:55:05","date_gmt":"2025-05-22T11:55:05","guid":{"rendered":"https:\/\/www.rewe-group.com\/de\/?page_id=43946"},"modified":"2025-06-16T08:04:09","modified_gmt":"2025-06-16T06:04:09","slug":"bericht-des-vorstandes-2024","status":"publish","type":"page","link":"https:\/\/www.rewe-group.com\/de\/geschaeftsbericht-rewe-group-2024\/bericht-des-vorstandes-2024\/","title":{"rendered":"Bericht des Vorstandes 2024"},"content":{"rendered":"\n<div class=\"wp-block-myblocks-template-root template-root\">\n<div class=\"wp-block-myblocks-section block-section section-bg-white section-padding-bottom\">\n<div class=\"wp-block-myblocks-row-margin-aside row-margin-aside my-row-block row-margin\">\n<div class=\"wp-block-myblocks-row-margin-aside-cell-aside row-cell row-margin-aside-cell-aside my-cell-block\"><div class=\"myblock-wrapper block-my-nl-icon-teaser\" data-module-name=\"Teaser Newsletter Icon\"><div class=\"myblock-wrapper\">\n    <a\n        class=\"twitter-icon-teaser nl-icon-teaser\"\n        href=\"https:\/\/www.rewe-group.com\/de\/presse-und-medien\/newsletter\/\"\n        target=\"_blank\" rel=\"noopener noreferrer\"        data-module-name=\".teaser-nl-icon\"\n    >\n        <div class=\"contents\">\n            <h2>Unseren Newsletter abonnieren<\/h2>\n            <div class=\"entry-content\"><p>Melden Sie sich hier f\u00fcr den REWE Group Newsletter an und erhalten Sie aktuelle Informationen rund um die REWE Group.<\/p>\n<\/div>\n            <div class=\"link\">\n                <span class=\"arrow-link btn-white\">Zur Anmeldung<\/span>\n            <\/div>\n        <\/div>\n        <div class=\"icon\">\n            <div class=\"illustration\"><\/div>\n        <\/div>\n    <\/a>\n<\/div>\n<\/div>\n\n<div class=\"myblock-wrapper block-my-teaser-editorial-marginal\" data-module-name=\"Teaser Editorial\"><div class=\"teaser-editorial\">\n            \n<div class=\"page-teaser__wrapper\">\n    <a\n        class=\"page-teaser small red has-post\"\n        href=\"https:\/\/www.rewe-group.com\/de\/geschaeftsbericht-rewe-group-2024\/\"\n        style=\"\"\n        data-tracking=\"{&quot;event&quot;:&quot;click_teaser&quot;,&quot;link_url&quot;:&quot;https:\\\/\\\/www.rewe-group.com\\\/de\\\/geschaeftsbericht-rewe-group-2024\\\/&quot;,&quot;element_name&quot;:&quot;Gesch\\u00e4ftsbericht REWE Group 2024&quot;,&quot;modul_name&quot;:&quot;.teaser-editorial&quot;}\"        target=\"_self\"    >\n                <div class=\"page-teaser__overlay red\"><\/div>\n                    <p class=\"page-teaser__category typo-bold\">Unternehmen<\/p>\n                <h2 class=\"page-teaser__title\">Gesch\u00e4ftsbericht REWE Group 2024<\/h2>        <div class=\"bottom\">\n                        <div class=\"link\">\n                <span class=\"arrow-link\">Zur Bereichsseite<\/span>\n            <\/div>\n        <\/div>\n    <\/a>\n<\/div>\n    <\/div>\n<\/div><\/div>\n\n\n\n<div class=\"wp-block-myblocks-row-margin-aside-cell-main row-cell row-margin-aside-cell-main my-cell-block\"><div class=\"myblock-wrapper block-my-text-block block-ingrid\" data-module-name=\"Headline Copy Link\">    <div class=\"textblock margin-row-inner\">\n        <div class=\"entry-content\">\n            <h2 class=\"smaller\">REWE Group bietet verhaltener Konsumlaune und schlechter Wirtschaftsprognose die Stirn:<br> Starkes Jahr 2024 &#8211; 16 Milliarden Euro-Investitionsprogramm bis 2028 <\/h2>\n            <p><strong>Die REWE Group trotzt schwierigen geopolitischen und wirtschaftlichen Rahmenbedingungen und blickt auf ein erfolgreiches Gesch\u00e4ftsjahr 2024 zur\u00fcck: Der Gesamtau\u00dfenumsatz <!--StartFragment --><span class=\"cf0\">der REWE Group<\/span><!--EndFragment --> stieg um + 4,6 Prozent auf 96 Milliarden Euro, das EBITA <!--StartFragment --><span class=\"cf0\">des RZF Konzerns <\/span><!--EndFragment -->lag mit zwei Milliarden Euro weiter auf hohem Niveau. <!--StartFragment --><span class=\"cf0\">Das Konzernergebnis<\/span><!--EndFragment --> stieg \u2013 auch dank eines Einmaleffekts \u2013 erstmals auf \u00fcber eine Milliarde Euro. <\/strong><\/p>\n<p>Der Blick ist weiter nach vorn gerichtet: 16 Milliarden Euro investiert die REWE Group 2024 bis 2028 in die Zukunft des Einkaufens. Gezielte Schwerpunkte sind Digitalisierung, der Ausbau und die Modernisierung von M\u00e4rkten und Infrastruktur (IT und Logistik) sowie Immobilien-Eigenobjekte.<\/p>\n<p><q>W\u00e4hrend andere Wirtschaftszweige Investitionen zur\u00fcckfahren oder gar Standorte aufgeben, st\u00e4rken wir mit unseren Investitionen, die auch im Branchenvergleich sehr hoch sind, die Wirtschaftsstandorte Deutschland und Europa. Wir f\u00f6rdern nationale Wertsch\u00f6pfung und bleiben auch in schwierigen Zeiten ein starker, verl\u00e4sslicher Wirtschaftsmotor<\/q>, hob REWE Group-Vorstandsvorsitzender Lionel Souque die positiven Effekte des Investitionsprogramms hervor. Zudem schuf die REWE Group sichere Arbeitspl\u00e4tze mit Zukunftsperspektive, insbesondere in Regionen, in denen andere Branchen bereits abgewandert sind: <q>Alleine in Deutschland haben wir 2024 46.000 neue Mitarbeitende eingestellt und bieten insgesamt 10.600 Azubis einen sicheren Ausbildungsplatz.<\/q><\/p>\n        <\/div>\n\n            <\/div>\n<\/div>\n\n<div class=\"myblock-wrapper block-my-text-block block-ingrid\" data-module-name=\"Headline Copy Link\">    <div class=\"textblock margin-row-inner\">\n        <div class=\"entry-content\">\n            <h2 class=\"smaller\">Resiliente Aufstellung in wirtschaftlich herausfordernden Zeiten <\/h2>\n            <p><q>Unsere breite resiliente Aufstellung als internationale Unternehmensgruppe mit Handel, Touristik und Convenience ist ein wesentlicher Faktor f\u00fcr unseren langfristigen Erfolg \u2013 insbesondere in wirtschaftlich herausfordernden Zeiten, wie wir sie auch 2024 erlebt haben. Alle unsere Gesch\u00e4ftsfelder haben ihren Umsatz- und Ergebnis-Beitrag geleistet. Wir stehen als Unternehmen konstant kerngesund da<\/q>, zeigt sich REWE Group-Finanzvorstand Telerik Schischmanow mit der Gesch\u00e4ftsentwicklung 2024 zufrieden.<\/p>\n<p>Das operative Ergebnis (EBITA) lag 2024 bei zwei Milliarden Euro (+ 8,9 Prozent geg. 2023) und damit weiter auf hohem Niveau. <!--StartFragment --><span class=\"cf0\">Das Konzernergebnis<\/span><!--EndFragment --> stieg von 736,2 Millionen Euro auf eine Milliarde Euro \u2013 in dieser Gr\u00f6\u00dfenordnung vor allem bedingt durch den Einmaleffekt einer Steuerr\u00fcckerstattung und geringere Abwertungen auf at equity bilanzierte Unternehmen. <q>Nachhaltiges Wachstum und langfristige Wettbewerbsf\u00e4higkeit sind in unserer DNA als Genossenschaft verankert. Mit diesen Zielen haben wir 2024 unsere Investitionsoffensive mit einem der h\u00f6chsten Investitionsvolumina im europ\u00e4ischen Handel fortgesetzt. F\u00fcr unsere Investitionen und weiteres Wachstum sind wir als Gruppe gut aufgestellt und sehr solide finanziert<\/q>, erg\u00e4nzte Schischmanow mit Blick auf die Entwicklung des Konzernergebnisses, Eigenkapital (+ 10,2 Prozent auf rd. 11 Milliarden Euro\/ 2023: 10,0 Milliarden Euro) und Nettoverschuldung (2024: 17,1 Milliarden Euro). Diese beinhalte zu gro\u00dfen Teilen auch zuk\u00fcnftige Mietzahlungen, die bilanzrechtlich als Schulden gelten, und sei nicht mit den Finanzschulden ohne Leasing (2024: 3,8 Milliarden Euro) gleichzusetzen.<\/p>\n<p><q>Das Gesch\u00e4ftsjahr 2024 war angesichts der EU-weit unsicheren Rahmenbedingungen, der verhaltenen Konsumstimmung und der tendenziell negativen Wirtschaftsentwicklung alles andere als ein Selbstl\u00e4ufer. Es ist daher nicht selbstverst\u00e4ndlich, dass wir dennoch sagen k\u00f6nnen: 2024 war ein gutes Jahr f\u00fcr uns<\/q>, betonte Lionel Souque, Vorstandsvorsitzender der REWE Group. <q>Dieser Erfolg ist der engagierten Arbeit aller unserer Kolleg:innen zu verdanken, denn alle Gesch\u00e4ftsfelder haben zur positiven Entwicklung beigetragen.<\/q> Nach der \u201eInflationsrallye\u201c der letzten Jahre habe die Teuerung zwar an Dynamik verloren, doch wirtschaftliche Verunsicherung und hohe Preissensibilit\u00e4t der Verbraucher:innen blieben in allen M\u00e4rkten, in denen die REWE Group t\u00e4tig ist, weiterhin sp\u00fcrbar.<\/p>\n<p>Angebote, Preiseinstiegsprodukte und Eigenmarken fanden sich anhaltend stark auf den Einkaufszetteln unser Kund:innen. So verzeichneten in Deutschland Eigenmarken-Produkte sowohl bei REWE mit + 7,5 Prozent als auch bei PENNY mit + 3,0 Prozent ein st\u00e4rkeres Umsatzwachstum als das Marken-Segment. Parallel stieg die Nachfrage nach Bio-Produkten, pflanzenbasierten Lebensmitteln und Regionalit\u00e4t. Auf Preissensibilit\u00e4t und dem Wunsch nach nachhaltigeren Produkten reagierten REWE und PENNY mit gezielten Sortimentserweiterungen.<\/p>\n        <\/div>\n\n            <\/div>\n<\/div>\n\n<div class=\"myblock-wrapper block-my-text-block block-ingrid\" data-module-name=\"Headline Copy Link\">    <div class=\"textblock margin-row-inner\">\n        <div class=\"entry-content\">\n            <h2 class=\"smaller\">Sp\u00fcrbarer Mehrwert \u00fcberzeugt neue und bestehende Kund:innen <\/h2>\n            <p>Neben der laufenden Weiterentwicklung der Sortimente und einem verbesserten Einkaufserlebnis setzten REWE und PENNY 2024 verst\u00e4rkt auf personalisierte und digitale L\u00f6sungen. Zum Beispiel mit der REWE App \u2013 <q>dem REWE Markt f\u00fcr die Hand- oder Hosentasche<\/q>. <q>Wir haben mit diesem Fokus 2024 verst\u00e4rkt neue Kund:innen gewonnen, sie von unseren Angeboten und Services \u00fcberzeugt. Allein REWE besuchten pro Monat 7 Millionen Kund:innen mehr als im Jahr 2023<\/q>, erl\u00e4uterte Souque. Die Ende 2024 eingef\u00fchrten digitalen Vorteilsprogramme von REWE und PENNY \u00fcbertrafen bereits in den ersten Wochen alle unsere Erwartungen.<\/p>\n<p>Individualisierung, kombiniert mit besonderer Kundenn\u00e4he und -orientierung, bleibt das Erfolgsrezept der mittlerweile 1.573 selbst\u00e4ndigen REWE-Kaufleute, die 2024 ein Umsatzplus von +7,0 Prozent auf 19,0 Milliarden Euro erzielten. <q>Unsere Kaufleute leisten Jahr f\u00fcr Jahr einen essenziellen Beitrag zu unserem Erfolg. Daher haben wir auch 2024 das Kaufleute-Modell weiter gest\u00e4rkt und ausgebaut<\/q>, so der REWE Group-Vorstandsvorsitzende.<\/p>\n        <\/div>\n\n            <\/div>\n<\/div>\n\n<div class=\"myblock-wrapper block-my-text-block block-ingrid\" data-module-name=\"Headline Copy Link\">    <div class=\"textblock margin-row-inner\">\n        <div class=\"entry-content\">\n            <h2 class=\"smaller\">Touristik mit Rekordwachstum <\/h2>\n            <p>Ein sehr starkes Jahr konnte die DERTOUR Group verbuchen: Mit einem Plus von + 21,7 Prozent stieg der fakturierte Umsatz auf 8,7 Milliarden Euro, was von der ungebremsten Reiselust der Europ\u00e4er:innen im abgelaufenen Gesch\u00e4ftsjahr zeugt. Die Veranstaltermarken der DERTOUR Group konnten an die G\u00e4ste-Zahlen vor der Pandemie anschlie\u00dfen, in Osteuropa lagen diese sogar dar\u00fcber. <q>Zwei Trends sind hier erkennbar: Auf der einen Seite g\u00f6nnen sich die Menschen angesichts der nahezu t\u00e4glichen schlechten Nachrichten ganz bewusst eine Auszeit vom Alltag. Auf der anderen Seite treibt der zunehmende Fokus auf Erlebnisse statt auf materielle G\u00fcter die Reisefreude der Konsument:innen an. Dem begegnen wir mit den passenden Angeboten und den richtigen Teams, sodass die DERTOUR Group sich \u00fcberdurchschnittlich positiv entwickelt hat <\/q>, kommentierte Lionel Souque das starke Wachstum.<\/p>\n        <\/div>\n\n            <\/div>\n<\/div><\/div>\n<\/div>\n<\/div>\n\n\n\n<div class=\"wp-block-myblocks-section block-section section-bg-gray section-padding-top\">\n<div class=\"wp-block-myblocks-row-full-2columns row-full-2columns my-row-block row-full\">\n<div class=\"wp-block-myblocks-row-full-2columns-cell row-cell row-full-2columns-cell my-cell-block\"><div class=\"myblock-wrapper block-my-page-teaser block-ingrid\" data-module-name=\"Teaser Page\">\n<div class=\"page-teaser__wrapper\">\n    <a\n        class=\"page-teaser large bg-image has-post with-excerpt\"\n        href=\"https:\/\/www.rewe-group.com\/de\/investoren\/\"\n        style=\"\"\n        data-tracking=\"{&quot;event&quot;:&quot;click_teaser&quot;,&quot;link_url&quot;:&quot;https:\\\/\\\/www.rewe-group.com\\\/de\\\/investoren\\\/&quot;,&quot;element_name&quot;:&quot;Investoren&quot;,&quot;modul_name&quot;:&quot;.teaser-page&quot;}\"        target=\"_self\"    >\n                                <div class=\"page-teaser__background-wrapper\">\n                <div class=\"focused-image-container\">\n                    <img decoding=\"async\"\n                        class=\"focused-image\"\n                        data-focus-x=\"0.26\"\n                        data-focus-y=\"0.16\"\n                        src=\"https:\/\/www.rewe-group.com\/content\/uploads\/2025\/01\/women-with-laptop-1024x683.jpg\"\n                        alt=\"Nahaufnahme einer Person die auf einem aufgeklappten Laptop auf der Tastatur tippt.\"\n                        loading=\"lazy\"\n                         data-copyright=\"Nahaufnahme einer Person die auf einem aufgeklappten Laptop auf der Tastatur tippt. \u00a9 Oscar Wong (Getty Images)\"                    >\n                <\/div>\n            <\/div>\n                <div class=\"page-teaser__overlay bg-image\"><\/div>\n                    <p class=\"page-teaser__category typo-bold\">Unternehmen<\/p>\n                <h2 class=\"page-teaser__title\">Investoren<\/h2>        <div class=\"bottom\">\n                            <div class=\"content\">Willkommen im Investorenbereich der REWE Group. Hier finden Sie eine Vielzahl von Informationen rund um die finanzielle Situation der REWE Group, unser Rating sowie un&#8230;<\/div>\n                        <div class=\"link\">\n                <span class=\"arrow-link\">Investoren <\/span>\n            <\/div>\n        <\/div>\n    <\/a>\n<\/div>\n<\/div><\/div>\n\n\n\n<div class=\"wp-block-myblocks-row-full-2columns-cell row-cell row-full-2columns-cell my-cell-block\"><div class=\"myblock-wrapper block-my-page-teaser block-ingrid\" data-module-name=\"Teaser Page\">\n<div class=\"page-teaser__wrapper\">\n    <a\n        class=\"page-teaser large bg-image has-post\"\n        href=\"https:\/\/www.rewe-group.com\/de\/unternehmen\/vorstand-und-aufsichtsrat\/\"\n        style=\"\"\n        data-tracking=\"{&quot;event&quot;:&quot;click_teaser&quot;,&quot;link_url&quot;:&quot;https:\\\/\\\/www.rewe-group.com\\\/de\\\/unternehmen\\\/vorstand-und-aufsichtsrat\\\/&quot;,&quot;element_name&quot;:&quot;Vorstand und Aufsichtsrat&quot;,&quot;modul_name&quot;:&quot;.teaser-page&quot;}\"        target=\"_self\"    >\n                                <div class=\"page-teaser__background-wrapper\">\n                <div class=\"focused-image-container\">\n                    <img decoding=\"async\"\n                        class=\"focused-image\"\n                        data-focus-x=\"0.00\"\n                        data-focus-y=\"0.51\"\n                        src=\"https:\/\/www.rewe-group.com\/content\/uploads\/2022\/12\/REWE_Group_Vorstand-1024x683.jpg\"\n                        alt=\"Von links Telerik Schischmanow, Hans-J\u00fcrgen Moog, Lionel Souque, Christoph Eltze, Peter Maly und Daniela B\u00fcchel\"\n                        loading=\"lazy\"\n                         data-copyright=\"Von links Telerik Schischmanow, Hans-J\u00fcrgen Moog, Lionel Souque, Christoph Eltze, Peter Maly und Daniela B\u00fcchel \u00a9 REWE Group (Michael Pr\u00f6ck)\"                    >\n                <\/div>\n            <\/div>\n                <div class=\"page-teaser__overlay bg-image\"><\/div>\n                <h2 class=\"page-teaser__title\">Vorstand und Aufsichtsrat<\/h2>        <div class=\"bottom\">\n                        <div class=\"link\">\n                <span class=\"arrow-link\">Zum Vorstand und Aufsichtsrat<\/span>\n            <\/div>\n        <\/div>\n    <\/a>\n<\/div>\n<\/div><\/div>\n<\/div>\n<\/div>\n<\/div>\n","protected":false},"excerpt":{"rendered":"","protected":false},"author":18,"featured_media":30598,"parent":43898,"menu_order":27,"comment_status":"closed","ping_status":"closed","template":"","meta":{"_acf_changed":false,"_relevanssi_hide_post":"","_relevanssi_hide_content":"","_relevanssi_pin_for_all":"","_relevanssi_pin_keywords":"","_relevanssi_unpin_keywords":"","_relevanssi_related_keywords":"","_relevanssi_related_include_ids":"","_relevanssi_related_exclude_ids":"","_relevanssi_related_no_append":"","_relevanssi_related_not_related":"","_relevanssi_related_posts":"","_relevanssi_noindex_reason":"","footnotes":""},"categories":[8],"tags":[],"class_list":["post-43946","page","type-page","status-publish","has-post-thumbnail","hentry","category-unternehmen"],"acf":[],"yoast_head":"<!-- This site is optimized with the Yoast SEO Premium plugin v27.1 (Yoast SEO v27.1.1) - https:\/\/yoast.com\/product\/yoast-seo-premium-wordpress\/ -->\n<title>Bericht des Vorstandes 2024 - REWE Group<\/title>\n<meta name=\"description\" content=\"Die REWE Group hat das Gesch\u00e4ftsjahr 2024 erfolgreich abgeschlossen und entwickelt sich weiter stabil. Der Bericht des Vorstandes.\" \/>\n<meta name=\"robots\" content=\"index, follow, max-snippet:-1, max-image-preview:large, max-video-preview:-1\" \/>\n<link rel=\"canonical\" href=\"https:\/\/www.rewe-group.com\/de\/geschaeftsbericht-rewe-group-2024\/bericht-des-vorstandes-2024\/\" \/>\n<meta property=\"og:locale\" content=\"de_DE\" \/>\n<meta property=\"og:type\" content=\"article\" \/>\n<meta property=\"og:title\" content=\"Bericht des Vorstandes 2024\" \/>\n<meta property=\"og:description\" content=\"Die REWE Group hat das Gesch\u00e4ftsjahr 2024 erfolgreich abgeschlossen und entwickelt sich weiter stabil. Der Bericht des Vorstandes.\" \/>\n<meta property=\"og:url\" content=\"https:\/\/www.rewe-group.com\/de\/geschaeftsbericht-rewe-group-2024\/bericht-des-vorstandes-2024\/\" \/>\n<meta property=\"og:site_name\" content=\"REWE Group\" \/>\n<meta property=\"article:modified_time\" content=\"2025-06-16T06:04:09+00:00\" \/>\n<meta property=\"og:image\" content=\"https:\/\/www.rewe-group.com\/content\/uploads\/2023\/06\/Vorstand_gesamt.jpg?t=2025061606\" \/>\n\t<meta property=\"og:image:width\" content=\"2560\" \/>\n\t<meta property=\"og:image:height\" content=\"1708\" \/>\n\t<meta property=\"og:image:type\" content=\"image\/jpeg\" \/>\n<meta name=\"twitter:card\" content=\"summary_large_image\" \/>\n<meta name=\"twitter:label1\" content=\"Gesch\u00e4tzte Lesezeit\" \/>\n\t<meta name=\"twitter:data1\" content=\"6\u00a0Minuten\" \/>\n<script type=\"application\/ld+json\" class=\"yoast-schema-graph\">{\"@context\":\"https:\/\/schema.org\",\"@graph\":[{\"@type\":\"WebPage\",\"@id\":\"https:\/\/www.rewe-group.com\/de\/geschaeftsbericht-rewe-group-2024\/bericht-des-vorstandes-2024\/\",\"url\":\"https:\/\/www.rewe-group.com\/de\/geschaeftsbericht-rewe-group-2024\/bericht-des-vorstandes-2024\/\",\"name\":\"Bericht des Vorstandes 2024 - REWE Group\",\"isPartOf\":{\"@id\":\"https:\/\/www.rewe-group.com\/de\/#website\"},\"primaryImageOfPage\":{\"@id\":\"https:\/\/www.rewe-group.com\/de\/geschaeftsbericht-rewe-group-2024\/bericht-des-vorstandes-2024\/#primaryimage\"},\"image\":{\"@id\":\"https:\/\/www.rewe-group.com\/de\/geschaeftsbericht-rewe-group-2024\/bericht-des-vorstandes-2024\/#primaryimage\"},\"thumbnailUrl\":\"https:\/\/www.rewe-group.com\/content\/uploads\/2023\/06\/bericht-des-vorstandes-rewe-group-geschaeftsbericht-2022-scaled.jpg?t=2026040409\",\"datePublished\":\"2025-05-22T11:55:05+00:00\",\"dateModified\":\"2025-06-16T06:04:09+00:00\",\"description\":\"Die REWE Group hat das Gesch\u00e4ftsjahr 2024 erfolgreich abgeschlossen und entwickelt sich weiter stabil. Der Bericht des Vorstandes.\",\"breadcrumb\":{\"@id\":\"https:\/\/www.rewe-group.com\/de\/geschaeftsbericht-rewe-group-2024\/bericht-des-vorstandes-2024\/#breadcrumb\"},\"inLanguage\":\"de\",\"potentialAction\":[{\"@type\":\"ReadAction\",\"target\":[\"https:\/\/www.rewe-group.com\/de\/geschaeftsbericht-rewe-group-2024\/bericht-des-vorstandes-2024\/\"]}]},{\"@type\":\"ImageObject\",\"inLanguage\":\"de\",\"@id\":\"https:\/\/www.rewe-group.com\/de\/geschaeftsbericht-rewe-group-2024\/bericht-des-vorstandes-2024\/#primaryimage\",\"url\":\"https:\/\/www.rewe-group.com\/content\/uploads\/2023\/06\/bericht-des-vorstandes-rewe-group-geschaeftsbericht-2022-scaled.jpg?t=2026040409\",\"contentUrl\":\"https:\/\/www.rewe-group.com\/content\/uploads\/2023\/06\/bericht-des-vorstandes-rewe-group-geschaeftsbericht-2022-scaled.jpg?t=2026040409\",\"width\":2560,\"height\":989,\"caption\":\"Der Vorstand der REWE Group stellt den Gesch\u00e4ftsbericht 2022 vor.\"},{\"@type\":\"BreadcrumbList\",\"@id\":\"https:\/\/www.rewe-group.com\/de\/geschaeftsbericht-rewe-group-2024\/bericht-des-vorstandes-2024\/#breadcrumb\",\"itemListElement\":[{\"@type\":\"ListItem\",\"position\":1,\"name\":\"Gesch\u00e4ftsbericht REWE Group 2024\",\"item\":\"https:\/\/www.rewe-group.com\/de\/geschaeftsbericht-rewe-group-2024\/\"},{\"@type\":\"ListItem\",\"position\":2,\"name\":\"Bericht des Vorstandes 2024\"}]},{\"@type\":\"WebSite\",\"@id\":\"https:\/\/www.rewe-group.com\/de\/#website\",\"url\":\"https:\/\/www.rewe-group.com\/de\/\",\"name\":\"REWE Group\",\"description\":\"Die Website der REWE Group\",\"potentialAction\":[{\"@type\":\"SearchAction\",\"target\":{\"@type\":\"EntryPoint\",\"urlTemplate\":\"https:\/\/www.rewe-group.com\/de\/?s={search_term_string}\"},\"query-input\":{\"@type\":\"PropertyValueSpecification\",\"valueRequired\":true,\"valueName\":\"search_term_string\"}}],\"inLanguage\":\"de\"}]}<\/script>\n<!-- \/ Yoast SEO Premium plugin. -->","yoast_head_json":{"title":"Bericht des Vorstandes 2024 - REWE Group","description":"Die REWE Group hat das Gesch\u00e4ftsjahr 2024 erfolgreich abgeschlossen und entwickelt sich weiter stabil. Der Bericht des Vorstandes.","robots":{"index":"index","follow":"follow","max-snippet":"max-snippet:-1","max-image-preview":"max-image-preview:large","max-video-preview":"max-video-preview:-1"},"canonical":"https:\/\/www.rewe-group.com\/de\/geschaeftsbericht-rewe-group-2024\/bericht-des-vorstandes-2024\/","og_locale":"de_DE","og_type":"article","og_title":"Bericht des Vorstandes 2024","og_description":"Die REWE Group hat das Gesch\u00e4ftsjahr 2024 erfolgreich abgeschlossen und entwickelt sich weiter stabil. Der Bericht des Vorstandes.","og_url":"https:\/\/www.rewe-group.com\/de\/geschaeftsbericht-rewe-group-2024\/bericht-des-vorstandes-2024\/","og_site_name":"REWE Group","article_modified_time":"2025-06-16T06:04:09+00:00","og_image":[{"width":2560,"height":1708,"url":"https:\/\/www.rewe-group.com\/content\/uploads\/2023\/06\/Vorstand_gesamt.jpg?t=2025061606","type":"image\/jpeg"}],"twitter_card":"summary_large_image","twitter_misc":{"Gesch\u00e4tzte Lesezeit":"6\u00a0Minuten"},"schema":{"@context":"https:\/\/schema.org","@graph":[{"@type":"WebPage","@id":"https:\/\/www.rewe-group.com\/de\/geschaeftsbericht-rewe-group-2024\/bericht-des-vorstandes-2024\/","url":"https:\/\/www.rewe-group.com\/de\/geschaeftsbericht-rewe-group-2024\/bericht-des-vorstandes-2024\/","name":"Bericht des Vorstandes 2024 - REWE Group","isPartOf":{"@id":"https:\/\/www.rewe-group.com\/de\/#website"},"primaryImageOfPage":{"@id":"https:\/\/www.rewe-group.com\/de\/geschaeftsbericht-rewe-group-2024\/bericht-des-vorstandes-2024\/#primaryimage"},"image":{"@id":"https:\/\/www.rewe-group.com\/de\/geschaeftsbericht-rewe-group-2024\/bericht-des-vorstandes-2024\/#primaryimage"},"thumbnailUrl":"https:\/\/www.rewe-group.com\/content\/uploads\/2023\/06\/bericht-des-vorstandes-rewe-group-geschaeftsbericht-2022-scaled.jpg?t=2026040409","datePublished":"2025-05-22T11:55:05+00:00","dateModified":"2025-06-16T06:04:09+00:00","description":"Die REWE Group hat das Gesch\u00e4ftsjahr 2024 erfolgreich abgeschlossen und entwickelt sich weiter stabil. Der Bericht des Vorstandes.","breadcrumb":{"@id":"https:\/\/www.rewe-group.com\/de\/geschaeftsbericht-rewe-group-2024\/bericht-des-vorstandes-2024\/#breadcrumb"},"inLanguage":"de","potentialAction":[{"@type":"ReadAction","target":["https:\/\/www.rewe-group.com\/de\/geschaeftsbericht-rewe-group-2024\/bericht-des-vorstandes-2024\/"]}]},{"@type":"ImageObject","inLanguage":"de","@id":"https:\/\/www.rewe-group.com\/de\/geschaeftsbericht-rewe-group-2024\/bericht-des-vorstandes-2024\/#primaryimage","url":"https:\/\/www.rewe-group.com\/content\/uploads\/2023\/06\/bericht-des-vorstandes-rewe-group-geschaeftsbericht-2022-scaled.jpg?t=2026040409","contentUrl":"https:\/\/www.rewe-group.com\/content\/uploads\/2023\/06\/bericht-des-vorstandes-rewe-group-geschaeftsbericht-2022-scaled.jpg?t=2026040409","width":2560,"height":989,"caption":"Der Vorstand der REWE Group stellt den Gesch\u00e4ftsbericht 2022 vor."},{"@type":"BreadcrumbList","@id":"https:\/\/www.rewe-group.com\/de\/geschaeftsbericht-rewe-group-2024\/bericht-des-vorstandes-2024\/#breadcrumb","itemListElement":[{"@type":"ListItem","position":1,"name":"Gesch\u00e4ftsbericht REWE Group 2024","item":"https:\/\/www.rewe-group.com\/de\/geschaeftsbericht-rewe-group-2024\/"},{"@type":"ListItem","position":2,"name":"Bericht des Vorstandes 2024"}]},{"@type":"WebSite","@id":"https:\/\/www.rewe-group.com\/de\/#website","url":"https:\/\/www.rewe-group.com\/de\/","name":"REWE Group","description":"Die Website der REWE Group","potentialAction":[{"@type":"SearchAction","target":{"@type":"EntryPoint","urlTemplate":"https:\/\/www.rewe-group.com\/de\/?s={search_term_string}"},"query-input":{"@type":"PropertyValueSpecification","valueRequired":true,"valueName":"search_term_string"}}],"inLanguage":"de"}]}},"_links":{"self":[{"href":"https:\/\/www.rewe-group.com\/de\/wp-json\/wp\/v2\/pages\/43946","targetHints":{"allow":["GET"]}}],"collection":[{"href":"https:\/\/www.rewe-group.com\/de\/wp-json\/wp\/v2\/pages"}],"about":[{"href":"https:\/\/www.rewe-group.com\/de\/wp-json\/wp\/v2\/types\/page"}],"author":[{"embeddable":true,"href":"https:\/\/www.rewe-group.com\/de\/wp-json\/wp\/v2\/users\/18"}],"replies":[{"embeddable":true,"href":"https:\/\/www.rewe-group.com\/de\/wp-json\/wp\/v2\/comments?post=43946"}],"version-history":[{"count":9,"href":"https:\/\/www.rewe-group.com\/de\/wp-json\/wp\/v2\/pages\/43946\/revisions"}],"predecessor-version":[{"id":44279,"href":"https:\/\/www.rewe-group.com\/de\/wp-json\/wp\/v2\/pages\/43946\/revisions\/44279"}],"up":[{"embeddable":true,"href":"https:\/\/www.rewe-group.com\/de\/wp-json\/wp\/v2\/pages\/43898"}],"wp:featuredmedia":[{"embeddable":true,"href":"https:\/\/www.rewe-group.com\/de\/wp-json\/wp\/v2\/media\/30598"}],"wp:attachment":[{"href":"https:\/\/www.rewe-group.com\/de\/wp-json\/wp\/v2\/media?parent=43946"}],"wp:term":[{"taxonomy":"category","embeddable":true,"href":"https:\/\/www.rewe-group.com\/de\/wp-json\/wp\/v2\/categories?post=43946"},{"taxonomy":"post_tag","embeddable":true,"href":"https:\/\/www.rewe-group.com\/de\/wp-json\/wp\/v2\/tags?post=43946"}],"curies":[{"name":"wp","href":"https:\/\/api.w.org\/{rel}","templated":true}]}}