{"id":4299,"date":"2020-12-17T16:25:41","date_gmt":"2020-12-17T15:25:41","guid":{"rendered":"https:\/\/www.rewe-group.com\/?page_id=4299"},"modified":"2025-03-24T11:35:11","modified_gmt":"2025-03-24T10:35:11","slug":"mediasales","status":"publish","type":"page","link":"https:\/\/www.rewe-group.com\/de\/mediasales\/","title":{"rendered":"Mediasales"},"content":{"rendered":"\n<div class=\"wp-block-myblocks-template-root template-root\">\n<div class=\"wp-block-myblocks-section block-section section-bg-white section-padding-top section-padding-bottom\">\n<div class=\"wp-block-myblocks-row-full-2columns row-full-2columns my-row-block row-full\">\n<div class=\"wp-block-myblocks-row-full-2columns-cell row-cell row-full-2columns-cell my-cell-block\"><div class=\"myblock-wrapper block-my-text-teaser-gallery\" data-module-name=\"Teaser Contentmodul\"><div class=\"text-tasers-wrapper\">\n            <div class=\"text-taser-slider\">\n    <div class=\"text-taser-slider__slider\">\n        <ul class=\"rwgs__inner\">\n                                            <li>\n                    \n    <a href=\"http:\/\/www.rewe-group-retailmedia.com\" target=\"_blank\" rel=\"noopener noreferrer\"    class=\"text-teaser bg-color bg-color__light-gradient with-1-link\"  data-module-name=\".teaser-contentmodul\">\n        <div class=\"text-teaser__inner reweg-teaser-main\">\n        <h2 class=\"text-teaser__title smaller\">Werbem\u00f6glichkeiten mit REWE Group Retail Media Connect<\/h2>\n                    <div class=\"text-teaser__text entry-content\">\n                <p>REWE Group Retail Media Connect ist Ihr kompetenter Ansprechpartner f\u00fcr Insights-Fragestellungen und alle station\u00e4ren wie digitalen Werbefl\u00e4chen bei und rund um REWE. Wir generieren relevante Shopper Insights zu den K\u00e4ufer:innen Ihrer Marke, spielen integrierte Media-Kampagnen an die richtigen Zielgruppen aus und messen die Effekte zur Optimierung von Folgekampagnen.<\/p>\n<p>Informationen zu den Werbem\u00f6glichkeiten und Insights-Leistungen finden Sie auf unserer Website.<\/p>\n            <\/div>\n        \n        \n                    <ul class=\"text-teaser__links\">\n                                                            <li>\n                            <span class=\"arrow-link\">Zur REWE Group Retail Media Connect Website<\/span>\n                        <\/li>\n                                                <\/ul>\n            <\/div>\n<\/a>                <\/li>\n                    <\/ul>\n    <\/div>\n<\/div>    <\/div>\n<\/div><\/div>\n\n\n\n<div class=\"wp-block-myblocks-row-full-2columns-cell row-cell row-full-2columns-cell my-cell-block\"><div class=\"myblock-wrapper block-my-score-card\" data-module-name=\"Score Card\">    <div class=\"score-card-slider\">\n  <div class=\"score-card-slider__slider\">\n    <div class=\"rewe-scorecard number white\" data-unit=\"Industriepartner in 2024\" data-format=\"\" data-value=\"249 \" data-use-thousands-separator=\"\">\n    <div class=\"card-contents-wrapper\">\n        <div class=\"card-header\">\n            <h2 class=\"title\">Auf uns ist Verlass.<\/h2>                            <p class=\"sub-title\">Unser Team besteht aus 43 Spezialist:innen mit Expertise in Shopper Insights, Category Management, Retail Media und Vermarktung.<\/p>\n                    <\/div>\n        <div class=\"card-number\">\n            <div class=\"number-wrapper\">\n                <span class=\"value\"><\/span>\n                <span class=\"unit\"><\/span>\n            <\/div>\n        <\/div>\n    <\/div>\n<\/div>  <\/div>\n<\/div>\n<\/div><\/div>\n<\/div>\n<\/div>\n\n\n\n<div class=\"wp-block-myblocks-section block-section section-bg-white section-padding-top section-padding-bottom\">\n<div class=\"wp-block-myblocks-row-full-single row-full-single my-row-block row-full\"><div class=\"myblock-wrapper block-my-tagcloud\" data-module-name=\"Tagcloud\"><div class=\"tagcloud-block half-row-cell-inner\">\n    <div class=\"tagcloud-block__inner margin-row-inner\">\n                    <div class=\"tagcloud-block__header\">\n                <h2 class=\"tagcloud-block__title\">Was uns besch\u00e4ftigt:<\/h2>                            <\/div>\n\n            <div class=\"tagcloud-block__main\">\n                <ul class=\"tag-list\">\n            <li class=\"tag-list__item\">\n        <a href=\"https:\/\/www.rewe-group.com\/de\/themen\/artenschutz\/\" class=\"btn-keyword medium\" data-count=\"30\">Artenschutz<\/a>        <\/li>\n            <li class=\"tag-list__item\">\n        <a href=\"https:\/\/www.rewe-group.com\/de\/themen\/digitalisierung\/\" class=\"btn-keyword medium\" data-count=\"72\">Digitalisierung<\/a>        <\/li>\n            <li class=\"tag-list__item\">\n        <a href=\"https:\/\/www.rewe-group.com\/de\/themen\/diversity\/\" class=\"btn-keyword medium\" data-count=\"66\">Diversity<\/a>        <\/li>\n            <li class=\"tag-list__item\">\n        <a href=\"https:\/\/www.rewe-group.com\/de\/themen\/foodwaste\/\" class=\"btn-keyword medium\" data-count=\"34\">Foodwaste<\/a>        <\/li>\n            <li class=\"tag-list__item\">\n        <a href=\"https:\/\/www.rewe-group.com\/de\/themen\/genossenschaft\/\" class=\"btn-keyword medium\" data-count=\"50\">Genossenschaft<\/a>        <\/li>\n            <li class=\"tag-list__item\">\n        <a href=\"https:\/\/www.rewe-group.com\/de\/themen\/logistik\/\" class=\"btn-keyword medium\" data-count=\"21\">Logistik<\/a>        <\/li>\n            <li class=\"tag-list__item\">\n        <a href=\"https:\/\/www.rewe-group.com\/de\/themen\/innovation\/\" class=\"btn-keyword medium\" data-count=\"71\">Innovation<\/a>        <\/li>\n            <li class=\"tag-list__item\">\n        <a href=\"https:\/\/www.rewe-group.com\/de\/themen\/klima\/\" class=\"btn-keyword medium\" data-count=\"126\">Klima<\/a>        <\/li>\n            <li class=\"tag-list__item\">\n        <a href=\"https:\/\/www.rewe-group.com\/de\/themen\/lieferkette\/\" class=\"btn-keyword medium\" data-count=\"108\">Lieferkette<\/a>        <\/li>\n            <li class=\"tag-list__item\">\n        <a href=\"https:\/\/www.rewe-group.com\/de\/themen\/maerkte\/\" class=\"btn-keyword medium\" data-count=\"131\">M\u00e4rkte<\/a>        <\/li>\n            <li class=\"tag-list__item\">\n        <a href=\"https:\/\/www.rewe-group.com\/de\/themen\/sortiment\/\" class=\"btn-keyword medium\" data-count=\"133\">Sortiment<\/a>        <\/li>\n            <li class=\"tag-list__item\">\n        <a href=\"https:\/\/www.rewe-group.com\/de\/themen\/touristik\/\" class=\"btn-keyword medium\" data-count=\"67\">Touristik<\/a>        <\/li>\n            <li class=\"tag-list__item\">\n        <a href=\"https:\/\/www.rewe-group.com\/de\/themen\/verpackung\/\" class=\"btn-keyword medium\" data-count=\"57\">Verpackung<\/a>        <\/li>\n            <li class=\"tag-list__item\">\n        <a href=\"https:\/\/www.rewe-group.com\/de\/themen\/sponsoring\/\" class=\"btn-keyword medium\" data-count=\"30\">Sponsoring<\/a>        <\/li>\n    <\/ul>\n            <\/div>\n\n                        <\/div>\n<\/div>\n<\/div><\/div>\n<\/div>\n<\/div>\n","protected":false},"excerpt":{"rendered":"","protected":false},"author":10,"featured_media":15005,"parent":0,"menu_order":113,"comment_status":"closed","ping_status":"closed","template":"","meta":{"_acf_changed":false,"_relevanssi_hide_post":"","_relevanssi_hide_content":"","_relevanssi_pin_for_all":"","_relevanssi_pin_keywords":"","_relevanssi_unpin_keywords":"","_relevanssi_related_keywords":"","_relevanssi_related_include_ids":"","_relevanssi_related_exclude_ids":"","_relevanssi_related_no_append":"","_relevanssi_related_not_related":"","_relevanssi_related_posts":"","_relevanssi_noindex_reason":"","footnotes":""},"categories":[],"tags":[],"class_list":["post-4299","page","type-page","status-publish","has-post-thumbnail","hentry"],"acf":[],"yoast_head":"<!-- This site is optimized with the Yoast SEO Premium plugin v27.1 (Yoast SEO v27.1.1) - https:\/\/yoast.com\/product\/yoast-seo-premium-wordpress\/ -->\n<title>Mediasales - REWE Group<\/title>\n<meta name=\"description\" content=\"In der REWE Group gibt es verschiedene Werbem\u00f6glichkeiten \u00fcber REWE Group Medien und bei Customer Insights &amp; Media. Lernen Sie hier unsere Mediasales kennen.\" \/>\n<meta name=\"robots\" content=\"index, follow, max-snippet:-1, max-image-preview:large, max-video-preview:-1\" \/>\n<link rel=\"canonical\" href=\"https:\/\/www.rewe-group.com\/de\/mediasales\/\" \/>\n<meta property=\"og:locale\" content=\"de_DE\" \/>\n<meta property=\"og:type\" content=\"article\" \/>\n<meta property=\"og:title\" content=\"Mediasales\" \/>\n<meta property=\"og:description\" content=\"In der REWE Group gibt es verschiedene Werbem\u00f6glichkeiten \u00fcber REWE Group Medien und bei Customer Insights &amp; Media. Lernen Sie hier unsere Mediasales kennen.\" \/>\n<meta property=\"og:url\" content=\"https:\/\/www.rewe-group.com\/de\/mediasales\/\" \/>\n<meta property=\"og:site_name\" content=\"REWE Group\" \/>\n<meta property=\"article:modified_time\" content=\"2025-03-24T10:35:11+00:00\" \/>\n<meta property=\"og:image\" content=\"https:\/\/www.rewe-group.com\/content\/uploads\/2021\/04\/rewe-group-og-image.jpg?t=2025032410\" \/>\n\t<meta property=\"og:image:width\" content=\"1200\" \/>\n\t<meta property=\"og:image:height\" content=\"630\" \/>\n\t<meta property=\"og:image:type\" content=\"image\/jpeg\" \/>\n<meta name=\"twitter:card\" content=\"summary_large_image\" \/>\n<meta name=\"twitter:label1\" content=\"Gesch\u00e4tzte Lesezeit\" \/>\n\t<meta name=\"twitter:data1\" content=\"1\u00a0Minute\" \/>\n<script type=\"application\/ld+json\" class=\"yoast-schema-graph\">{\"@context\":\"https:\/\/schema.org\",\"@graph\":[{\"@type\":\"WebPage\",\"@id\":\"https:\/\/www.rewe-group.com\/de\/mediasales\/\",\"url\":\"https:\/\/www.rewe-group.com\/de\/mediasales\/\",\"name\":\"Mediasales - REWE Group\",\"isPartOf\":{\"@id\":\"https:\/\/www.rewe-group.com\/de\/#website\"},\"primaryImageOfPage\":{\"@id\":\"https:\/\/www.rewe-group.com\/de\/mediasales\/#primaryimage\"},\"image\":{\"@id\":\"https:\/\/www.rewe-group.com\/de\/mediasales\/#primaryimage\"},\"thumbnailUrl\":\"https:\/\/www.rewe-group.com\/content\/uploads\/2021\/04\/rewe-group-og-image.jpg?t=2026040502\",\"datePublished\":\"2020-12-17T15:25:41+00:00\",\"dateModified\":\"2025-03-24T10:35:11+00:00\",\"description\":\"In der REWE Group gibt es verschiedene Werbem\u00f6glichkeiten \u00fcber REWE Group Medien und bei Customer Insights & Media. Lernen Sie hier unsere Mediasales kennen.\",\"inLanguage\":\"de\",\"potentialAction\":[{\"@type\":\"ReadAction\",\"target\":[\"https:\/\/www.rewe-group.com\/de\/mediasales\/\"]}]},{\"@type\":\"ImageObject\",\"inLanguage\":\"de\",\"@id\":\"https:\/\/www.rewe-group.com\/de\/mediasales\/#primaryimage\",\"url\":\"https:\/\/www.rewe-group.com\/content\/uploads\/2021\/04\/rewe-group-og-image.jpg?t=2026040502\",\"contentUrl\":\"https:\/\/www.rewe-group.com\/content\/uploads\/2021\/04\/rewe-group-og-image.jpg?t=2026040502\",\"width\":1200,\"height\":630,\"caption\":\"Das REWE Group Logo\"},{\"@type\":\"WebSite\",\"@id\":\"https:\/\/www.rewe-group.com\/de\/#website\",\"url\":\"https:\/\/www.rewe-group.com\/de\/\",\"name\":\"REWE Group\",\"description\":\"Die Website der REWE Group\",\"potentialAction\":[{\"@type\":\"SearchAction\",\"target\":{\"@type\":\"EntryPoint\",\"urlTemplate\":\"https:\/\/www.rewe-group.com\/de\/?s={search_term_string}\"},\"query-input\":{\"@type\":\"PropertyValueSpecification\",\"valueRequired\":true,\"valueName\":\"search_term_string\"}}],\"inLanguage\":\"de\"}]}<\/script>\n<!-- \/ Yoast SEO Premium plugin. -->","yoast_head_json":{"title":"Mediasales - REWE Group","description":"In der REWE Group gibt es verschiedene Werbem\u00f6glichkeiten \u00fcber REWE Group Medien und bei Customer Insights & Media. Lernen Sie hier unsere Mediasales kennen.","robots":{"index":"index","follow":"follow","max-snippet":"max-snippet:-1","max-image-preview":"max-image-preview:large","max-video-preview":"max-video-preview:-1"},"canonical":"https:\/\/www.rewe-group.com\/de\/mediasales\/","og_locale":"de_DE","og_type":"article","og_title":"Mediasales","og_description":"In der REWE Group gibt es verschiedene Werbem\u00f6glichkeiten \u00fcber REWE Group Medien und bei Customer Insights & Media. Lernen Sie hier unsere Mediasales kennen.","og_url":"https:\/\/www.rewe-group.com\/de\/mediasales\/","og_site_name":"REWE Group","article_modified_time":"2025-03-24T10:35:11+00:00","og_image":[{"width":1200,"height":630,"url":"https:\/\/www.rewe-group.com\/content\/uploads\/2021\/04\/rewe-group-og-image.jpg?t=2025032410","type":"image\/jpeg"}],"twitter_card":"summary_large_image","twitter_misc":{"Gesch\u00e4tzte Lesezeit":"1\u00a0Minute"},"schema":{"@context":"https:\/\/schema.org","@graph":[{"@type":"WebPage","@id":"https:\/\/www.rewe-group.com\/de\/mediasales\/","url":"https:\/\/www.rewe-group.com\/de\/mediasales\/","name":"Mediasales - REWE Group","isPartOf":{"@id":"https:\/\/www.rewe-group.com\/de\/#website"},"primaryImageOfPage":{"@id":"https:\/\/www.rewe-group.com\/de\/mediasales\/#primaryimage"},"image":{"@id":"https:\/\/www.rewe-group.com\/de\/mediasales\/#primaryimage"},"thumbnailUrl":"https:\/\/www.rewe-group.com\/content\/uploads\/2021\/04\/rewe-group-og-image.jpg?t=2026040502","datePublished":"2020-12-17T15:25:41+00:00","dateModified":"2025-03-24T10:35:11+00:00","description":"In der REWE Group gibt es verschiedene Werbem\u00f6glichkeiten \u00fcber REWE Group Medien und bei Customer Insights & Media. Lernen Sie hier unsere Mediasales kennen.","inLanguage":"de","potentialAction":[{"@type":"ReadAction","target":["https:\/\/www.rewe-group.com\/de\/mediasales\/"]}]},{"@type":"ImageObject","inLanguage":"de","@id":"https:\/\/www.rewe-group.com\/de\/mediasales\/#primaryimage","url":"https:\/\/www.rewe-group.com\/content\/uploads\/2021\/04\/rewe-group-og-image.jpg?t=2026040502","contentUrl":"https:\/\/www.rewe-group.com\/content\/uploads\/2021\/04\/rewe-group-og-image.jpg?t=2026040502","width":1200,"height":630,"caption":"Das REWE Group Logo"},{"@type":"WebSite","@id":"https:\/\/www.rewe-group.com\/de\/#website","url":"https:\/\/www.rewe-group.com\/de\/","name":"REWE Group","description":"Die Website der REWE Group","potentialAction":[{"@type":"SearchAction","target":{"@type":"EntryPoint","urlTemplate":"https:\/\/www.rewe-group.com\/de\/?s={search_term_string}"},"query-input":{"@type":"PropertyValueSpecification","valueRequired":true,"valueName":"search_term_string"}}],"inLanguage":"de"}]}},"_links":{"self":[{"href":"https:\/\/www.rewe-group.com\/de\/wp-json\/wp\/v2\/pages\/4299","targetHints":{"allow":["GET"]}}],"collection":[{"href":"https:\/\/www.rewe-group.com\/de\/wp-json\/wp\/v2\/pages"}],"about":[{"href":"https:\/\/www.rewe-group.com\/de\/wp-json\/wp\/v2\/types\/page"}],"author":[{"embeddable":true,"href":"https:\/\/www.rewe-group.com\/de\/wp-json\/wp\/v2\/users\/10"}],"replies":[{"embeddable":true,"href":"https:\/\/www.rewe-group.com\/de\/wp-json\/wp\/v2\/comments?post=4299"}],"version-history":[{"count":92,"href":"https:\/\/www.rewe-group.com\/de\/wp-json\/wp\/v2\/pages\/4299\/revisions"}],"predecessor-version":[{"id":43193,"href":"https:\/\/www.rewe-group.com\/de\/wp-json\/wp\/v2\/pages\/4299\/revisions\/43193"}],"wp:featuredmedia":[{"embeddable":true,"href":"https:\/\/www.rewe-group.com\/de\/wp-json\/wp\/v2\/media\/15005"}],"wp:attachment":[{"href":"https:\/\/www.rewe-group.com\/de\/wp-json\/wp\/v2\/media?parent=4299"}],"wp:term":[{"taxonomy":"category","embeddable":true,"href":"https:\/\/www.rewe-group.com\/de\/wp-json\/wp\/v2\/categories?post=4299"},{"taxonomy":"post_tag","embeddable":true,"href":"https:\/\/www.rewe-group.com\/de\/wp-json\/wp\/v2\/tags?post=4299"}],"curies":[{"name":"wp","href":"https:\/\/api.w.org\/{rel}","templated":true}]}}