{"id":4286,"date":"2020-12-17T16:24:27","date_gmt":"2020-12-17T15:24:27","guid":{"rendered":"https:\/\/www.rewe-group.com\/?page_id=4286"},"modified":"2026-03-25T12:23:36","modified_gmt":"2026-03-25T11:23:36","slug":"impressum","status":"publish","type":"page","link":"https:\/\/www.rewe-group.com\/de\/impressum\/","title":{"rendered":"Impressum"},"content":{"rendered":"\n<div class=\"wp-block-myblocks-template-root template-root\">\n<div class=\"wp-block-myblocks-section block-section section-bg-white section-padding-top section-padding-bottom\">\n<div class=\"wp-block-myblocks-row-full-single row-full-single my-row-block row-full\"><div class=\"myblock-wrapper block-my-text-block block-ingrid\" data-module-name=\"Headline Copy Link\">    <div class=\"textblock margin-row-inner\">\n        <div class=\"entry-content\">\n            <h2 class=\"smaller\">Herausgeber <\/h2>\n            <p><strong>REWE-ZENTRALFINANZ eG<\/strong><br \/>\nDomstra\u00dfe 20<br \/>\nD &#8211; 50668 K\u00f6ln<\/p>\n<p>Tel.: +49 221 149 0<br \/>\nFax: +49 221 149 9000<br \/>\nMail: <a href=\"mailto:info@rewe-group.com\">info@rewe-group.com<\/a><\/p>\n<p><strong>Vorstand<\/strong><br \/>\nLionel Souque (Vorsitzender)<br \/>\nDr. Daniela B\u00fcchel<br \/>\nChristoph Eltze<br \/>\nPeter Maly<br \/>\nHans-J\u00fcrgen Moog<br \/>\nTelerik Schischmanow<\/p>\n<p><strong>Aufsichtsratsvorsitzender<\/strong><br \/>\nStefan Lenk<\/p>\n<p><strong>Registergericht<\/strong><br \/>\nAmtsgericht K\u00f6ln (GnR 631)<\/p>\n<p><strong>Umsatzsteueridentifikationsnummer<\/strong><br \/>\nDE 122 789 630<\/p>\n<p><strong>Pr\u00fcfungsverband:<\/strong><br \/>\nREWE Pr\u00fcfungsverband e.V.<\/p>\n<p><strong>Kontakt:<\/strong><br \/>\nREWE Group-Unternehmenskommunikation<br \/>\nDomstra\u00dfe 20<br \/>\nD &#8211; 50668 K\u00f6ln<\/p>\n<p>Tel.: +49 221 149 1050<br \/>\nFax: +49 221 138898<br \/>\nMail: <a href=\"mailto:presse@rewe-group.com\">presse@rewe-group.com<\/a><\/p>\n<p><strong>Verantwortliche\/r i.S.d \u00a7 18 Abs. 2 MStV:<br \/>\n<\/strong>Ines Juen, Domstra\u00dfe 20, D \u2013 50668 K\u00f6ln<\/p>\n<p data-pm-slice=\"1 1 []\"><strong>Hinweis zu den Inhalten des Online-Gesch\u00e4ftsberichts:<br \/>\n<\/strong>Dieser REWE Group Online-Gesch\u00e4ftsbericht enth\u00e4lt zukunftsbezogene Aussagen, die auf Einsch\u00e4tzungen k\u00fcnftiger Entwicklungen seitens des Vorstands basieren. Die Aussagen und Prognosen stellen Einsch\u00e4tzungen dar, die auf Basis aller zum 16. Juni 2025 zur Verf\u00fcgung stehenden Informationen getroffen wurden. Sollten die den Aussagen und Prognosen zugrunde gelegten Annahmen nicht eintreffen, so k\u00f6nnen die tats\u00e4chlichen Ergebnisse von den zurzeit erwarteten abweichen.<br \/>\nRedaktion \u201eLagebericht\/Abschluss\u201c: Funktionsbereich Konzernrechnungswesen und bilanzielle Fachabteilung (BWK).<\/p>\n<p><strong>Bildnachweis:<\/strong><\/p>\n<p>Einige Bilder auf dieser Website unterliegen dem Copyright der folgenden Fotografen:<\/p>\n<p>\u00a9 REWE Group<\/p>\n<p>\u00a9 REWE<\/p>\n<p>\u00a9 Lekkerland SE<\/p>\n<p>\u00a9 toom<\/p>\n<p>\u00a9 DER Touristik<\/p>\n<p>\u00a9 DERTOUR Group<\/p>\n<p>\u00a9 DERTOUR Austria<\/p>\n<p>\u00a9 REWE International AG<\/p>\n<p>\u00a9 BILLA<\/p>\n<p>\u00a9 BIPA<\/p>\n<p>\u00a9 ADEG<\/p>\n<p>\u00a9 Fairtrade<\/p>\n<p>\u00a9 VYTAL<\/p>\n<p>\u00a9 Die Tafeln\/Dagmar Schwelle<\/p>\n<p>\u00a9 Die Tafeln\/Monique W\u00fcstenhagen<\/p>\n<p>\u00a9 GIZ<\/p>\n<p>\u00a9 Bart Nijs Fotografie<\/p>\n<p>\u00a9 Upl\u00e4nder Bauernmolkerei GmbH<\/p>\n<p>\u00a9 1. FC K\u00f6ln \/ Thomas F\u00e4hnrich<\/p>\n<p>\u00a9 Michael Pr\u00f6ck<\/p>\n<p>\u00a9 Amanda Dahms<\/p>\n<p>\u00a9 Martinjeppp<\/p>\n<p>\u00a9 Tom Heindl<\/p>\n<p>\u00a9 Bl\u00fchendes \u00d6sterreich<\/p>\n<p>\u00a9 J\u00fcrgen Arlt<\/p>\n<p>\u00a9 Sessner Fotografie<\/p>\n<p>\u00a9 Michael Breuer<\/p>\n<p>\u00a9 Peter Eilers<\/p>\n<p>\u00a9 Martn Bondzio<\/p>\n<p>\u00a9 \u00d8rsted \/ M.Ibeler<\/p>\n<p>\u00a9 Molkereigenossenschaft Berchtesgadener Land<\/p>\n<p>\u00a9 Alexander Heimann<\/p>\n<p>\u00a9 BMAS<\/p>\n<p>\u00a9 NABU\/Ronja Herzberg<\/p>\n<p>\u00a9 NABU\/Nicola Spundflasch<\/p>\n<p>\u00a9 NABU\/Die Hoffotografen<\/p>\n<p>\u00a9 Matthias Tunger Photodesign<\/p>\n<p>\u00a9 Jennifer Fey<\/p>\n<p>\u00a9 Laura Hoffmann<\/p>\n<p>\u00a9 K\u00f6ln Marathon<\/p>\n<p>\u00a9 Jim Gramming<\/p>\n<p>\u00a9 BMEL | German Food Bridge f\u00fcr Lebensmittelhilfen der Ern\u00e4hrungswirtschaft in die Ukraine<\/p>\n<p>\u00a9 Andr\u00e9 Pilling<\/p>\n<p>\u00a9 Foto-Studio Penz<\/p>\n<p>\u00a9\u00a0Melanie Bartels<\/p>\n<p>\u00a9\u00a0Mariella Vagabundo<\/p>\n<p>\u00a9 Daniel Reinhardt<\/p>\n<p>\u00a9 Navina Neuschl<\/p>\n<p>\u00a9 Karin Tresp<\/p>\n<p>\u00a9 Boris Saposchnikow<\/p>\n<p>\u00a9 Tomas Rodriguez<\/p>\n<p>\u00a9 Florian S\u00f6rensen<\/p>\n<p>\u00a9 Tim Keweritsch<\/p>\n<p>\u00a9 Helle Kammer \/ Falko Alexander<\/p>\n<p>\u00a9 Michael Breuer (photokonzept)<\/p>\n<p>\u00a9 DER Touristik Partner-Service (DTPS)<\/p>\n<p>\u00a9 Dominic Dupont<\/p>\n<p>\u00a9 Christoph Gro\u00dfe<\/p>\n<p>\u00a9 Robert Harson<\/p>\n<p>\u00a9 amixstudio<\/p>\n<p>\u00a9 BMEL\/Schwalm<\/p>\n<p>\u00a9 Dustin Preick<\/p>\n<p>\u00a9 Anatoli Oskin\/photoresque GmbH<\/p>\n<p>\u00a9 Andrei Sokolovski<\/p>\n<p>\u00a9 Maldives Coral Institute<\/p>\n<p>\u00a9 Endangered Wildlife Trust<\/p>\n<p>\u00a9 KOTO Foundation &amp; Carsten Heinke<\/p>\n<p>\u00a9 DEKAFOK Association Antalya<\/p>\n<p>\u00a9 Fly and Help\/HEMAS Outreach Foundation<\/p>\n<p>\u00a9 R\u00fcdiger Fessel<\/p>\n<p>\u00a9 Institute of Oceanology \u2013 Bulgarian Academy of Sciences<\/p>\n<p><span style=\"font-family: inherit;font-size: inherit;font-style: inherit;font-weight: inherit\">\u00a9 Lichtschacht Essen<\/span><\/p>\n<p>\u00a9 GS1 Germany\/J\u00f6rn Wolter<\/p>\n<p>\u00a9 Wingcopter<\/p>\n<p>\u00a9 Katharina Manteufel-Kuziel<\/p>\n<p>\u00a9 GfK eBUS\u00ae<\/p>\n<p>\u00a9 Christoph Gro\u00dfe<\/p>\n<p>\u00a9 sykell GmbH<\/p>\n<p>\u00a9 Reinhard Rosendahl<\/p>\n<p>\u00a9 Oliver Steller<\/p>\n<p>\u00a9 DSR Hotel Holding (Eric Gross)<\/p>\n<p>\u00a9 Nadine Tschira<\/p>\n<p>\u00a9 Denis Ignatov<\/p>\n<p>\u00a9 Gem\u00fcsebau Steiner (Markus Altmann)<\/p>\n<p>\u00a9 Forum Moderne Landwirtschaft<\/p>\n<p>\u00a9 ArneNagel<\/p>\n<p>\u00a9 Sessner<\/p>\n<p>\u00a9 nucao<\/p>\n<p>\u00a9 ToMOORow<\/p>\n<p>\u00a9 SPD\/MK<\/p>\n<p>\u00a9 Nils Leon Brauer<\/p>\n<p>\u00a9 tokography\/Tobias Koch<\/p>\n<p>\u00a9 Thomas Trutschel\/photothek.de<\/p>\n<p>\u00a9 Ralf Kornmann Fotografie<\/p>\n<p>\u00a9 Charlotte Sattler<\/p>\n<p>\u00a9 Filmkumpels<\/p>\n<p>\u00a9 Jennifer Prucha<\/p>\n<p>\u00a9 RobertHarson<\/p>\n<p>\u00a9 jonas_diener<\/p>\n<p>\u00a9 123RF \/ lightpoet<\/p>\n<p>\u00a9\u00a0Profoto Studio &amp; Workshop<\/p>\n<p>\u00a9 Robert Polster<\/p>\n<p>\u00a9 Christina H\u00e4usler<\/p>\n<p>\u00a9 Robert Harson<\/p>\n<p>\u00a9 EHA<\/p>\n<p>\u00a9 Montflix GbR<\/p>\n<p>\u00a9 LDM Anlagenbau GmbH<\/p>\n<p>\u00a9 Thies Raetzke<\/p>\n<p>\u00a9 Fabian Voichita<\/p>\n<p>\u00a9 Franziska Fettke<\/p>\n<p>\u00a9 Jenny Paul Fotografie<\/p>\n<p>\u00a9 Matthias Klegraf<\/p>\n<p>\u00a9 Hannes Schmid<\/p>\n<p>\u00a9 Pimali Association<\/p>\n<p>\u00a9 Lara-Christina Sell<\/p>\n<p>\u00a9 Julia Pietzko<\/p>\n<p>\u00a9 Stefan Wullkotte \/ FOTOFABRIK Frankfurt<\/p>\n<p>\u00a9 <span style=\"font-family: inherit;font-size: inherit;font-style: inherit;font-weight: inherit\">OC Food Solution GmbH<\/span><\/p>\n<p>\u00a9 Jenni Prucha<\/p>\n<p>\u00a9 Formo Bio GmbH<\/p>\n<p>\u00a9 Gero Breloer<\/p>\n<p>\u00a9 Staatsministerium Baden-W\u00fcrttemberg<\/p>\n<p>\u00a9 Leonardo Ramirez Photography<\/p>\n<p>\u00a9 LPV\/I. Drozdowski, Christian Dusek<\/p>\n<p>\u00a9 Adrian Kubica<\/p>\n<p>\u00a9 Richard Rill<\/p>\n<p>\u00a9 Manfred Damms<\/p>\n<p>\u00a9 PETA Deutschland e.V.<\/p>\n<p>\u00a9 Ja! Nat\u00fcrlich<\/p>\n<p>\u00a9 Robert Harson<\/p>\n<p>@ Smart Proteins Summit<\/p>\n<p>\u00a9 Urs K\u00fcster<\/p>\n<p>\u00a9 Thomas Fedra<\/p>\n<p>\u00a9 Monika Ringart<\/p>\n<p>\u00a9 Dunja Surendran<\/p>\n<p>\u00a9 Ina Meyer<\/p>\n<p>\u00a9 budabar\/123rf.com<\/p>\n<p>\u00a9 David Marschalksy<\/p>\n<p>\u00a9 acme<\/p>\n<p>\u00a9 CS UnserHavelland<\/p>\n<p>\u00a9 Lekkerland\/Marius Franke<\/p>\n<p>\u00a9 Nadja Haese<\/p>\n<p>\u00a9 Mirko Sauerbach<\/p>\n<p>\u00a9 Karl Schrotter (BIPA)<\/p>\n<p>\u00a9 Michael Bauer<\/p>\n<p>\u00a9 Malte Brandt<\/p>\n<p>\u00a9123RF_djedzura<\/p>\n<p>\u00a9 76 Shots by Christian Ecker<\/p>\n<p>\u00a9 Le\u00f3n Danny van Rompaey Lejko<\/p>\n<p>\u00a9Ben Hammer<\/p>\n<p>\u00a9 berufundfamilie Service GmbH<\/p>\n<p>\u00a9 Christian Lord Otto<\/p>\n<p>\u00a9 Rafael Navarro<\/p>\n<p>\u00a9 Michael Zimmermann<\/p>\n<p>\u00a9 Ole Spata<\/p>\n<p>\u00a9 DIHK \/ Marko Priske<\/p>\n<p>\u00a9 RUB, Marquard<\/p>\n<p>\u00a9Mercedes-Benz AG<\/p>\n<p>\u00a9 Jenni Prucha<\/p>\n<p>\u00a9 Roland Breitschuh<\/p>\n<p>\u00a9 Anne Wirtz<\/p>\n<p class=\"p1\"><span class=\"s1\"> \u00a9DERTOUR Reisebarometer Sommer 2025<\/span><\/p>\n<p>\u00a9Christoph Vohler<\/p>\n<p><span class=\"TextRun SCXW252299320 BCX0\" lang=\"DE-DE\" xml:lang=\"DE-DE\" data-contrast=\"none\"><span class=\"NormalTextRun SCXW252299320 BCX0\">\u00a9KI generiert mit Adobe Firefly<\/span><\/span><\/p>\n<p>\u00a9Klaus Landry<\/p>\n<p>\u00a9fulfillmenttools<\/p>\n<p>\u00a9Endless Summer<\/p>\n<p>\u00a9S.Verissimo<\/p>\n<p>Getty Images:<\/p>\n<p>\u00a9 fotokostic, Aliyev Alexei Sergeevich, monkeybusinessimages, Aja Koska, Chee Gin Tan, Kwangmoozaa, Milos Dimic, SolStock, Peopleimages, Alvarez, valio84sl, PointImages, ljubaphoto, LightingKreative, beavera, t-lorien, nastya_ph, Claudiad, Jasmina007, FooTToo, milanvirijevic, FG Trade, Halfpoint, Alain Intraina, SbytovaMN, djgunner, Evgeniia Siiankovskaia, Kseniia Zatevakhina, ThitareeSarmkasat, Gareth Hoyle \/ EyeEm, fotohunter, pixelfit, FangXiaNuo, kay fochtmann, Sasa Lalic, Tomwang112, Meinzahn, Dougal Waters, Rawpixel, Michael Pr\u00f6ck, Miss Zhazha, Reiner Pfisterer, Ipopba, PolacoStudios, Fizkes, yangna, peeterv, seb_ra, Jill Chen, Stephan Kerkhofs, Iakov Kalinin,\u202fMaskot,\u202fProstock-Studio, MasterLu, Jeff_Hu, PPAMPicture, Sabine Wagner, Boris_Kuznets, courtneyk, wilpunt, sanjeri, ArtistGNDphotography, CrispyPork, imaginima, skynesher, Kwangmoozaa, kupicoo, Nodar Chernishev, imamember, FilippoBacci, Eva-Katalin, CasarsaGuru, SolStock, baranozdemir, martin-dm, sanjeri, mixetto, Natee Meepian, Sonja Rachbauer, Chris Strickland, Aumsama, RyanJLane, Ruslan Sidorov, Savushkin, Antonello Fotos, Dancu Aleksandar, Volodymyr Maksymchuk, caughtinthe, vgajic, Ja&#8217;Crispy, vchal, Marco VDM, flyparade, encrier, Baloncici, mikolajn, SouthWorks, alengo, Moon Safari, gorodenkoff, LeManna, mediaphotos, ridvan_celik, xavierarnau, Dean Mitchell, halbergman, Porta, Viktor Kintop, Dougall_Photography, Jona Bastian, metamorworks, MARHARYTA MARKO, Petmal, Klaus Vedfelt, AnnaNahabed, Sonja Rachbauer, jacoblund, alvarez, temizyurek, Jacob Wackerhausen, 5.\/15 WEST, fotografixx, artJazz, Xsandra, Creativebird, andreswd, izusek, Jorg Greuel, Esther Kelleter, the_burtons, Oscar Wong, alle12, Witthaya Prasongsin, danchooalex, MikeMareen, SHansche, Oliver Hasselluhn, FS Productions, manonallard, Luis Alvarez, Halfpoint, jacoblund, Halfpoint Images, andresr, Maskot, d3sign, Hinterhaus Productions, gorodenkoff, Westend61, Thomas Barwick, dusanpetkovic, Travel Trend, Maksym Belchenko, skynesher, Chunyip Wong, Aamulya, Mint Images, Kseniya Ovchinnikova, Oscar Wong, FatCamera, Tom Werner, VioletaStoimenova, filadendron, Liudmila Chernetska, Ton Photograph, Freder, alvarez, ronstik, Maskot, Dennis Fischer Photography, <span class=\"s1\">Olga Gavrilova, <\/span><span class=\"s1\">Mathias Gro\u00dfe, herstockart, Westend61, Milan Krasula, bojanstory<\/span><\/p>\n<p>Shutterstock:<\/p>\n<p>\u00a9 Maskot, Prostock-Studio, JarnoVerdonk, nd700, kzenon, AltoPress \/ Maxppp, James Hardy, Maxppp, Kalinovsky Dmitry, DedovStock, FrimuFilms, Dean Drobot, Fah Studio 27, Vova Shevchuk, Edgar G. Biehle, chuyuss, Lucky Business, Jacob Lund, r.classen, JLco Julia Amaral, PeopleImages.com\/Yuri A, Juliya Shangarey, Trzykropy, Parilov, insta_photos, fokke baarssen, Alexander Raths, SennaRelax, THICHA SATAPITANON, Amal Boulehris, bojanstory, Nadya Eugene<\/p>\n<p>Unsplash:<\/p>\n<p>\u00a9 Daniel Funes Fuentes, v2osk, priscilladupreez, thethinblackframe, kalvisuals, greg_rosenke, famg, Mercedes Mehling<\/p>\n<p>Pexels:<\/p>\n<p>\u00a9 Marcus Aurelius, Jeys Tubianosa, cottonbro<\/p>\n<p>Adobe Stock:<\/p>\n<p>\u00a9 ChristArt<\/p>\n<p>\u00a9 LIGHTFIELD STUDIOS<\/p>\n<p>\u00a9 VIEWVEAR<\/p>\n<p>\u00a9 Christian Schwier<\/p>\n<p>\u00a9 sogmiller<\/p>\n<p>\u00a9 Laura Pashkevich<\/p>\n<p>\u00a9 Oleksandr<\/p>\n<p>\u00a9 Rasko Maksim<\/p>\n<p>\u00a9 LUKIN IGOR<\/p>\n<p>\u00a9 Dzmitry Halavach<\/p>\n<p>\u00a9 BullRun<\/p>\n<p>\u00a9 Seventyfour<\/p>\n<p>\u00a9 insta_photos<\/p>\n<p>\u00a9 wutzkoh<\/p>\n<p>\u00a9 whyframeshot<\/p>\n<p>\u00a9 Business Situations<\/p>\n<p>\u00a9 Mojolo<\/p>\n<p>\u00a9 Bogdan<\/p>\n<p>\u00a9 Sudavadee<\/p>\n<p>\u00a9 sharm-el-sheikh<\/p>\n<p class=\"p1\"><span class=\"s1\">\u00a9 Dominik Dlask<\/span><\/p>\n<p><span class=\"s1\">\u00a9 <\/span>alphafotos<\/p>\n<p><span class=\"s1\">\u00a9 <\/span>lara<\/p>\n<p>Image Agency:<\/p>\n<p>\u00a9 R\u00fcdiger Glatz<\/p>\n<p>Fairtrade:<\/p>\n<p>\u00a9 Hilina Abebe<\/p>\n<p>Mauritius Images:<\/p>\n<p>\u00a9 Westend61 GmbH<\/p>\n<p>\u00a9 Eric Gevaert<\/p>\n<p>Westend61 GmbH:<\/p>\n<p>\u00a9 Westend61Premium (Philipp Nemenz)<\/p>\n<p>istock:<\/p>\n<p>\u00a9 Creative Credit<\/p>\n<p>\u00a9 Daisy-Daisy<\/p>\n<p>PantherMedia:<\/p>\n<p>\u00a9 ArturVerkhovetskiy<\/p>\n<p><strong>Verbraucherschlichtung:<\/strong> Die REWE Group nimmt nicht an Streitbeilegungsverfahren einer Verbraucherschlichtungsstelle teil und ist dazu auch nicht verpflichtet.<\/p>\n        <\/div>\n\n            <\/div>\n<\/div><\/div>\n<\/div>\n\n\n\n<div class=\"wp-block-myblocks-section block-section section-bg-white section-padding-bottom\">\n<div class=\"wp-block-myblocks-row-full-single row-full-single my-row-block row-full\"><div class=\"myblock-wrapper block-my-tagcloud\" data-module-name=\"Tagcloud\"><div class=\"tagcloud-block half-row-cell-inner\">\n    <div class=\"tagcloud-block__inner margin-row-inner\">\n                    <div class=\"tagcloud-block__header\">\n                <h2 class=\"tagcloud-block__title\">Was uns besch\u00e4ftigt:<\/h2>                            <\/div>\n\n            <div class=\"tagcloud-block__main\">\n                <ul class=\"tag-list\">\n            <li class=\"tag-list__item\">\n        <a href=\"https:\/\/www.rewe-group.com\/de\/themen\/menschenrechte\/\" class=\"btn-keyword medium\" data-count=\"67\">Menschenrechte<\/a>        <\/li>\n            <li class=\"tag-list__item\">\n        <a href=\"https:\/\/www.rewe-group.com\/de\/themen\/lieferkette\/\" class=\"btn-keyword medium\" data-count=\"108\">Lieferkette<\/a>        <\/li>\n            <li class=\"tag-list__item\">\n        <a href=\"https:\/\/www.rewe-group.com\/de\/themen\/artenschutz\/\" class=\"btn-keyword medium\" data-count=\"30\">Artenschutz<\/a>        <\/li>\n            <li class=\"tag-list__item\">\n        <a href=\"https:\/\/www.rewe-group.com\/de\/themen\/klima\/\" class=\"btn-keyword medium\" data-count=\"126\">Klima<\/a>        <\/li>\n            <li class=\"tag-list__item\">\n        <a href=\"https:\/\/www.rewe-group.com\/de\/themen\/tierwohl\/\" class=\"btn-keyword medium\" data-count=\"49\">Tierwohl<\/a>        <\/li>\n            <li class=\"tag-list__item\">\n        <a href=\"https:\/\/www.rewe-group.com\/de\/themen\/diversity\/\" class=\"btn-keyword medium\" data-count=\"66\">Diversity<\/a>        <\/li>\n            <li class=\"tag-list__item\">\n        <a href=\"https:\/\/www.rewe-group.com\/de\/themen\/genossenschaft\/\" class=\"btn-keyword medium\" data-count=\"51\">Genossenschaft<\/a>        <\/li>\n            <li class=\"tag-list__item\">\n        <a href=\"https:\/\/www.rewe-group.com\/de\/themen\/geschaeftsentwicklung\/\" class=\"btn-keyword medium\" data-count=\"81\">Gesch\u00e4ftsentwicklung<\/a>        <\/li>\n            <li class=\"tag-list__item\">\n        <a href=\"https:\/\/www.rewe-group.com\/de\/themen\/maerkte\/\" class=\"btn-keyword medium\" data-count=\"131\">M\u00e4rkte<\/a>        <\/li>\n            <li class=\"tag-list__item\">\n        <a href=\"https:\/\/www.rewe-group.com\/de\/themen\/logistik\/\" class=\"btn-keyword medium\" data-count=\"21\">Logistik<\/a>        <\/li>\n            <li class=\"tag-list__item\">\n        <a href=\"https:\/\/www.rewe-group.com\/de\/themen\/innovation\/\" class=\"btn-keyword medium\" data-count=\"71\">Innovation<\/a>        <\/li>\n            <li class=\"tag-list__item\">\n        <a href=\"https:\/\/www.rewe-group.com\/de\/themen\/digitalisierung\/\" class=\"btn-keyword medium\" data-count=\"73\">Digitalisierung<\/a>        <\/li>\n            <li class=\"tag-list__item\">\n        <a href=\"https:\/\/www.rewe-group.com\/de\/themen\/touristik\/\" class=\"btn-keyword medium\" data-count=\"67\">Touristik<\/a>        <\/li>\n            <li class=\"tag-list__item\">\n        <a href=\"https:\/\/www.rewe-group.com\/de\/themen\/eigenmarken\/\" class=\"btn-keyword medium\" data-count=\"78\">Eigenmarken<\/a>        <\/li>\n    <\/ul>\n            <\/div>\n\n                        <\/div>\n<\/div>\n<\/div><\/div>\n<\/div>\n<\/div>\n","protected":false},"excerpt":{"rendered":"","protected":false},"author":10,"featured_media":15005,"parent":0,"menu_order":109,"comment_status":"closed","ping_status":"closed","template":"","meta":{"_acf_changed":false,"_relevanssi_hide_post":"","_relevanssi_hide_content":"","_relevanssi_pin_for_all":"","_relevanssi_pin_keywords":"","_relevanssi_unpin_keywords":"","_relevanssi_related_keywords":"","_relevanssi_related_include_ids":"","_relevanssi_related_exclude_ids":"","_relevanssi_related_no_append":"","_relevanssi_related_not_related":"","_relevanssi_related_posts":"","_relevanssi_noindex_reason":"","footnotes":""},"categories":[],"tags":[],"class_list":["post-4286","page","type-page","status-publish","has-post-thumbnail","hentry"],"acf":[],"yoast_head":"<!-- This site is optimized with the Yoast SEO Premium plugin v27.5 (Yoast SEO v27.5) - https:\/\/yoast.com\/product\/yoast-seo-premium-wordpress\/ -->\n<title>Impressum - REWE Group<\/title>\n<meta name=\"description\" content=\"In unserem REWE Group Impressum finden Sie Informationen \u00fcber unser Unternehmen und die Bildrechte der verwendeten Fotografien.\" \/>\n<meta name=\"robots\" content=\"index, follow, max-snippet:-1, max-image-preview:large, max-video-preview:-1\" \/>\n<link rel=\"canonical\" href=\"https:\/\/www.rewe-group.com\/de\/impressum\/\" \/>\n<meta property=\"og:locale\" content=\"de_DE\" \/>\n<meta property=\"og:type\" content=\"article\" \/>\n<meta property=\"og:title\" content=\"Impressum\" \/>\n<meta property=\"og:description\" content=\"In unserem REWE Group Impressum finden Sie Informationen \u00fcber unser Unternehmen und die Bildrechte der verwendeten Fotografien.\" \/>\n<meta property=\"og:url\" content=\"https:\/\/www.rewe-group.com\/de\/impressum\/\" \/>\n<meta property=\"og:site_name\" content=\"REWE Group\" \/>\n<meta property=\"article:modified_time\" content=\"2026-03-25T11:23:36+00:00\" \/>\n<meta property=\"og:image\" content=\"https:\/\/www.rewe-group.com\/content\/uploads\/2021\/04\/rewe-group-og-image.jpg?t=2026032511\" \/>\n\t<meta property=\"og:image:width\" content=\"1200\" \/>\n\t<meta property=\"og:image:height\" content=\"630\" \/>\n\t<meta property=\"og:image:type\" content=\"image\/jpeg\" \/>\n<meta name=\"twitter:card\" content=\"summary_large_image\" \/>\n<meta name=\"twitter:label1\" content=\"Gesch\u00e4tzte Lesezeit\" \/>\n\t<meta name=\"twitter:data1\" content=\"7\u00a0Minuten\" \/>\n<script type=\"application\/ld+json\" class=\"yoast-schema-graph\">{\"@context\":\"https:\\\/\\\/schema.org\",\"@graph\":[{\"@type\":\"WebPage\",\"@id\":\"https:\\\/\\\/www.rewe-group.com\\\/de\\\/impressum\\\/\",\"url\":\"https:\\\/\\\/www.rewe-group.com\\\/de\\\/impressum\\\/\",\"name\":\"Impressum - REWE Group\",\"isPartOf\":{\"@id\":\"https:\\\/\\\/www.rewe-group.com\\\/de\\\/#website\"},\"primaryImageOfPage\":{\"@id\":\"https:\\\/\\\/www.rewe-group.com\\\/de\\\/impressum\\\/#primaryimage\"},\"image\":{\"@id\":\"https:\\\/\\\/www.rewe-group.com\\\/de\\\/impressum\\\/#primaryimage\"},\"thumbnailUrl\":\"https:\\\/\\\/www.rewe-group.com\\\/content\\\/uploads\\\/2021\\\/04\\\/rewe-group-og-image.jpg?t=2026051501\",\"datePublished\":\"2020-12-17T15:24:27+00:00\",\"dateModified\":\"2026-03-25T11:23:36+00:00\",\"description\":\"In unserem REWE Group Impressum finden Sie Informationen \u00fcber unser Unternehmen und die Bildrechte der verwendeten Fotografien.\",\"inLanguage\":\"de\",\"potentialAction\":[{\"@type\":\"ReadAction\",\"target\":[\"https:\\\/\\\/www.rewe-group.com\\\/de\\\/impressum\\\/\"]}]},{\"@type\":\"ImageObject\",\"inLanguage\":\"de\",\"@id\":\"https:\\\/\\\/www.rewe-group.com\\\/de\\\/impressum\\\/#primaryimage\",\"url\":\"https:\\\/\\\/www.rewe-group.com\\\/content\\\/uploads\\\/2021\\\/04\\\/rewe-group-og-image.jpg?t=2026051501\",\"contentUrl\":\"https:\\\/\\\/www.rewe-group.com\\\/content\\\/uploads\\\/2021\\\/04\\\/rewe-group-og-image.jpg?t=2026051501\",\"width\":1200,\"height\":630,\"caption\":\"Das REWE Group Logo\"},{\"@type\":\"WebSite\",\"@id\":\"https:\\\/\\\/www.rewe-group.com\\\/de\\\/#website\",\"url\":\"https:\\\/\\\/www.rewe-group.com\\\/de\\\/\",\"name\":\"REWE Group\",\"description\":\"Die Website der REWE Group\",\"potentialAction\":[{\"@type\":\"SearchAction\",\"target\":{\"@type\":\"EntryPoint\",\"urlTemplate\":\"https:\\\/\\\/www.rewe-group.com\\\/de\\\/?s={search_term_string}\"},\"query-input\":{\"@type\":\"PropertyValueSpecification\",\"valueRequired\":true,\"valueName\":\"search_term_string\"}}],\"inLanguage\":\"de\"}]}<\/script>\n<!-- \/ Yoast SEO Premium plugin. -->","yoast_head_json":{"title":"Impressum - REWE Group","description":"In unserem REWE Group Impressum finden Sie Informationen \u00fcber unser Unternehmen und die Bildrechte der verwendeten Fotografien.","robots":{"index":"index","follow":"follow","max-snippet":"max-snippet:-1","max-image-preview":"max-image-preview:large","max-video-preview":"max-video-preview:-1"},"canonical":"https:\/\/www.rewe-group.com\/de\/impressum\/","og_locale":"de_DE","og_type":"article","og_title":"Impressum","og_description":"In unserem REWE Group Impressum finden Sie Informationen \u00fcber unser Unternehmen und die Bildrechte der verwendeten Fotografien.","og_url":"https:\/\/www.rewe-group.com\/de\/impressum\/","og_site_name":"REWE Group","article_modified_time":"2026-03-25T11:23:36+00:00","og_image":[{"width":1200,"height":630,"url":"https:\/\/www.rewe-group.com\/content\/uploads\/2021\/04\/rewe-group-og-image.jpg?t=2026032511","type":"image\/jpeg"}],"twitter_card":"summary_large_image","twitter_misc":{"Gesch\u00e4tzte Lesezeit":"7\u00a0Minuten"},"schema":{"@context":"https:\/\/schema.org","@graph":[{"@type":"WebPage","@id":"https:\/\/www.rewe-group.com\/de\/impressum\/","url":"https:\/\/www.rewe-group.com\/de\/impressum\/","name":"Impressum - REWE Group","isPartOf":{"@id":"https:\/\/www.rewe-group.com\/de\/#website"},"primaryImageOfPage":{"@id":"https:\/\/www.rewe-group.com\/de\/impressum\/#primaryimage"},"image":{"@id":"https:\/\/www.rewe-group.com\/de\/impressum\/#primaryimage"},"thumbnailUrl":"https:\/\/www.rewe-group.com\/content\/uploads\/2021\/04\/rewe-group-og-image.jpg?t=2026051501","datePublished":"2020-12-17T15:24:27+00:00","dateModified":"2026-03-25T11:23:36+00:00","description":"In unserem REWE Group Impressum finden Sie Informationen \u00fcber unser Unternehmen und die Bildrechte der verwendeten Fotografien.","inLanguage":"de","potentialAction":[{"@type":"ReadAction","target":["https:\/\/www.rewe-group.com\/de\/impressum\/"]}]},{"@type":"ImageObject","inLanguage":"de","@id":"https:\/\/www.rewe-group.com\/de\/impressum\/#primaryimage","url":"https:\/\/www.rewe-group.com\/content\/uploads\/2021\/04\/rewe-group-og-image.jpg?t=2026051501","contentUrl":"https:\/\/www.rewe-group.com\/content\/uploads\/2021\/04\/rewe-group-og-image.jpg?t=2026051501","width":1200,"height":630,"caption":"Das REWE Group Logo"},{"@type":"WebSite","@id":"https:\/\/www.rewe-group.com\/de\/#website","url":"https:\/\/www.rewe-group.com\/de\/","name":"REWE Group","description":"Die Website der REWE Group","potentialAction":[{"@type":"SearchAction","target":{"@type":"EntryPoint","urlTemplate":"https:\/\/www.rewe-group.com\/de\/?s={search_term_string}"},"query-input":{"@type":"PropertyValueSpecification","valueRequired":true,"valueName":"search_term_string"}}],"inLanguage":"de"}]}},"_links":{"self":[{"href":"https:\/\/www.rewe-group.com\/de\/wp-json\/wp\/v2\/pages\/4286","targetHints":{"allow":["GET"]}}],"collection":[{"href":"https:\/\/www.rewe-group.com\/de\/wp-json\/wp\/v2\/pages"}],"about":[{"href":"https:\/\/www.rewe-group.com\/de\/wp-json\/wp\/v2\/types\/page"}],"author":[{"embeddable":true,"href":"https:\/\/www.rewe-group.com\/de\/wp-json\/wp\/v2\/users\/10"}],"replies":[{"embeddable":true,"href":"https:\/\/www.rewe-group.com\/de\/wp-json\/wp\/v2\/comments?post=4286"}],"version-history":[{"count":549,"href":"https:\/\/www.rewe-group.com\/de\/wp-json\/wp\/v2\/pages\/4286\/revisions"}],"predecessor-version":[{"id":47832,"href":"https:\/\/www.rewe-group.com\/de\/wp-json\/wp\/v2\/pages\/4286\/revisions\/47832"}],"wp:featuredmedia":[{"embeddable":true,"href":"https:\/\/www.rewe-group.com\/de\/wp-json\/wp\/v2\/media\/15005"}],"wp:attachment":[{"href":"https:\/\/www.rewe-group.com\/de\/wp-json\/wp\/v2\/media?parent=4286"}],"wp:term":[{"taxonomy":"category","embeddable":true,"href":"https:\/\/www.rewe-group.com\/de\/wp-json\/wp\/v2\/categories?post=4286"},{"taxonomy":"post_tag","embeddable":true,"href":"https:\/\/www.rewe-group.com\/de\/wp-json\/wp\/v2\/tags?post=4286"}],"curies":[{"name":"wp","href":"https:\/\/api.w.org\/{rel}","templated":true}]}}