{"id":3936,"date":"2021-08-23T14:54:20","date_gmt":"2021-08-23T12:54:20","guid":{"rendered":"https:\/\/www.rewe-group.com\/?page_id=3936"},"modified":"2021-08-23T14:54:22","modified_gmt":"2021-08-23T12:54:22","slug":"wir-suchen-interessante-standorte-und-immobilien","status":"publish","type":"page","link":"https:\/\/www.rewe-group.com\/de\/unternehmen\/expansion-und-immobilien\/wir-suchen-interessante-standorte-und-immobilien\/","title":{"rendered":"Wir suchen: interessante Standorte und Immobilien"},"content":{"rendered":"\n<div class=\"wp-block-myblocks-template-root template-root\">\n<div class=\"wp-block-myblocks-section block-section section-bg-white section-padding-bottom\">\n<div class=\"wp-block-myblocks-row-full-2columns row-full-2columns my-row-block row-full\">\n<div class=\"wp-block-myblocks-row-full-2columns-cell row-cell row-full-2columns-cell my-cell-block\"><div class=\"myblock-wrapper block-my-text-teaser-gallery\" data-module-name=\"Teaser Contentmodul\"><div class=\"text-tasers-wrapper\">\n            <div class=\"text-taser-slider\">\n    <div class=\"text-taser-slider__slider\">\n        <ul class=\"rwgs__inner\">\n                                            <li>\n                    \n    <a href=\"https:\/\/www.rewe-group.com\/de\/unternehmen\/expansion-und-immobilien\/wir-suchen-interessante-standorte-und-immobilien\/immobiliengesuche\/\" target=\"_self\"    class=\"text-teaser bg-pattern bg-pattern_pattern4 bg-pattern_gray dark-bg-section with-1-link\"  data-module-name=\".teaser-contentmodul\">\n        <div class=\"text-teaser__inner reweg-teaser-main\">\n        <h2 class=\"text-teaser__title smaller\">Grundst\u00fccke, Immobilien, Ladenlokale oder Verkaufsfl\u00e4chen:<\/h2>\n                    <div class=\"text-teaser__text entry-content\">\n                <p>F\u00fcr unsere Expansion suchen und bieten wir flexible und interessante L\u00f6sungen. F\u00fcr REWE, PENNY oder nahkauf.<\/p>\n<p>Zur besseren Versorgung unserer Kunden expandieren wir weiter. Die Entwicklung und Realisierung eines zukunftsf\u00e4higen Standorts garantiert wirtschaftlichen Nutzen. Sie generiert neue Arbeitspl\u00e4tze oder bringt Unternehmen aus der Region neue Auftr\u00e4ge. Dabei verschaffen wir lokalen Bauherren die notwendige Planungs- und Finanzierungssicherheit. Ob REWE, PENNY oder nahkauf: Wir haben f\u00fcr jeden Standort von 100 bis \u00fcber 6.000 Quadratmeter Verkaufsfl\u00e4che das richtige Konzept.<\/p>\n            <\/div>\n        \n        \n                    <ul class=\"text-teaser__links\">\n                                                            <li>\n                            <span class=\"arrow-link\">Weitere Informationen zu unseren Immobiliengesuchen<\/span>\n                        <\/li>\n                                                <\/ul>\n            <\/div>\n<\/a>                <\/li>\n                    <\/ul>\n    <\/div>\n<\/div>    <\/div>\n<\/div><\/div>\n\n\n\n<div class=\"wp-block-myblocks-row-full-2columns-cell row-cell row-full-2columns-cell my-cell-block\"><div class=\"myblock-wrapper block-my-text-teaser-gallery\" data-module-name=\"Teaser Contentmodul\"><div class=\"text-tasers-wrapper\">\n            <div class=\"text-taser-slider\">\n    <div class=\"text-taser-slider__slider\">\n        <ul class=\"rwgs__inner\">\n                                            <li>\n                    \n    <a href=\"https:\/\/www.rewe-group.com\/de\/unternehmen\/expansion-und-immobilien\/wir-suchen-interessante-standorte-und-immobilien\/expansion-bei-rewe\/\" target=\"_self\"    class=\"text-teaser bg-image dark-bg-section text-color-white link-hover-color-yellow with-1-link\"  data-module-name=\".teaser-contentmodul\">\n            <div class=\"text-teaser__background-wrapper\">\n            <div class=\"focused-image-container\">\n                <img decoding=\"async\"\n                    class=\"focused-image\"\n                    data-focus-x=\"-0.37\"\n                    data-focus-y=\"0.21\"\n                    src=\"https:\/\/www.rewe-group.com\/content\/uploads\/2020\/11\/REWE-Green-Building-2.jpg?t=2026040409\"\n                    alt=\"REWE Green Building\"\n                    srcset=\"https:\/\/www.rewe-group.com\/content\/uploads\/2020\/11\/REWE-Green-Building-2.jpg?t=2026040409 1000w\"\n                    aria-description=\"REWE Green Building\"\n                    loading=\"lazy\"\n                                    >\n            <\/div>\n        <\/div>\n        <div class=\"text-teaser__inner reweg-teaser-main\">\n        <h2 class=\"text-teaser__title smaller\">Informationen rund um REWE<\/h2>\n                    <div class=\"text-teaser__text entry-content\">\n                <p>Mit einem Umsatz von 18,4 Milliarden Euro (2016), rund 120.000 Mitarbeitern und weit \u00fcber 3.000 REWE M\u00e4rkten geh\u00f6rt die REWE Markt GmbH zu den f\u00fchrenden Unternehmen im deutschen Lebensmitteleinzelhandel. Die REWE M\u00e4rkte werden als Filialen oder durch selbst\u00e4ndige REWE Kaufleute betrieben.<\/p>\n            <\/div>\n        \n        \n                    <ul class=\"text-teaser__links\">\n                                                            <li>\n                            <span class=\"arrow-link\">Vorteile mit REWE Immobilien<\/span>\n                        <\/li>\n                                                <\/ul>\n            <\/div>\n<\/a>                <\/li>\n                    <\/ul>\n    <\/div>\n<\/div>    <\/div>\n<\/div><\/div>\n<\/div>\n\n\n\n<div class=\"wp-block-myblocks-row-full-2columns row-full-2columns my-row-block row-full\">\n<div class=\"wp-block-myblocks-row-full-2columns-cell row-cell row-full-2columns-cell my-cell-block\"><div class=\"myblock-wrapper block-my-text-teaser-gallery\" data-module-name=\"Teaser Contentmodul\"><div class=\"text-tasers-wrapper\">\n            <div class=\"text-taser-slider\">\n    <div class=\"text-taser-slider__slider\">\n        <ul class=\"rwgs__inner\">\n                                            <li>\n                    \n    <a href=\"https:\/\/www.rewe-group.com\/de\/unternehmen\/expansion-und-immobilien\/wir-suchen-interessante-standorte-und-immobilien\/expansion-bei-penny\/\" target=\"_self\"    class=\"text-teaser bg-image dark-bg-section text-color-white link-hover-color-yellow with-1-link\"  data-module-name=\".teaser-contentmodul\">\n            <div class=\"text-teaser__background-wrapper\">\n            <div class=\"focused-image-container\">\n                <img decoding=\"async\"\n                    class=\"focused-image\"\n                    data-focus-x=\"0.00\"\n                    data-focus-y=\"0.00\"\n                    src=\"https:\/\/www.rewe-group.com\/content\/uploads\/2020\/12\/penny-expansion-1-2-scaled.jpg?t=2026040409\"\n                    alt=\"PENNY Markt Au\u00dfensicht\"\n                    srcset=\"https:\/\/www.rewe-group.com\/content\/uploads\/2020\/12\/penny-expansion-1-2-1024x550.jpg 1024w, https:\/\/www.rewe-group.com\/content\/uploads\/2020\/12\/penny-expansion-1-2-scaled.jpg?t=2026040409 2560w\"\n                    aria-description=\"PENNY Markt Au\u00dfensicht\"\n                    loading=\"lazy\"\n                     data-copyright=\"PENNY Markt Au\u00dfensicht \u00a9 REWE Group\" data-copyright-wrapper=\".text-teaser.bg-image\"                >\n            <\/div>\n        <\/div>\n        <div class=\"text-teaser__inner reweg-teaser-main\">\n        <h2 class=\"text-teaser__title smaller\">Informationen rund um PENNY<\/h2>\n                    <div class=\"text-teaser__text entry-content\">\n                <p>Mit einem Umsatz von mehr elf Milliarden Euro z\u00e4hlt PENNY zu den f\u00fchrenden Discountern in Europa. Zur Unternehmensstrategie von PENNY in Deutschland geh\u00f6rt es, neue M\u00e4rkte an attraktiven und zukunftsf\u00e4higen Standorten zu er\u00f6ffnen.<\/p>\n            <\/div>\n        \n        \n                    <ul class=\"text-teaser__links\">\n                                                            <li>\n                            <span class=\"arrow-link\">Vorteile mit PENNY Immobilien<\/span>\n                        <\/li>\n                                                <\/ul>\n            <\/div>\n<\/a>                <\/li>\n                    <\/ul>\n    <\/div>\n<\/div>    <\/div>\n<\/div><\/div>\n\n\n\n<div class=\"wp-block-myblocks-row-full-2columns-cell row-cell row-full-2columns-cell my-cell-block\"><div class=\"myblock-wrapper block-my-text-teaser-gallery\" data-module-name=\"Teaser Contentmodul\"><div class=\"text-tasers-wrapper\">\n            <div class=\"text-taser-slider\">\n    <div class=\"text-taser-slider__slider\">\n        <ul class=\"rwgs__inner\">\n                                            <li>\n                    \n    <a href=\"https:\/\/www.rewe-group.com\/de\/unternehmen\/expansion-und-immobilien\/wir-suchen-interessante-standorte-und-immobilien\/expansion-bei-nahkauf\/\" target=\"_self\"    class=\"text-teaser bg-image dark-bg-section text-color-white link-hover-color-yellow with-1-link\"  data-module-name=\".teaser-contentmodul\">\n            <div class=\"text-teaser__background-wrapper\">\n            <div class=\"focused-image-container\">\n                <img decoding=\"async\"\n                    class=\"focused-image\"\n                    data-focus-x=\"0.32\"\n                    data-focus-y=\"-0.29\"\n                    src=\"https:\/\/www.rewe-group.com\/content\/uploads\/2020\/12\/nahkauf-2.jpg?t=2026040409\"\n                    alt=\"nahkauf Einkaufskorb in einer Filiale. Der Korb steht mit Obst gef\u00fcllt vor einem K\u00fchlregal und auf einer Gefriertruhe\"\n                    srcset=\"https:\/\/www.rewe-group.com\/content\/uploads\/2020\/12\/nahkauf-2.jpg?t=2026040409 1000w\"\n                    aria-description=\"nahkauf Einkaufskorb in einer Filiale. Der Korb steht mit Obst gef\u00fcllt vor einem K\u00fchlregal und auf einer Gefriertruhe\"\n                    loading=\"lazy\"\n                     data-copyright=\"nahkauf Einkauf \u00a9 REWE Group\" data-copyright-wrapper=\".text-teaser.bg-image\"                >\n            <\/div>\n        <\/div>\n        <div class=\"text-teaser__inner reweg-teaser-main\">\n        <h2 class=\"text-teaser__title smaller\">Informationen rund um nahkauf<\/h2>\n                    <div class=\"text-teaser__text entry-content\">\n                <p>\u00dcber 400 nahkauf M\u00e4rkte stellen in vielen kleinen Kommunen die Versorgung mit den G\u00fctern des t\u00e4glichen Bedarfs sicher. Auch der moderne Nachbarschaftsmarkt f\u00fcr l\u00e4ndlichere Regionen und die Stadtrandlage hat in den kommenden Jahren viel vor!<\/p>\n            <\/div>\n        \n        \n                    <ul class=\"text-teaser__links\">\n                                                            <li>\n                            <span class=\"arrow-link\">Vorteile von nahkauf Immobilien<\/span>\n                        <\/li>\n                                                <\/ul>\n            <\/div>\n<\/a>                <\/li>\n                    <\/ul>\n    <\/div>\n<\/div>    <\/div>\n<\/div><\/div>\n<\/div>\n<\/div>\n\n\n\n<div class=\"wp-block-myblocks-section block-section section-bg-white section-padding-top section-padding-bottom\">\n<div class=\"wp-block-myblocks-row-full-single row-full-single my-row-block row-full\"><div class=\"myblock-wrapper block-my-text-block block-ingrid\" data-module-name=\"Headline Copy Link\">    <div class=\"textblock margin-row-inner\">\n        <div class=\"entry-content\">\n            <h2 class=\"smaller\">Sie m\u00f6chten direkt mit uns in Kontakt treten?<\/h2>\n            <p>Sie haben Interesse an einem unserer Objekte oder wollen uns eine Immobilie anbieten? Dann finden Sie hier mit wenigen Klicks den richtigen Ansprechpartner f\u00fcr Ihr Anliegen. Wir freuen uns auf Ihre Nachricht!<\/p>\n        <\/div>\n\n                    <div class=\"textblock__links\">\n                <a\n                    href=\"https:\/\/www.rewe-group.com\/de\/unternehmen\/expansion-und-immobilien\/wir-suchen-interessante-standorte-und-immobilien\/expansion-kontakt\/\"\n                    target=\"_self\"                    class=\"arrow-link\"\n                >\n                    Kontakte REWE Group Immobilien                <\/a>\n            <\/div>\n            <\/div>\n<\/div><\/div>\n<\/div>\n\n\n\n<div class=\"wp-block-myblocks-section block-section section-bg-white section-padding-top section-padding-bottom\">\n<div class=\"wp-block-myblocks-row-full-single row-full-single my-row-block row-full\"><div class=\"myblock-wrapper block-my-tagcloud\" data-module-name=\"Tagcloud\"><div class=\"tagcloud-block half-row-cell-inner\">\n    <div class=\"tagcloud-block__inner margin-row-inner\">\n                    <div class=\"tagcloud-block__header\">\n                <h2 class=\"tagcloud-block__title\">Was uns au\u00dferdem besch\u00e4ftigt:<\/h2>                            <\/div>\n\n            <div class=\"tagcloud-block__main\">\n                <ul class=\"tag-list\">\n            <li class=\"tag-list__item\">\n        <a href=\"https:\/\/www.rewe-group.com\/de\/themen\/genossenschaft\/\" class=\"btn-keyword medium\" data-count=\"50\">Genossenschaft<\/a>        <\/li>\n            <li class=\"tag-list__item\">\n        <a href=\"https:\/\/www.rewe-group.com\/de\/themen\/geschaeftsentwicklung\/\" class=\"btn-keyword medium\" data-count=\"78\">Gesch\u00e4ftsentwicklung<\/a>        <\/li>\n            <li class=\"tag-list__item\">\n        <a href=\"https:\/\/www.rewe-group.com\/de\/themen\/mitarbeitende\/\" class=\"btn-keyword medium\" data-count=\"105\">Mitarbeitende<\/a>        <\/li>\n            <li class=\"tag-list__item\">\n        <a href=\"https:\/\/www.rewe-group.com\/de\/themen\/maerkte\/\" class=\"btn-keyword medium\" data-count=\"131\">M\u00e4rkte<\/a>        <\/li>\n            <li class=\"tag-list__item\">\n        <a href=\"https:\/\/www.rewe-group.com\/de\/themen\/touristik\/\" class=\"btn-keyword medium\" data-count=\"67\">Touristik<\/a>        <\/li>\n            <li class=\"tag-list__item\">\n        <a href=\"https:\/\/www.rewe-group.com\/de\/themen\/sortiment\/\" class=\"btn-keyword medium\" data-count=\"133\">Sortiment<\/a>        <\/li>\n            <li class=\"tag-list__item\">\n        <a href=\"https:\/\/www.rewe-group.com\/de\/themen\/eigenmarken\/\" class=\"btn-keyword medium\" data-count=\"78\">Eigenmarken<\/a>        <\/li>\n            <li class=\"tag-list__item\">\n        <a href=\"https:\/\/www.rewe-group.com\/de\/themen\/qualitaet\/\" class=\"btn-keyword medium\" data-count=\"13\">Qualit\u00e4t<\/a>        <\/li>\n            <li class=\"tag-list__item\">\n        <a href=\"https:\/\/www.rewe-group.com\/de\/themen\/digitalisierung\/\" class=\"btn-keyword medium\" data-count=\"72\">Digitalisierung<\/a>        <\/li>\n            <li class=\"tag-list__item\">\n        <a href=\"https:\/\/www.rewe-group.com\/de\/themen\/innovation\/\" class=\"btn-keyword medium\" data-count=\"71\">Innovation<\/a>        <\/li>\n    <\/ul>\n            <\/div>\n\n                        <\/div>\n<\/div>\n<\/div><\/div>\n<\/div>\n<\/div>\n","protected":false},"excerpt":{"rendered":"","protected":false},"author":12,"featured_media":16552,"parent":16425,"menu_order":40,"comment_status":"closed","ping_status":"closed","template":"","meta":{"_acf_changed":false,"_relevanssi_hide_post":"","_relevanssi_hide_content":"","_relevanssi_pin_for_all":"","_relevanssi_pin_keywords":"","_relevanssi_unpin_keywords":"","_relevanssi_related_keywords":"","_relevanssi_related_include_ids":"","_relevanssi_related_exclude_ids":"","_relevanssi_related_no_append":"","_relevanssi_related_not_related":"","_relevanssi_related_posts":"","_relevanssi_noindex_reason":"","footnotes":""},"categories":[8],"tags":[58],"class_list":["post-3936","page","type-page","status-publish","has-post-thumbnail","hentry","category-unternehmen","tag-expansion"],"acf":[],"yoast_head":"<!-- This site is optimized with the Yoast SEO Premium plugin v27.1 (Yoast SEO v27.1.1) - https:\/\/yoast.com\/product\/yoast-seo-premium-wordpress\/ -->\n<title>Wir suchen: interessante Standorte und Immobilien - REWE Group<\/title>\n<meta name=\"description\" content=\"Grundst\u00fccke, Immobilien, Ladenlokale oder Verkaufsfl\u00e4chen: F\u00fcr unsere Expansion suchen und bieten wir L\u00f6sungen f\u00fcr REWE, PENNY oder nahkauf.\" \/>\n<meta name=\"robots\" content=\"index, follow, max-snippet:-1, max-image-preview:large, max-video-preview:-1\" \/>\n<link rel=\"canonical\" href=\"https:\/\/www.rewe-group.com\/de\/unternehmen\/expansion-und-immobilien\/wir-suchen-interessante-standorte-und-immobilien\/\" \/>\n<meta property=\"og:locale\" content=\"de_DE\" \/>\n<meta property=\"og:type\" content=\"article\" \/>\n<meta property=\"og:title\" content=\"Wir suchen: interessante Standorte und Immobilien\" \/>\n<meta property=\"og:description\" content=\"Grundst\u00fccke, Immobilien, Ladenlokale oder Verkaufsfl\u00e4chen: F\u00fcr unsere Expansion suchen und bieten wir L\u00f6sungen f\u00fcr REWE, PENNY oder nahkauf.\" \/>\n<meta property=\"og:url\" content=\"https:\/\/www.rewe-group.com\/de\/unternehmen\/expansion-und-immobilien\/wir-suchen-interessante-standorte-und-immobilien\/\" \/>\n<meta property=\"og:site_name\" content=\"REWE Group\" \/>\n<meta property=\"article:modified_time\" content=\"2021-08-23T12:54:22+00:00\" \/>\n<meta property=\"og:image\" content=\"https:\/\/www.rewe-group.com\/content\/uploads\/2021\/06\/penny-logo-innenaufnahme.jpg?t=2021120612\" \/>\n\t<meta property=\"og:image:width\" content=\"2152\" \/>\n\t<meta property=\"og:image:height\" content=\"1484\" \/>\n\t<meta property=\"og:image:type\" content=\"image\/jpeg\" \/>\n<meta name=\"twitter:card\" content=\"summary_large_image\" \/>\n<script type=\"application\/ld+json\" class=\"yoast-schema-graph\">{\"@context\":\"https:\/\/schema.org\",\"@graph\":[{\"@type\":\"WebPage\",\"@id\":\"https:\/\/www.rewe-group.com\/de\/unternehmen\/expansion-und-immobilien\/wir-suchen-interessante-standorte-und-immobilien\/\",\"url\":\"https:\/\/www.rewe-group.com\/de\/unternehmen\/expansion-und-immobilien\/wir-suchen-interessante-standorte-und-immobilien\/\",\"name\":\"Wir suchen: interessante Standorte und Immobilien - REWE Group\",\"isPartOf\":{\"@id\":\"https:\/\/www.rewe-group.com\/de\/#website\"},\"primaryImageOfPage\":{\"@id\":\"https:\/\/www.rewe-group.com\/de\/unternehmen\/expansion-und-immobilien\/wir-suchen-interessante-standorte-und-immobilien\/#primaryimage\"},\"image\":{\"@id\":\"https:\/\/www.rewe-group.com\/de\/unternehmen\/expansion-und-immobilien\/wir-suchen-interessante-standorte-und-immobilien\/#primaryimage\"},\"thumbnailUrl\":\"https:\/\/www.rewe-group.com\/content\/uploads\/2021\/06\/penny-logo-innenaufnahme.jpg?t=2026040409\",\"datePublished\":\"2021-08-23T12:54:20+00:00\",\"dateModified\":\"2021-08-23T12:54:22+00:00\",\"description\":\"Grundst\u00fccke, Immobilien, Ladenlokale oder Verkaufsfl\u00e4chen: F\u00fcr unsere Expansion suchen und bieten wir L\u00f6sungen f\u00fcr REWE, PENNY oder nahkauf.\",\"breadcrumb\":{\"@id\":\"https:\/\/www.rewe-group.com\/de\/unternehmen\/expansion-und-immobilien\/wir-suchen-interessante-standorte-und-immobilien\/#breadcrumb\"},\"inLanguage\":\"de\",\"potentialAction\":[{\"@type\":\"ReadAction\",\"target\":[\"https:\/\/www.rewe-group.com\/de\/unternehmen\/expansion-und-immobilien\/wir-suchen-interessante-standorte-und-immobilien\/\"]}]},{\"@type\":\"ImageObject\",\"inLanguage\":\"de\",\"@id\":\"https:\/\/www.rewe-group.com\/de\/unternehmen\/expansion-und-immobilien\/wir-suchen-interessante-standorte-und-immobilien\/#primaryimage\",\"url\":\"https:\/\/www.rewe-group.com\/content\/uploads\/2021\/06\/penny-logo-innenaufnahme.jpg?t=2026040409\",\"contentUrl\":\"https:\/\/www.rewe-group.com\/content\/uploads\/2021\/06\/penny-logo-innenaufnahme.jpg?t=2026040409\",\"width\":2152,\"height\":1484,\"caption\":\"Die REWE Group ist auch ein fairer Vermieter von Ladenlokalen und Verkaufsfl\u00e4chen an attraktiven Standorten. Wenn Sie interessiert sind, unser Partner zu werden, sollten wir miteinander sprechen. Hier finden Sie Angebote, Expos\u00e9s und Kontaktm\u00f6glichkeiten.\"},{\"@type\":\"BreadcrumbList\",\"@id\":\"https:\/\/www.rewe-group.com\/de\/unternehmen\/expansion-und-immobilien\/wir-suchen-interessante-standorte-und-immobilien\/#breadcrumb\",\"itemListElement\":[{\"@type\":\"ListItem\",\"position\":1,\"name\":\"\u00dcber das Unternehmen\",\"item\":\"https:\/\/www.rewe-group.com\/de\/unternehmen\/\"},{\"@type\":\"ListItem\",\"position\":2,\"name\":\"Expansion und Immobilien\",\"item\":\"https:\/\/www.rewe-group.com\/de\/unternehmen\/expansion-und-immobilien\/\"},{\"@type\":\"ListItem\",\"position\":3,\"name\":\"Wir suchen: interessante Standorte und Immobilien\"}]},{\"@type\":\"WebSite\",\"@id\":\"https:\/\/www.rewe-group.com\/de\/#website\",\"url\":\"https:\/\/www.rewe-group.com\/de\/\",\"name\":\"REWE Group\",\"description\":\"Die Website der REWE Group\",\"potentialAction\":[{\"@type\":\"SearchAction\",\"target\":{\"@type\":\"EntryPoint\",\"urlTemplate\":\"https:\/\/www.rewe-group.com\/de\/?s={search_term_string}\"},\"query-input\":{\"@type\":\"PropertyValueSpecification\",\"valueRequired\":true,\"valueName\":\"search_term_string\"}}],\"inLanguage\":\"de\"}]}<\/script>\n<!-- \/ Yoast SEO Premium plugin. -->","yoast_head_json":{"title":"Wir suchen: interessante Standorte und Immobilien - REWE Group","description":"Grundst\u00fccke, Immobilien, Ladenlokale oder Verkaufsfl\u00e4chen: F\u00fcr unsere Expansion suchen und bieten wir L\u00f6sungen f\u00fcr REWE, PENNY oder nahkauf.","robots":{"index":"index","follow":"follow","max-snippet":"max-snippet:-1","max-image-preview":"max-image-preview:large","max-video-preview":"max-video-preview:-1"},"canonical":"https:\/\/www.rewe-group.com\/de\/unternehmen\/expansion-und-immobilien\/wir-suchen-interessante-standorte-und-immobilien\/","og_locale":"de_DE","og_type":"article","og_title":"Wir suchen: interessante Standorte und Immobilien","og_description":"Grundst\u00fccke, Immobilien, Ladenlokale oder Verkaufsfl\u00e4chen: F\u00fcr unsere Expansion suchen und bieten wir L\u00f6sungen f\u00fcr REWE, PENNY oder nahkauf.","og_url":"https:\/\/www.rewe-group.com\/de\/unternehmen\/expansion-und-immobilien\/wir-suchen-interessante-standorte-und-immobilien\/","og_site_name":"REWE Group","article_modified_time":"2021-08-23T12:54:22+00:00","og_image":[{"width":2152,"height":1484,"url":"https:\/\/www.rewe-group.com\/content\/uploads\/2021\/06\/penny-logo-innenaufnahme.jpg?t=2021120612","type":"image\/jpeg"}],"twitter_card":"summary_large_image","schema":{"@context":"https:\/\/schema.org","@graph":[{"@type":"WebPage","@id":"https:\/\/www.rewe-group.com\/de\/unternehmen\/expansion-und-immobilien\/wir-suchen-interessante-standorte-und-immobilien\/","url":"https:\/\/www.rewe-group.com\/de\/unternehmen\/expansion-und-immobilien\/wir-suchen-interessante-standorte-und-immobilien\/","name":"Wir suchen: interessante Standorte und Immobilien - REWE Group","isPartOf":{"@id":"https:\/\/www.rewe-group.com\/de\/#website"},"primaryImageOfPage":{"@id":"https:\/\/www.rewe-group.com\/de\/unternehmen\/expansion-und-immobilien\/wir-suchen-interessante-standorte-und-immobilien\/#primaryimage"},"image":{"@id":"https:\/\/www.rewe-group.com\/de\/unternehmen\/expansion-und-immobilien\/wir-suchen-interessante-standorte-und-immobilien\/#primaryimage"},"thumbnailUrl":"https:\/\/www.rewe-group.com\/content\/uploads\/2021\/06\/penny-logo-innenaufnahme.jpg?t=2026040409","datePublished":"2021-08-23T12:54:20+00:00","dateModified":"2021-08-23T12:54:22+00:00","description":"Grundst\u00fccke, Immobilien, Ladenlokale oder Verkaufsfl\u00e4chen: F\u00fcr unsere Expansion suchen und bieten wir L\u00f6sungen f\u00fcr REWE, PENNY oder nahkauf.","breadcrumb":{"@id":"https:\/\/www.rewe-group.com\/de\/unternehmen\/expansion-und-immobilien\/wir-suchen-interessante-standorte-und-immobilien\/#breadcrumb"},"inLanguage":"de","potentialAction":[{"@type":"ReadAction","target":["https:\/\/www.rewe-group.com\/de\/unternehmen\/expansion-und-immobilien\/wir-suchen-interessante-standorte-und-immobilien\/"]}]},{"@type":"ImageObject","inLanguage":"de","@id":"https:\/\/www.rewe-group.com\/de\/unternehmen\/expansion-und-immobilien\/wir-suchen-interessante-standorte-und-immobilien\/#primaryimage","url":"https:\/\/www.rewe-group.com\/content\/uploads\/2021\/06\/penny-logo-innenaufnahme.jpg?t=2026040409","contentUrl":"https:\/\/www.rewe-group.com\/content\/uploads\/2021\/06\/penny-logo-innenaufnahme.jpg?t=2026040409","width":2152,"height":1484,"caption":"Die REWE Group ist auch ein fairer Vermieter von Ladenlokalen und Verkaufsfl\u00e4chen an attraktiven Standorten. Wenn Sie interessiert sind, unser Partner zu werden, sollten wir miteinander sprechen. Hier finden Sie Angebote, Expos\u00e9s und Kontaktm\u00f6glichkeiten."},{"@type":"BreadcrumbList","@id":"https:\/\/www.rewe-group.com\/de\/unternehmen\/expansion-und-immobilien\/wir-suchen-interessante-standorte-und-immobilien\/#breadcrumb","itemListElement":[{"@type":"ListItem","position":1,"name":"\u00dcber das Unternehmen","item":"https:\/\/www.rewe-group.com\/de\/unternehmen\/"},{"@type":"ListItem","position":2,"name":"Expansion und Immobilien","item":"https:\/\/www.rewe-group.com\/de\/unternehmen\/expansion-und-immobilien\/"},{"@type":"ListItem","position":3,"name":"Wir suchen: interessante Standorte und Immobilien"}]},{"@type":"WebSite","@id":"https:\/\/www.rewe-group.com\/de\/#website","url":"https:\/\/www.rewe-group.com\/de\/","name":"REWE Group","description":"Die Website der REWE Group","potentialAction":[{"@type":"SearchAction","target":{"@type":"EntryPoint","urlTemplate":"https:\/\/www.rewe-group.com\/de\/?s={search_term_string}"},"query-input":{"@type":"PropertyValueSpecification","valueRequired":true,"valueName":"search_term_string"}}],"inLanguage":"de"}]}},"_links":{"self":[{"href":"https:\/\/www.rewe-group.com\/de\/wp-json\/wp\/v2\/pages\/3936","targetHints":{"allow":["GET"]}}],"collection":[{"href":"https:\/\/www.rewe-group.com\/de\/wp-json\/wp\/v2\/pages"}],"about":[{"href":"https:\/\/www.rewe-group.com\/de\/wp-json\/wp\/v2\/types\/page"}],"author":[{"embeddable":true,"href":"https:\/\/www.rewe-group.com\/de\/wp-json\/wp\/v2\/users\/12"}],"replies":[{"embeddable":true,"href":"https:\/\/www.rewe-group.com\/de\/wp-json\/wp\/v2\/comments?post=3936"}],"version-history":[{"count":111,"href":"https:\/\/www.rewe-group.com\/de\/wp-json\/wp\/v2\/pages\/3936\/revisions"}],"predecessor-version":[{"id":42375,"href":"https:\/\/www.rewe-group.com\/de\/wp-json\/wp\/v2\/pages\/3936\/revisions\/42375"}],"up":[{"embeddable":true,"href":"https:\/\/www.rewe-group.com\/de\/wp-json\/wp\/v2\/pages\/16425"}],"wp:featuredmedia":[{"embeddable":true,"href":"https:\/\/www.rewe-group.com\/de\/wp-json\/wp\/v2\/media\/16552"}],"wp:attachment":[{"href":"https:\/\/www.rewe-group.com\/de\/wp-json\/wp\/v2\/media?parent=3936"}],"wp:term":[{"taxonomy":"category","embeddable":true,"href":"https:\/\/www.rewe-group.com\/de\/wp-json\/wp\/v2\/categories?post=3936"},{"taxonomy":"post_tag","embeddable":true,"href":"https:\/\/www.rewe-group.com\/de\/wp-json\/wp\/v2\/tags?post=3936"}],"curies":[{"name":"wp","href":"https:\/\/api.w.org\/{rel}","templated":true}]}}