{"id":3233,"date":"2020-12-15T16:23:29","date_gmt":"2020-12-15T15:23:29","guid":{"rendered":"https:\/\/www.rewe-group.com\/?page_id=3233"},"modified":"2025-04-11T09:38:52","modified_gmt":"2025-04-11T07:38:52","slug":"arbeit-und-genossenschaft","status":"publish","type":"page","link":"https:\/\/www.rewe-group.com\/de\/politik\/positionen\/arbeit-und-genossenschaft\/","title":{"rendered":"Positionspapier Arbeit und Genossenschaft"},"content":{"rendered":"\n<div class=\"wp-block-myblocks-template-root template-root\">\n<div class=\"wp-block-myblocks-section block-section section-bg-gray section-padding-top\">\n<div class=\"wp-block-myblocks-row-full-single row-full-single my-row-block row-full\"><div class=\"myblock-wrapper block-my-text-block block-ingrid\" data-module-name=\"Headline Copy Link\">    <div class=\"textblock margin-row-inner\">\n        <div class=\"entry-content\">\n            <h2 class=\"smaller\">Rechtssicherer Einsatz von externen (Digitalisierungs-) Expert:innen in agilen Projekten <\/h2>\n            <p>Wir treiben die Digitalisierung in unseren Gesch\u00e4ftsfeldern voran. Vielerorts ist daf\u00fcr ein flexibler Einsatz von internen aber auch von externen Digitalisierungs-expert:innen besonders erfolgskritisch. Die derzeitige Rechtslage bremst diese Form der Zusammenarbeit allerdings massiv aus.<\/p>\n        <\/div>\n\n            <\/div>\n<\/div><\/div>\n<\/div>\n\n\n\n<div class=\"wp-block-myblocks-section block-section section-bg-white section-padding-bottom\">\n<div class=\"wp-block-myblocks-row-full-2columns row-full-2columns my-row-block row-full\">\n<div class=\"wp-block-myblocks-row-full-2columns-cell row-cell row-full-2columns-cell my-cell-block\"><div class=\"myblock-wrapper block-my-teaser-editorial block-ingrid\" data-module-name=\"Teaser Editorial\"><div class=\"teaser-editorial\">\n            <div class=\"post-teaser post-teaser_default large type-position_paper post-teaser__pattern pattern4 gray-pattern\">\n    <a\n        href=\"https:\/\/www.rewe-group.com\/de\/presse-und-medien\/publikationen\/positionspapiere\/rechtssicherer-einsatz-von-externen-digitalisierungs-expertinnen-in-agilen-projekten\/\"\n        class=\"post-teaser__inner has-illustration\"\n        style=\"background-image: url(https:\/\/www.rewe-group.com\/content\/themes\/reweg\/img\/pattern4.svg);\"        data-tracking=\"{&quot;event&quot;:&quot;click_teaser&quot;,&quot;link_url&quot;:&quot;https:\\\/\\\/www.rewe-group.com\\\/de\\\/presse-und-medien\\\/publikationen\\\/positionspapiere\\\/rechtssicherer-einsatz-von-externen-digitalisierungs-expertinnen-in-agilen-projekten\\\/&quot;,&quot;element_name&quot;:&quot;Rechts&amp;shy;sicherer Einsatz von ex&amp;shy;ternen (Digi&amp;shy;talisierungs-)&amp;shy;Expert:innen in agilen Projekten&quot;,&quot;modul_name&quot;:&quot;.teaser-editorial&quot;}\"\n    >\n                <div class=\"post-teaser__content-wrapper\">\n            <p class=\"post-teaser__type\">Positionspapier<\/p>\n                            <div class=\"post-teaser__illustration\" style=\"background-image: url('https:\/\/www.rewe-group.com\/content\/themes\/reweg\/img\/illu-digital.svg');\"><\/div>\n                        <div class=\"post-teaser__content\">\n                <p class=\"post-teaser__note\">22. Februar 2022<\/p>\n                <h2 class=\"post-teaser__title\">Rechts&shy;sicherer Einsatz von ex&shy;ternen (Digi&shy;talisierungs-)&shy;Expert:innen in agilen Projekten<\/h2>                            <\/div>\n        <\/div>\n    <\/a>\n            <button\n        type=\"button\"\n        class=\"btn-icon icon-add add2basket small\"\n        aria-label=\"in die Sammlung hinzuf\u00fcgen\"\n        data-post-id=\"6355\"\n        data-blog-id=\"2\"\n        data-tracking=\"{&quot;event&quot;:&quot;click_add_to_collection&quot;,&quot;modul_name&quot;:&quot;.teaser-editorial&quot;,&quot;post_title&quot;:&quot;Rechtssicherer Einsatz von Expert:innen in agilen Projekten&quot;,&quot;post_type&quot;:&quot;position_paper&quot;,&quot;post_category&quot;:&quot;Politik&quot;}\"\n    ><\/button>\n<\/div>\n    <\/div>\n<\/div><\/div>\n\n\n\n<div class=\"wp-block-myblocks-row-full-2columns-cell row-cell row-full-2columns-cell my-cell-block\"><\/div>\n<\/div>\n<\/div>\n\n\n\n<div class=\"wp-block-myblocks-section block-section section-bg-gray section-padding-top section-padding-bottom\">\n<ul class=\"wp-block-myblocks-row-list row-full-2columns my-row-block row-full\">\n<li class=\"wp-block-myblocks-row-list-cell row-cell row-full-2columns-cell my-cell-block\"><div class=\"myblock-wrapper block-my-page-teaser block-ingrid\" data-module-name=\"Teaser Page\">\n<div class=\"page-teaser__wrapper\">\n    <a\n        class=\"page-teaser medium bg-image has-post\"\n        href=\"https:\/\/www.rewe-group.com\/de\/politik\/positionen\/lebensmittel-und-ernaehrung\/\"\n        style=\"\"\n        data-tracking=\"{&quot;event&quot;:&quot;click_teaser&quot;,&quot;link_url&quot;:&quot;https:\\\/\\\/www.rewe-group.com\\\/de\\\/politik\\\/positionen\\\/lebensmittel-und-ernaehrung\\\/&quot;,&quot;element_name&quot;:&quot;Positionspapiere Lebensmittel und Ern\\u00e4hrung&quot;,&quot;modul_name&quot;:&quot;.teaser-page&quot;}\"        target=\"_self\"    >\n                                <div class=\"page-teaser__background-wrapper\">\n                <div class=\"focused-image-container\">\n                    <img decoding=\"async\"\n                        class=\"focused-image\"\n                        data-focus-x=\"-0.02\"\n                        data-focus-y=\"-0.41\"\n                        src=\"https:\/\/www.rewe-group.com\/content\/uploads\/2022\/09\/positionspapiere-ernaehrung-und-verbraucher-1024x683.jpg\"\n                        alt=\"H\u00e4nde die erdige Kartoffeln vor einigen Kartoffelpflanzen halten.\"\n                        loading=\"lazy\"\n                         data-copyright=\"H\u00e4nde die erdige Kartoffeln vor einigen Kartoffelpflanzen halten. \u00a9 LIGHTFIELD STUDIOS (Adobe Stock)\"                    >\n                <\/div>\n            <\/div>\n                <div class=\"page-teaser__overlay bg-image\"><\/div>\n                <h2 class=\"page-teaser__title\">Positionspapiere Lebensmittel und Ern\u00e4hrung<\/h2>        <div class=\"bottom\">\n                        <div class=\"link\">\n                <span class=\"arrow-link\">Zum Handlungsfeld<\/span>\n            <\/div>\n        <\/div>\n    <\/a>\n<\/div>\n<\/div><\/li>\n\n\n\n<li class=\"wp-block-myblocks-row-list-cell row-cell row-full-2columns-cell my-cell-block\"><div class=\"myblock-wrapper block-my-page-teaser block-ingrid\" data-module-name=\"Teaser Page\">\n<div class=\"page-teaser__wrapper\">\n    <a\n        class=\"page-teaser medium bg-image has-post\"\n        href=\"https:\/\/www.rewe-group.com\/de\/politik\/positionen\/nachhaltigkeit-und-umwelt\/\"\n        style=\"\"\n        data-tracking=\"{&quot;event&quot;:&quot;click_teaser&quot;,&quot;link_url&quot;:&quot;https:\\\/\\\/www.rewe-group.com\\\/de\\\/politik\\\/positionen\\\/nachhaltigkeit-und-umwelt\\\/&quot;,&quot;element_name&quot;:&quot;Positionspapiere Nachhaltigkeit und Umwelt&quot;,&quot;modul_name&quot;:&quot;.teaser-page&quot;}\"        target=\"_self\"    >\n                                <div class=\"page-teaser__background-wrapper\">\n                <div class=\"focused-image-container\">\n                    <img decoding=\"async\"\n                        class=\"focused-image\"\n                        data-focus-x=\"0.00\"\n                        data-focus-y=\"0.00\"\n                        src=\"https:\/\/www.rewe-group.com\/content\/uploads\/2020\/12\/nachhaltigkeit-und-umwelt-bienenstock-1024x683.jpg\"\n                        alt=\"Bienen auf einer Bienenwabe als Symbolbild f\u00fcr unsere politisches Engagement zum Thema Nachhaltigkeit und Umwelt\"\n                        loading=\"lazy\"\n                         data-copyright=\"Bienen auf einer Bienenwabe als Symbolbild f\u00fcr unsere politisches Engagement zum Thema Nachhaltigkeit und Umwelt \u00a9 Sasa Lalic (Shutterstock)\"                    >\n                <\/div>\n            <\/div>\n                <div class=\"page-teaser__overlay bg-image\"><\/div>\n                <h2 class=\"page-teaser__title\">Positionspapiere Nachhaltigkeit und Umwelt<\/h2>        <div class=\"bottom\">\n                        <div class=\"link\">\n                <span class=\"arrow-link\">Zum Handlungsfeld<\/span>\n            <\/div>\n        <\/div>\n    <\/a>\n<\/div>\n<\/div><\/li>\n<\/ul>\n\n\n\n<ul class=\"wp-block-myblocks-row-list row-full-2columns my-row-block row-full\">\n<li class=\"wp-block-myblocks-row-list-cell row-cell row-full-2columns-cell my-cell-block\"><div class=\"myblock-wrapper block-my-page-teaser block-ingrid\" data-module-name=\"Teaser Page\">\n<div class=\"page-teaser__wrapper\">\n    <a\n        class=\"page-teaser medium bg-image has-post\"\n        href=\"https:\/\/www.rewe-group.com\/de\/politik\/positionen\/\"\n        style=\"\"\n        data-tracking=\"{&quot;event&quot;:&quot;click_teaser&quot;,&quot;link_url&quot;:&quot;https:\\\/\\\/www.rewe-group.com\\\/de\\\/politik\\\/positionen\\\/&quot;,&quot;element_name&quot;:&quot;Unsere Positionen&quot;,&quot;modul_name&quot;:&quot;.teaser-page&quot;}\"        target=\"_self\"    >\n                                <div class=\"page-teaser__background-wrapper\">\n                <div class=\"focused-image-container\">\n                    <img decoding=\"async\"\n                        class=\"focused-image\"\n                        data-focus-x=\"0.00\"\n                        data-focus-y=\"0.00\"\n                        src=\"https:\/\/www.rewe-group.com\/content\/uploads\/2020\/12\/politik-frau-arbeitet-am-schreibtisch-683x1024.jpg\"\n                        alt=\"Eine Frau sitzt an einem Tisch und schaut auf ihr Smartphone. Ein Symbolbild f\u00fcr unser politisches Engagement bei der REWE Group\"\n                        loading=\"lazy\"\n                         data-copyright=\"Eine Frau sitzt an einem Tisch und schaut auf ihr Smartphone. Ein Symbolbild f\u00fcr unser politisches Engagement bei der REWE Group \u00a9 Maskot (Shutterstock)\"                    >\n                <\/div>\n            <\/div>\n                <div class=\"page-teaser__overlay bg-image\"><\/div>\n                <h2 class=\"page-teaser__title\">Unsere Positionen<\/h2>        <div class=\"bottom\">\n                        <div class=\"link\">\n                <span class=\"arrow-link\">Zu unseren Positionen<\/span>\n            <\/div>\n        <\/div>\n    <\/a>\n<\/div>\n<\/div><\/li>\n\n\n\n<li class=\"wp-block-myblocks-row-list-cell row-cell row-full-2columns-cell my-cell-block\"><div class=\"myblock-wrapper block-my-page-teaser block-ingrid\" data-module-name=\"Teaser Page\">\n<div class=\"page-teaser__wrapper\">\n    <a\n        class=\"page-teaser medium bg-image has-post\"\n        href=\"https:\/\/www.rewe-group.com\/de\/politik\/\"\n        style=\"\"\n        data-tracking=\"{&quot;event&quot;:&quot;click_teaser&quot;,&quot;link_url&quot;:&quot;https:\\\/\\\/www.rewe-group.com\\\/de\\\/politik\\\/&quot;,&quot;element_name&quot;:&quot;Politik&quot;,&quot;modul_name&quot;:&quot;.teaser-page&quot;}\"        target=\"_self\"    >\n                                <div class=\"page-teaser__background-wrapper\">\n                <div class=\"focused-image-container\">\n                    <img decoding=\"async\"\n                        class=\"focused-image\"\n                        data-focus-x=\"-0.08\"\n                        data-focus-y=\"-0.03\"\n                        src=\"https:\/\/www.rewe-group.com\/content\/uploads\/2020\/12\/bundestag-1024x680.jpg\"\n                        alt=\"Ein Foto vom inneren eines Geb\u00e4udes aus der Froschperspektive\"\n                        loading=\"lazy\"\n                         data-copyright=\"Ein Foto vom Innenbereich des deutschen Bundestags. \u00a9 REWE Group \"                    >\n                <\/div>\n            <\/div>\n                <div class=\"page-teaser__overlay bg-image\"><\/div>\n                <h2 class=\"page-teaser__title\">Politik<\/h2>        <div class=\"bottom\">\n                        <div class=\"link\">\n                <span class=\"arrow-link\">Zu unserem Politikbereich<\/span>\n            <\/div>\n        <\/div>\n    <\/a>\n<\/div>\n<\/div><\/li>\n<\/ul>\n<\/div>\n\n\n\n<div class=\"wp-block-myblocks-section block-section section-bg-white section-padding-top section-padding-bottom\">\n<div class=\"wp-block-myblocks-row-full-single row-full-single my-row-block row-full\"><div class=\"myblock-wrapper block-my-twitter-icon-teaser\" data-module-name=\"Teaser LinkedIn Icon\"><div class=\"myblock-wrapper\">\n    <div class=\"linkedin-teaser\" data-module-name=\".linkedin-teaser\">\n        <div class=\"contents\">\n            <div class=\"contents-inner\">\n                <h2 class=\"typo-xl\">Die REWE Group auf  <\/h2>\n                <div class=\"entry-content\">\n                    <p data-pm-slice=\"1 1 []\">Auf unserem LinkedIn-Kanal informieren wir \u00fcber aktuelle Entwicklungen in der REWE Group sowie der Branche \u2013 von Digitalisierung bis Nachhaltigkeit.<\/p>\n                <\/div>\n                <p class=\"link\">\n                    <a\n                        href=\"https:\/\/de.linkedin.com\/company\/rewegroup\"\n                        class=\"arrow-link btn-white\"\n                        target=\"_blank\" rel=\"noopener noreferrer\"                    >\n                        Zum LinkedIn-Kanal                    <\/a>\n                <\/p>\n            <\/div>\n        <\/div>\n\n                    <div class=\"post-teaser post-teaser_default\">\n                <a\n                    href=\"https:\/\/www.linkedin.com\/posts\/rewegroup_einkaufen-per-boxenstopp-activity-7442504862413582336-f_jL?utm_source=share&amp;utm_medium=member_desktop&amp;rcm=ACoAAEiSGI4BlYEA78AfIKxGpI88IWE7B9IF5KA\"\n                    target=\"_blank\" rel=\"noopener noreferrer\"                    class=\"post-teaser__inner\"\n                >\n                    <div class=\"post-teaser__background-wrapper\">\n                                                                                <img decoding=\"async\"\n                                class=\"cover-img\"\n                                src=\"https:\/\/www.rewe-group.com\/content\/uploads\/2026\/03\/rewe-drive-go-euskirchen-768x512.jpg\"\n                                alt=\"Eine Person sitzt in einem Auto auf dem Fahrersitz und h\u00e4lt ein Smartphone aus dem Fenster, w\u00e4hrend ein REWE Drive&#038;Go Mitarbeiter drau\u00dfen ein Ger\u00e4t zum Scannen oder Bezahlen entgegenh\u00e4lt. Im Hintergrund ist ein ge\u00f6ffnetes Kofferraumfach und ein Geb\u00e4ude mit Beschilderung erkennbar.\"\n                                loading=\"lazy\"\n                                 data-copyright=\"Eine Person sitzt in einem Auto auf dem Fahrersitz und h\u00e4lt ein Smartphone aus dem Fenster, w\u00e4hrend ein REWE Drive&amp;Go Mitarbeiter drau\u00dfen ein Ger\u00e4t zum Scannen oder Bezahlen entgegenh\u00e4lt. Im Hintergrund ist ein ge\u00f6ffnetes Kofferraumfach und ein Geb\u00e4ude mit Beschilderung erkennbar. \u00a9Michael Breuer I Photokonzept\" data-copyright-wrapper=\".post-teaser__inner\"                            >\n                                            <\/div>\n\n                    <div class=\"post-teaser__content-wrapper\">\n                        <div class=\"post-teaser__content\">\n                                                                                            <p class=\"post-teaser__note\">27. M\u00e4rz 2026<\/p>\n                                                        <h2 class=\"post-teaser__title\">Einkaufen ohne auszusteigen \u2013 mit REWE Drive&amp;Go wird das ab sofort Realit\u00e4t. \ud83d\ude97<\/h2>                        <\/div>\n                    <\/div>\n                <\/a>\n            <\/div>\n            <\/div>\n<\/div>\n<\/div><\/div>\n<\/div>\n<\/div>\n","protected":false},"excerpt":{"rendered":"<p>Als Sprachrohr f\u00fcr die Interessen unserer Kolleginnen und Kollegen vertreten wir die REWE Group gegen\u00fcber der Politik. Was das im Detail bedeutet, k\u00f6nnen Sie im nachfolgenden Positionspapier zum Thema Arbeit und Genossenschaft nachlesen.<\/p>\n","protected":false},"author":10,"featured_media":2481,"parent":3321,"menu_order":85,"comment_status":"closed","ping_status":"closed","template":"","meta":{"_acf_changed":false,"_relevanssi_hide_post":"","_relevanssi_hide_content":"","_relevanssi_pin_for_all":"","_relevanssi_pin_keywords":"","_relevanssi_unpin_keywords":"","_relevanssi_related_keywords":"","_relevanssi_related_include_ids":"","_relevanssi_related_exclude_ids":"","_relevanssi_related_no_append":"","_relevanssi_related_not_related":"","_relevanssi_related_posts":"","_relevanssi_noindex_reason":"","footnotes":""},"categories":[6],"tags":[],"class_list":["post-3233","page","type-page","status-publish","has-post-thumbnail","hentry","category-politik"],"acf":[],"yoast_head":"<!-- This site is optimized with the Yoast SEO Premium plugin v27.1 (Yoast SEO v27.1.1) - https:\/\/yoast.com\/product\/yoast-seo-premium-wordpress\/ -->\n<title>Positionspapier Arbeit und Genossenschaft - REWE Group<\/title>\n<meta name=\"description\" content=\"Hier finden Sie unsere politische Position zum Thema Arbeit und Genossenschaft in Form eines politischen Positionspapieres.\" \/>\n<meta name=\"robots\" content=\"index, follow, max-snippet:-1, max-image-preview:large, max-video-preview:-1\" \/>\n<link rel=\"canonical\" href=\"https:\/\/www.rewe-group.com\/de\/politik\/positionen\/arbeit-und-genossenschaft\/\" \/>\n<meta property=\"og:locale\" content=\"de_DE\" \/>\n<meta property=\"og:type\" content=\"article\" \/>\n<meta property=\"og:title\" content=\"Positionspapier Arbeit und Genossenschaft\" \/>\n<meta property=\"og:description\" content=\"Hier finden Sie unsere politische Position zum Thema Arbeit und Genossenschaft in Form eines politischen Positionspapieres.\" \/>\n<meta property=\"og:url\" content=\"https:\/\/www.rewe-group.com\/de\/politik\/positionen\/arbeit-und-genossenschaft\/\" \/>\n<meta property=\"og:site_name\" content=\"REWE Group\" \/>\n<meta property=\"article:modified_time\" content=\"2025-04-11T07:38:52+00:00\" \/>\n<meta property=\"og:image\" content=\"https:\/\/www.rewe-group.com\/content\/uploads\/2020\/12\/geschichte2.jpg?t=2025041107\" \/>\n\t<meta property=\"og:image:width\" content=\"820\" \/>\n\t<meta property=\"og:image:height\" content=\"400\" \/>\n\t<meta property=\"og:image:type\" content=\"image\/jpeg\" \/>\n<meta name=\"twitter:card\" content=\"summary_large_image\" \/>\n<meta name=\"twitter:label1\" content=\"Gesch\u00e4tzte Lesezeit\" \/>\n\t<meta name=\"twitter:data1\" content=\"1\u00a0Minute\" \/>\n<script type=\"application\/ld+json\" class=\"yoast-schema-graph\">{\"@context\":\"https:\/\/schema.org\",\"@graph\":[{\"@type\":\"WebPage\",\"@id\":\"https:\/\/www.rewe-group.com\/de\/politik\/positionen\/arbeit-und-genossenschaft\/\",\"url\":\"https:\/\/www.rewe-group.com\/de\/politik\/positionen\/arbeit-und-genossenschaft\/\",\"name\":\"Positionspapier Arbeit und Genossenschaft - REWE Group\",\"isPartOf\":{\"@id\":\"https:\/\/www.rewe-group.com\/de\/#website\"},\"primaryImageOfPage\":{\"@id\":\"https:\/\/www.rewe-group.com\/de\/politik\/positionen\/arbeit-und-genossenschaft\/#primaryimage\"},\"image\":{\"@id\":\"https:\/\/www.rewe-group.com\/de\/politik\/positionen\/arbeit-und-genossenschaft\/#primaryimage\"},\"thumbnailUrl\":\"https:\/\/www.rewe-group.com\/content\/uploads\/2020\/12\/geschichte2.jpg?t=2026040412\",\"datePublished\":\"2020-12-15T15:23:29+00:00\",\"dateModified\":\"2025-04-11T07:38:52+00:00\",\"description\":\"Hier finden Sie unsere politische Position zum Thema Arbeit und Genossenschaft in Form eines politischen Positionspapieres.\",\"breadcrumb\":{\"@id\":\"https:\/\/www.rewe-group.com\/de\/politik\/positionen\/arbeit-und-genossenschaft\/#breadcrumb\"},\"inLanguage\":\"de\",\"potentialAction\":[{\"@type\":\"ReadAction\",\"target\":[\"https:\/\/www.rewe-group.com\/de\/politik\/positionen\/arbeit-und-genossenschaft\/\"]}]},{\"@type\":\"ImageObject\",\"inLanguage\":\"de\",\"@id\":\"https:\/\/www.rewe-group.com\/de\/politik\/positionen\/arbeit-und-genossenschaft\/#primaryimage\",\"url\":\"https:\/\/www.rewe-group.com\/content\/uploads\/2020\/12\/geschichte2.jpg?t=2026040412\",\"contentUrl\":\"https:\/\/www.rewe-group.com\/content\/uploads\/2020\/12\/geschichte2.jpg?t=2026040412\",\"width\":820,\"height\":400,\"caption\":\"Als Sprachrohr f\u00fcr die Interessen unserer rund 360.000 Kolleginnen und Kollegen vertreten wir die Interessen der REWE Group gegen\u00fcber der Politik. Was das im Detail bedeutet, k\u00f6nnen Sie auf den nachfolgenden Texten nachlesen\"},{\"@type\":\"BreadcrumbList\",\"@id\":\"https:\/\/www.rewe-group.com\/de\/politik\/positionen\/arbeit-und-genossenschaft\/#breadcrumb\",\"itemListElement\":[{\"@type\":\"ListItem\",\"position\":1,\"name\":\"Politik\",\"item\":\"https:\/\/www.rewe-group.com\/de\/politik\/\"},{\"@type\":\"ListItem\",\"position\":2,\"name\":\"Unsere politischen Positionen\",\"item\":\"https:\/\/www.rewe-group.com\/de\/politik\/positionen\/\"},{\"@type\":\"ListItem\",\"position\":3,\"name\":\"Positionspapier Arbeit und Genossenschaft\"}]},{\"@type\":\"WebSite\",\"@id\":\"https:\/\/www.rewe-group.com\/de\/#website\",\"url\":\"https:\/\/www.rewe-group.com\/de\/\",\"name\":\"REWE Group\",\"description\":\"Die Website der REWE Group\",\"potentialAction\":[{\"@type\":\"SearchAction\",\"target\":{\"@type\":\"EntryPoint\",\"urlTemplate\":\"https:\/\/www.rewe-group.com\/de\/?s={search_term_string}\"},\"query-input\":{\"@type\":\"PropertyValueSpecification\",\"valueRequired\":true,\"valueName\":\"search_term_string\"}}],\"inLanguage\":\"de\"}]}<\/script>\n<!-- \/ Yoast SEO Premium plugin. -->","yoast_head_json":{"title":"Positionspapier Arbeit und Genossenschaft - REWE Group","description":"Hier finden Sie unsere politische Position zum Thema Arbeit und Genossenschaft in Form eines politischen Positionspapieres.","robots":{"index":"index","follow":"follow","max-snippet":"max-snippet:-1","max-image-preview":"max-image-preview:large","max-video-preview":"max-video-preview:-1"},"canonical":"https:\/\/www.rewe-group.com\/de\/politik\/positionen\/arbeit-und-genossenschaft\/","og_locale":"de_DE","og_type":"article","og_title":"Positionspapier Arbeit und Genossenschaft","og_description":"Hier finden Sie unsere politische Position zum Thema Arbeit und Genossenschaft in Form eines politischen Positionspapieres.","og_url":"https:\/\/www.rewe-group.com\/de\/politik\/positionen\/arbeit-und-genossenschaft\/","og_site_name":"REWE Group","article_modified_time":"2025-04-11T07:38:52+00:00","og_image":[{"width":820,"height":400,"url":"https:\/\/www.rewe-group.com\/content\/uploads\/2020\/12\/geschichte2.jpg?t=2025041107","type":"image\/jpeg"}],"twitter_card":"summary_large_image","twitter_misc":{"Gesch\u00e4tzte Lesezeit":"1\u00a0Minute"},"schema":{"@context":"https:\/\/schema.org","@graph":[{"@type":"WebPage","@id":"https:\/\/www.rewe-group.com\/de\/politik\/positionen\/arbeit-und-genossenschaft\/","url":"https:\/\/www.rewe-group.com\/de\/politik\/positionen\/arbeit-und-genossenschaft\/","name":"Positionspapier Arbeit und Genossenschaft - REWE Group","isPartOf":{"@id":"https:\/\/www.rewe-group.com\/de\/#website"},"primaryImageOfPage":{"@id":"https:\/\/www.rewe-group.com\/de\/politik\/positionen\/arbeit-und-genossenschaft\/#primaryimage"},"image":{"@id":"https:\/\/www.rewe-group.com\/de\/politik\/positionen\/arbeit-und-genossenschaft\/#primaryimage"},"thumbnailUrl":"https:\/\/www.rewe-group.com\/content\/uploads\/2020\/12\/geschichte2.jpg?t=2026040412","datePublished":"2020-12-15T15:23:29+00:00","dateModified":"2025-04-11T07:38:52+00:00","description":"Hier finden Sie unsere politische Position zum Thema Arbeit und Genossenschaft in Form eines politischen Positionspapieres.","breadcrumb":{"@id":"https:\/\/www.rewe-group.com\/de\/politik\/positionen\/arbeit-und-genossenschaft\/#breadcrumb"},"inLanguage":"de","potentialAction":[{"@type":"ReadAction","target":["https:\/\/www.rewe-group.com\/de\/politik\/positionen\/arbeit-und-genossenschaft\/"]}]},{"@type":"ImageObject","inLanguage":"de","@id":"https:\/\/www.rewe-group.com\/de\/politik\/positionen\/arbeit-und-genossenschaft\/#primaryimage","url":"https:\/\/www.rewe-group.com\/content\/uploads\/2020\/12\/geschichte2.jpg?t=2026040412","contentUrl":"https:\/\/www.rewe-group.com\/content\/uploads\/2020\/12\/geschichte2.jpg?t=2026040412","width":820,"height":400,"caption":"Als Sprachrohr f\u00fcr die Interessen unserer rund 360.000 Kolleginnen und Kollegen vertreten wir die Interessen der REWE Group gegen\u00fcber der Politik. Was das im Detail bedeutet, k\u00f6nnen Sie auf den nachfolgenden Texten nachlesen"},{"@type":"BreadcrumbList","@id":"https:\/\/www.rewe-group.com\/de\/politik\/positionen\/arbeit-und-genossenschaft\/#breadcrumb","itemListElement":[{"@type":"ListItem","position":1,"name":"Politik","item":"https:\/\/www.rewe-group.com\/de\/politik\/"},{"@type":"ListItem","position":2,"name":"Unsere politischen Positionen","item":"https:\/\/www.rewe-group.com\/de\/politik\/positionen\/"},{"@type":"ListItem","position":3,"name":"Positionspapier Arbeit und Genossenschaft"}]},{"@type":"WebSite","@id":"https:\/\/www.rewe-group.com\/de\/#website","url":"https:\/\/www.rewe-group.com\/de\/","name":"REWE Group","description":"Die Website der REWE Group","potentialAction":[{"@type":"SearchAction","target":{"@type":"EntryPoint","urlTemplate":"https:\/\/www.rewe-group.com\/de\/?s={search_term_string}"},"query-input":{"@type":"PropertyValueSpecification","valueRequired":true,"valueName":"search_term_string"}}],"inLanguage":"de"}]}},"_links":{"self":[{"href":"https:\/\/www.rewe-group.com\/de\/wp-json\/wp\/v2\/pages\/3233","targetHints":{"allow":["GET"]}}],"collection":[{"href":"https:\/\/www.rewe-group.com\/de\/wp-json\/wp\/v2\/pages"}],"about":[{"href":"https:\/\/www.rewe-group.com\/de\/wp-json\/wp\/v2\/types\/page"}],"author":[{"embeddable":true,"href":"https:\/\/www.rewe-group.com\/de\/wp-json\/wp\/v2\/users\/10"}],"replies":[{"embeddable":true,"href":"https:\/\/www.rewe-group.com\/de\/wp-json\/wp\/v2\/comments?post=3233"}],"version-history":[{"count":84,"href":"https:\/\/www.rewe-group.com\/de\/wp-json\/wp\/v2\/pages\/3233\/revisions"}],"predecessor-version":[{"id":43434,"href":"https:\/\/www.rewe-group.com\/de\/wp-json\/wp\/v2\/pages\/3233\/revisions\/43434"}],"up":[{"embeddable":true,"href":"https:\/\/www.rewe-group.com\/de\/wp-json\/wp\/v2\/pages\/3321"}],"wp:featuredmedia":[{"embeddable":true,"href":"https:\/\/www.rewe-group.com\/de\/wp-json\/wp\/v2\/media\/2481"}],"wp:attachment":[{"href":"https:\/\/www.rewe-group.com\/de\/wp-json\/wp\/v2\/media?parent=3233"}],"wp:term":[{"taxonomy":"category","embeddable":true,"href":"https:\/\/www.rewe-group.com\/de\/wp-json\/wp\/v2\/categories?post=3233"},{"taxonomy":"post_tag","embeddable":true,"href":"https:\/\/www.rewe-group.com\/de\/wp-json\/wp\/v2\/tags?post=3233"}],"curies":[{"name":"wp","href":"https:\/\/api.w.org\/{rel}","templated":true}]}}