{"id":30905,"date":"2023-06-05T16:21:08","date_gmt":"2023-06-05T14:21:08","guid":{"rendered":"https:\/\/www.rewe-group.com\/de\/?page_id=30113"},"modified":"2023-06-19T11:22:53","modified_gmt":"2023-06-19T09:22:53","slug":"bericht-des-aufsichtsrates-2022","status":"publish","type":"page","link":"https:\/\/www.rewe-group.com\/de\/geschaeftsbericht-2022\/bericht-des-aufsichtsrates-2022\/","title":{"rendered":"Bericht des Aufsichtsrates"},"content":{"rendered":"\n<div class=\"wp-block-myblocks-template-root template-root\">\n<div class=\"wp-block-myblocks-section block-section section-bg-white section-padding-bottom\">\n<div class=\"wp-block-myblocks-row-margin-aside row-margin-aside my-row-block row-margin\">\n<div class=\"wp-block-myblocks-row-margin-aside-cell-aside row-cell row-margin-aside-cell-aside my-cell-block\"><div class=\"myblock-wrapper block-my-nl-icon-teaser\" data-module-name=\"Teaser Newsletter Icon\"><div class=\"myblock-wrapper\">\n    <a\n        class=\"twitter-icon-teaser nl-icon-teaser\"\n        href=\"https:\/\/www.rewe-group.com\/de\/presse-und-medien\/newsletter\/\"\n        target=\"_blank\" rel=\"noopener noreferrer\"        data-module-name=\".teaser-nl-icon\"\n    >\n        <div class=\"contents\">\n            <h2>Unseren Newsletter abonnieren<\/h2>\n            <div class=\"entry-content\"><p>Melden Sie sich hier f\u00fcr den REWE Group Newsletter an und erhalten Sie aktuelle Informationen rund um die REWE Group.<\/p>\n<\/div>\n            <div class=\"link\">\n                <span class=\"arrow-link btn-white\">Zur Anmeldung<\/span>\n            <\/div>\n        <\/div>\n        <div class=\"icon\">\n            <div class=\"illustration\"><\/div>\n        <\/div>\n    <\/a>\n<\/div>\n<\/div><\/div>\n\n\n\n<div class=\"wp-block-myblocks-row-margin-aside-cell-main row-cell row-margin-aside-cell-main my-cell-block\"><div class=\"myblock-wrapper block-my-text-block block-ingrid\" data-module-name=\"Headline Copy Link\">    <div class=\"textblock margin-row-inner\">\n        <div class=\"entry-content\">\n            <h2 class=\"smaller\"> Bericht des Aufsichtsrates der REWE-ZENTRALFINANZ eG, K\u00f6ln, f\u00fcr das Gesch\u00e4ftsjahr 2022<\/h2>\n            <p>Im abgelaufenen Gesch\u00e4ftsjahr 2022 hat der Aufsichtsrat die ihm nach Gesetz, Satzung und Gesch\u00e4ftsordnung obliegenden Aufgaben wahrgenommen und den Vorstand bei der Leitung der Genossenschaft und des Konzerns regelm\u00e4\u00dfig beraten und seine T\u00e4tigkeit sorgf\u00e4ltig und kontinuierlich \u00fcberwacht.<\/p>\n<p>Der Vorstand hat den Aufsichtsrat in den Aufsichtsratssitzungen und zwischen den Sitzungen durch schriftliche und m\u00fcndliche Berichte \u00fcber die Gesch\u00e4ftspolitik, alle relevanten Aspekte der Unternehmensplanung einschlie\u00dflich der Finanz-, Investitions- und Desinvestitionsplanung, den Gang der Gesch\u00e4fte, die wirtschaftliche Lage der Genossenschaft und des Konzerns, die Finanzlage sowie \u00fcber alle f\u00fcr den Konzern wichtigen Entscheidungen und Gesch\u00e4ftsvorg\u00e4nge regelm\u00e4\u00dfig und umfassend informiert.<\/p>\n<p>In s\u00e4mtliche Entscheidungen, die f\u00fcr das Unternehmen von wesentlicher Bedeutung waren, wurde der Aufsichtsrat unmittelbar eingebunden. Zustimmungspflichtigen Gesch\u00e4ften hat der Aufsichtsrat nach eingehender Beratung und Pr\u00fcfung der vom Vorstand \u00fcbergebenen Unterlagen zugestimmt.<\/p>\n<p>Im Gesch\u00e4ftsjahr 2022 hat sich der Aufsichtsrat in insgesamt 8 Sitzungen gemeinsam mit den Mitgliedern des Vorstandes von allen wesentlichen Angelegenheiten der Genossenschaft unterrichten lassen. Dar\u00fcber hinaus haben im Gesch\u00e4ftsjahr 2022 3 Audit Committee-Sitzungen, 4 Pr\u00e4sidiumssitzungen, 3 Personalausschusssitzungen sowie 1 konstituierende Sitzung stattgefunden. Soweit erforderlich, holte der Aufsichtsrat vom Vorstand zus\u00e4tzliche m\u00fcndliche und schriftliche Berichte ein. Der Vorsitzende des Aufsichtsrates lie\u00df sich vom Vorstand laufend \u00fcber wesentliche Entwicklungen und anstehende Entscheidungen unterrichten. Unter Beachtung der ihm nach Gesetz und Satzung auferlegten Aufgaben hat der Aufsichtsrat die erforderlichen Beschl\u00fcsse gefasst; dar\u00fcber liegen gesonderte Protokolle vor. Der Aufsichtsrat hat sich durch seine Kontrollhandlungen und die Ausk\u00fcnfte und Nachweise des Vorstandes von der Ordnungsm\u00e4\u00dfigkeit der Gesch\u00e4ftsf\u00fchrung \u00fcberzeugt.<\/p>\n<p>Zwecks Feststellung der wirtschaftlichen Verh\u00e4ltnisse und der Ordnungsm\u00e4\u00dfigkeit der Gesch\u00e4ftsf\u00fchrung wurden die Einrichtungen, die Verm\u00f6genslage und die Gesch\u00e4ftsf\u00fchrung gem\u00e4\u00df \u00a7 53 Abs. 1 GenG durch den DGRV &#8211; Deutscher Genossenschafts- und Raiffeisen\u00adverband e.V. (kurz: DGRV), Berlin, gepr\u00fcft. Der Jahresabschluss unter Einbeziehung der Buchf\u00fchrung und der Lagebericht der Genossenschaft wurden unter Anwendung von \u00a7 55 Abs. 3 GenG vom DGRV und der KPMG AG Wirtschaftspr\u00fcfungsgesellschaft (kurz: KPMG), K\u00f6ln, als Joint Audit durchgef\u00fchrt. Der Konzernabschluss und der Konzernlagebericht wurden durch die vom DGRV gem\u00e4\u00df \u00a7 55 Abs 3 GenG beauftragte KPMG gepr\u00fcft. Jahresabschluss und Lagebericht sowie Konzernabschluss und Konzernlagebericht erhielten den Best\u00e4tigungsvermerk ohne Einwendungen.<\/p>\n<p>Das Ergebnis der gesetzlichen Pr\u00fcfung hat sowohl das Audit Committee als auch der Aufsichtsrat gem\u00e4\u00df \u00a7 58 GenG in gemeinsamer Sitzung mit dem Vorstand und den Abschlusspr\u00fcfern DGRV und KPMG er\u00f6rtert. Die Abschlusspr\u00fcfer berichteten \u00fcber die wesentlichen Ergebnisse ihrer Pr\u00fcfung und standen zudem f\u00fcr Fragen und erg\u00e4nzende Ausk\u00fcnfte zur Verf\u00fcgung. Jahresabschluss und Lagebericht sowie Konzernabschluss und Konzernlagebericht geben die wirtschaftliche Lage der Genossenschaft zutreffend wieder und f\u00fchrten zu keinen Beanstandungen. Der Aufsichtsrat ist mit dem Ergebnis der gesetzlichen Pr\u00fcfung einverstanden. Auch mit dem Vorschlag f\u00fcr die Verwendung des Jahresergebnisses ist der Aufsichtsrat einverstanden.<\/p>\n<p>Herr Dr. Christian Mielsch ist mit Ablauf des 30.06.2022 aus dem Vorstand ausgeschieden. Die Herren Christoph Eltze und Telerik Schischmanow sind ab dem 01.07.2022 Mitglieder des Vorstandes.<\/p>\n<p>Anteilseignerseitig sind die Herren Fritz Aupperle und Robert Sch\u00e4fer zum 27.06.2022 aus dem Aufsichtsrat ausgeschieden. Die Nachfolge haben die Herren Thomas Kunkel und Lutz Richrath angetreten.<\/p>\n<p>Herr Matthias Peikert schied durch Amtsniederlegung zum 31.12.2022 aus dem Aufsichtsrat aus. Frau Kati Sommer trat seine Nachfolge an.<\/p>\n<p>Arbeitnehmerseitig sind folgende Aufsichtsratsmitglieder am 27.06.2022 aus dem Aufsichtsrat ausgeschieden:<\/p>\n<p>Frau Jutta Mirtezani, Frau Nicole van Uffelt sowie die Herren Michael Adlhoch, Josef Czok, Bernhard Franke und Lutz Staude.<\/p>\n<p>Die Nachfolge haben Frau Franziska Blumenthal, Frau Monika Di Silvestre, Frau Silvia Haupt, Frau Peggy Zeretzki sowie die Herren Orhan Akman und Daniel Nikolovic angetreten.<\/p>\n<p>Der Aufsichtsrat dankt den Mitgliedern des Vorstandes und allen Mitarbeiterinnen und Mitarbeitern der REWE-ZENTRALFINANZ eG f\u00fcr die sehr gute Arbeit im Gesch\u00e4ftsjahr 2022, besonders vor dem Hintergrund der erheblichen Herausforderungen, vor die das Unternehmen erneut gestellt wurde: Anfangs noch durch die abklingenden Auswirkungen der Corona-Pandemie, ab Ende Februar aber insbesondere durch den Angriffskrieg Russlands gegen die<\/p>\n<p>Ukraine und dessen verheerende Konsequenzen in der Ukraine sowie auf europ\u00e4ischer und globaler Ebene. Wie in den Pandemie-Jahren zuvor wurde die Lage mit gemeinsamer Kraftanstrengung bew\u00e4ltigt, wof\u00fcr allen gro\u00dfer Dank geb\u00fchrt.<\/p>\n<p>K\u00f6ln, 09. Mai 2023<\/p>\n<p>DER AUFSICHTSRAT<br \/>\ngez.: Erich Stockhausen<br \/>\n&#8211; Vorsitzender &#8211;<\/p>\n        <\/div>\n\n            <\/div>\n<\/div>\n\n<div class=\"myblock-wrapper block-my-article-about-person\" data-module-name=\"\u00dcber Person\"><div class=\"article-about-person\">\n    <div class=\"article-about-person__inner\">\n        <div class=\"article-about-person__image\">\n            <div class=\"person-avatar m\">\n                <div class=\"focused-image-container\">\n    <img decoding=\"async\"\n        class=\"focused-image\"\n        data-focus-x=\"0.00\"\n        data-focus-y=\"0.00\"\n        src=\"https:\/\/www.rewe-group.com\/content\/uploads\/2023\/05\/Erich-Stockhausen-300x214.jpg\"\n        alt=\"Portr\u00e4t von Erich Stockhausen\"\n                        loading=\"lazy\"\n         data-copyright=\"Portr\u00e4t von Erich Stockhausen \u00a9 REWE\"    >\n<\/div>\n            <\/div>\n        <\/div>\n        <div class=\"article-about-person__text\">\n            <h2 class=\"article-about-person__about\">\u00dcber:<\/h2>            <p class=\"article-about-person__name\">\n                Erich  Stockhausen            <\/p>\n\n                            <p class=\"article-about-person__title\">Selbstst\u00e4ndiger REWE-Kaufmann sowie ehemaliger Aufsichtsratsvorsitzender der REWE Group<\/p>\n            \n                    <\/div>\n    <\/div>\n<\/div>\n<\/div><\/div>\n<\/div>\n<\/div>\n\n\n\n<div class=\"wp-block-myblocks-section block-section section-bg-gray section-padding-top\">\n<div class=\"wp-block-myblocks-row-full-2columns row-full-2columns my-row-block row-full\">\n<div class=\"wp-block-myblocks-row-full-2columns-cell row-cell row-full-2columns-cell my-cell-block\"><div class=\"myblock-wrapper block-my-page-teaser block-ingrid\" data-module-name=\"Teaser Page\">\n<div class=\"page-teaser__wrapper\">\n    <a\n        class=\"page-teaser large red has-post\"\n        href=\"https:\/\/www.rewe-group.com\/de\/geschaeftsbericht-2022\/bericht-des-vorstandes-2022\/\"\n        style=\"\"\n        data-tracking=\"{&quot;event&quot;:&quot;click_teaser&quot;,&quot;link_url&quot;:&quot;https:\\\/\\\/www.rewe-group.com\\\/de\\\/geschaeftsbericht-2022\\\/bericht-des-vorstandes-2022\\\/&quot;,&quot;element_name&quot;:&quot;Bericht des Vorstandes&quot;,&quot;modul_name&quot;:&quot;.teaser-page&quot;}\"        target=\"_self\"    >\n                <div class=\"page-teaser__overlay red\"><\/div>\n                    <p class=\"page-teaser__category typo-bold\">Unternehmen<\/p>\n                <h2 class=\"page-teaser__title\">Bericht des Vorstandes<\/h2>        <div class=\"bottom\">\n                        <div class=\"link\">\n                <span class=\"arrow-link\">Zum Bericht des Vorstandes <\/span>\n            <\/div>\n        <\/div>\n    <\/a>\n<\/div>\n<\/div><\/div>\n\n\n\n<div class=\"wp-block-myblocks-row-full-2columns-cell row-cell row-full-2columns-cell my-cell-block\"><div class=\"myblock-wrapper block-my-page-teaser block-ingrid\" data-module-name=\"Teaser Page\">\n<div class=\"page-teaser__wrapper\">\n    <a\n        class=\"page-teaser large bg-image has-post\"\n        href=\"https:\/\/www.rewe-group.com\/de\/unternehmen\/vorstand-und-aufsichtsrat\/\"\n        style=\"\"\n        data-tracking=\"{&quot;event&quot;:&quot;click_teaser&quot;,&quot;link_url&quot;:&quot;https:\\\/\\\/www.rewe-group.com\\\/de\\\/unternehmen\\\/vorstand-und-aufsichtsrat\\\/&quot;,&quot;element_name&quot;:&quot;Vorstand und Aufsichtsrat&quot;,&quot;modul_name&quot;:&quot;.teaser-page&quot;}\"        target=\"_self\"    >\n                                <div class=\"page-teaser__background-wrapper\">\n                <div class=\"focused-image-container\">\n                    <img decoding=\"async\"\n                        class=\"focused-image\"\n                        data-focus-x=\"0.00\"\n                        data-focus-y=\"0.51\"\n                        src=\"https:\/\/www.rewe-group.com\/content\/uploads\/2022\/12\/REWE_Group_Vorstand-1024x683.jpg\"\n                        alt=\"Von links Telerik Schischmanow, Hans-J\u00fcrgen Moog, Lionel Souque, Christoph Eltze, Peter Maly und Daniela B\u00fcchel\"\n                        loading=\"lazy\"\n                         data-copyright=\"Von links Telerik Schischmanow, Hans-J\u00fcrgen Moog, Lionel Souque, Christoph Eltze, Peter Maly und Daniela B\u00fcchel \u00a9 REWE Group (Michael Pr\u00f6ck)\"                    >\n                <\/div>\n            <\/div>\n                <div class=\"page-teaser__overlay bg-image\"><\/div>\n                <h2 class=\"page-teaser__title\">Vorstand und Aufsichtsrat<\/h2>        <div class=\"bottom\">\n                        <div class=\"link\">\n                <span class=\"arrow-link\">Zum Vorstand und Aufsichtsrat<\/span>\n            <\/div>\n        <\/div>\n    <\/a>\n<\/div>\n<\/div><\/div>\n<\/div>\n<\/div>\n<\/div>\n","protected":false},"excerpt":{"rendered":"","protected":false},"author":10,"featured_media":30110,"parent":30901,"menu_order":98,"comment_status":"closed","ping_status":"closed","template":"","meta":{"_acf_changed":false,"_relevanssi_hide_post":"","_relevanssi_hide_content":"","_relevanssi_pin_for_all":"","_relevanssi_pin_keywords":"","_relevanssi_unpin_keywords":"","_relevanssi_related_keywords":"","_relevanssi_related_include_ids":"","_relevanssi_related_exclude_ids":"","_relevanssi_related_no_append":"","_relevanssi_related_not_related":"","_relevanssi_related_posts":"","_relevanssi_noindex_reason":"","footnotes":""},"categories":[8],"tags":[39],"class_list":["post-30905","page","type-page","status-publish","has-post-thumbnail","hentry","category-unternehmen","tag-geschaeftsentwicklung"],"acf":[],"yoast_head":"<!-- This site is optimized with the Yoast SEO Premium plugin v27.5 (Yoast SEO v27.5) - https:\/\/yoast.com\/product\/yoast-seo-premium-wordpress\/ -->\n<title>Bericht des Aufsichtsrates - REWE Group<\/title>\n<meta name=\"description\" content=\"Im Gesch\u00e4ftsjahr 2022 hat sich der Aufsichtsrat von allen wesentlichen Angelegenheiten der Genossenschaft unterrichten lassen.\" \/>\n<meta name=\"robots\" content=\"index, follow, max-snippet:-1, max-image-preview:large, max-video-preview:-1\" \/>\n<link rel=\"canonical\" href=\"https:\/\/www.rewe-group.com\/de\/geschaeftsbericht-2022\/bericht-des-aufsichtsrates-2022\/\" \/>\n<meta property=\"og:locale\" content=\"de_DE\" \/>\n<meta property=\"og:type\" content=\"article\" \/>\n<meta property=\"og:title\" content=\"Bericht des Aufsichtsrates\" \/>\n<meta property=\"og:description\" content=\"Im Gesch\u00e4ftsjahr 2022 hat sich der Aufsichtsrat von allen wesentlichen Angelegenheiten der Genossenschaft unterrichten lassen.\" \/>\n<meta property=\"og:url\" content=\"https:\/\/www.rewe-group.com\/de\/geschaeftsbericht-2022\/bericht-des-aufsichtsrates-2022\/\" \/>\n<meta property=\"og:site_name\" content=\"REWE Group\" \/>\n<meta property=\"article:modified_time\" content=\"2023-06-19T09:22:53+00:00\" \/>\n<meta property=\"og:image\" content=\"https:\/\/www.rewe-group.com\/content\/uploads\/2023\/05\/bericht-des-aufsichtsrates-rewe-zentralfinanz-eg-geschaeftsbericht-2022-scaled-e1687000621722.jpg?t=2023061909\" \/>\n\t<meta property=\"og:image:width\" content=\"2560\" \/>\n\t<meta property=\"og:image:height\" content=\"1568\" \/>\n\t<meta property=\"og:image:type\" content=\"image\/jpeg\" \/>\n<meta name=\"twitter:card\" content=\"summary_large_image\" \/>\n<script type=\"application\/ld+json\" class=\"yoast-schema-graph\">{\"@context\":\"https:\\\/\\\/schema.org\",\"@graph\":[{\"@type\":\"WebPage\",\"@id\":\"https:\\\/\\\/www.rewe-group.com\\\/de\\\/geschaeftsbericht-2022\\\/bericht-des-aufsichtsrates-2022\\\/\",\"url\":\"https:\\\/\\\/www.rewe-group.com\\\/de\\\/geschaeftsbericht-2022\\\/bericht-des-aufsichtsrates-2022\\\/\",\"name\":\"Bericht des Aufsichtsrates - REWE Group\",\"isPartOf\":{\"@id\":\"https:\\\/\\\/www.rewe-group.com\\\/de\\\/#website\"},\"primaryImageOfPage\":{\"@id\":\"https:\\\/\\\/www.rewe-group.com\\\/de\\\/geschaeftsbericht-2022\\\/bericht-des-aufsichtsrates-2022\\\/#primaryimage\"},\"image\":{\"@id\":\"https:\\\/\\\/www.rewe-group.com\\\/de\\\/geschaeftsbericht-2022\\\/bericht-des-aufsichtsrates-2022\\\/#primaryimage\"},\"thumbnailUrl\":\"https:\\\/\\\/www.rewe-group.com\\\/content\\\/uploads\\\/2023\\\/05\\\/bericht-des-aufsichtsrates-rewe-zentralfinanz-eg-geschaeftsbericht-2022-scaled-e1687000621722.jpg?t=2026051501\",\"datePublished\":\"2023-06-05T14:21:08+00:00\",\"dateModified\":\"2023-06-19T09:22:53+00:00\",\"description\":\"Im Gesch\u00e4ftsjahr 2022 hat sich der Aufsichtsrat von allen wesentlichen Angelegenheiten der Genossenschaft unterrichten lassen.\",\"breadcrumb\":{\"@id\":\"https:\\\/\\\/www.rewe-group.com\\\/de\\\/geschaeftsbericht-2022\\\/bericht-des-aufsichtsrates-2022\\\/#breadcrumb\"},\"inLanguage\":\"de\",\"potentialAction\":[{\"@type\":\"ReadAction\",\"target\":[\"https:\\\/\\\/www.rewe-group.com\\\/de\\\/geschaeftsbericht-2022\\\/bericht-des-aufsichtsrates-2022\\\/\"]}]},{\"@type\":\"ImageObject\",\"inLanguage\":\"de\",\"@id\":\"https:\\\/\\\/www.rewe-group.com\\\/de\\\/geschaeftsbericht-2022\\\/bericht-des-aufsichtsrates-2022\\\/#primaryimage\",\"url\":\"https:\\\/\\\/www.rewe-group.com\\\/content\\\/uploads\\\/2023\\\/05\\\/bericht-des-aufsichtsrates-rewe-zentralfinanz-eg-geschaeftsbericht-2022-scaled-e1687000621722.jpg?t=2026051501\",\"contentUrl\":\"https:\\\/\\\/www.rewe-group.com\\\/content\\\/uploads\\\/2023\\\/05\\\/bericht-des-aufsichtsrates-rewe-zentralfinanz-eg-geschaeftsbericht-2022-scaled-e1687000621722.jpg?t=2026051501\",\"width\":2560,\"height\":1568,\"caption\":\"Bericht des Aufsichtsrates der REWE-ZENTRALFINANZ eG, K\u00f6ln, f\u00fcr das Gesch\u00e4ftsjahr 2022\"},{\"@type\":\"BreadcrumbList\",\"@id\":\"https:\\\/\\\/www.rewe-group.com\\\/de\\\/geschaeftsbericht-2022\\\/bericht-des-aufsichtsrates-2022\\\/#breadcrumb\",\"itemListElement\":[{\"@type\":\"ListItem\",\"position\":1,\"name\":\"Gesch\u00e4ftsbericht REWE Group 2022\",\"item\":\"https:\\\/\\\/www.rewe-group.com\\\/de\\\/geschaeftsbericht-2022\\\/\"},{\"@type\":\"ListItem\",\"position\":2,\"name\":\"Bericht des Aufsichtsrates\"}]},{\"@type\":\"WebSite\",\"@id\":\"https:\\\/\\\/www.rewe-group.com\\\/de\\\/#website\",\"url\":\"https:\\\/\\\/www.rewe-group.com\\\/de\\\/\",\"name\":\"REWE Group\",\"description\":\"Die Website der REWE Group\",\"potentialAction\":[{\"@type\":\"SearchAction\",\"target\":{\"@type\":\"EntryPoint\",\"urlTemplate\":\"https:\\\/\\\/www.rewe-group.com\\\/de\\\/?s={search_term_string}\"},\"query-input\":{\"@type\":\"PropertyValueSpecification\",\"valueRequired\":true,\"valueName\":\"search_term_string\"}}],\"inLanguage\":\"de\"}]}<\/script>\n<!-- \/ Yoast SEO Premium plugin. -->","yoast_head_json":{"title":"Bericht des Aufsichtsrates - REWE Group","description":"Im Gesch\u00e4ftsjahr 2022 hat sich der Aufsichtsrat von allen wesentlichen Angelegenheiten der Genossenschaft unterrichten lassen.","robots":{"index":"index","follow":"follow","max-snippet":"max-snippet:-1","max-image-preview":"max-image-preview:large","max-video-preview":"max-video-preview:-1"},"canonical":"https:\/\/www.rewe-group.com\/de\/geschaeftsbericht-2022\/bericht-des-aufsichtsrates-2022\/","og_locale":"de_DE","og_type":"article","og_title":"Bericht des Aufsichtsrates","og_description":"Im Gesch\u00e4ftsjahr 2022 hat sich der Aufsichtsrat von allen wesentlichen Angelegenheiten der Genossenschaft unterrichten lassen.","og_url":"https:\/\/www.rewe-group.com\/de\/geschaeftsbericht-2022\/bericht-des-aufsichtsrates-2022\/","og_site_name":"REWE Group","article_modified_time":"2023-06-19T09:22:53+00:00","og_image":[{"width":2560,"height":1568,"url":"https:\/\/www.rewe-group.com\/content\/uploads\/2023\/05\/bericht-des-aufsichtsrates-rewe-zentralfinanz-eg-geschaeftsbericht-2022-scaled-e1687000621722.jpg?t=2023061909","type":"image\/jpeg"}],"twitter_card":"summary_large_image","schema":{"@context":"https:\/\/schema.org","@graph":[{"@type":"WebPage","@id":"https:\/\/www.rewe-group.com\/de\/geschaeftsbericht-2022\/bericht-des-aufsichtsrates-2022\/","url":"https:\/\/www.rewe-group.com\/de\/geschaeftsbericht-2022\/bericht-des-aufsichtsrates-2022\/","name":"Bericht des Aufsichtsrates - REWE Group","isPartOf":{"@id":"https:\/\/www.rewe-group.com\/de\/#website"},"primaryImageOfPage":{"@id":"https:\/\/www.rewe-group.com\/de\/geschaeftsbericht-2022\/bericht-des-aufsichtsrates-2022\/#primaryimage"},"image":{"@id":"https:\/\/www.rewe-group.com\/de\/geschaeftsbericht-2022\/bericht-des-aufsichtsrates-2022\/#primaryimage"},"thumbnailUrl":"https:\/\/www.rewe-group.com\/content\/uploads\/2023\/05\/bericht-des-aufsichtsrates-rewe-zentralfinanz-eg-geschaeftsbericht-2022-scaled-e1687000621722.jpg?t=2026051501","datePublished":"2023-06-05T14:21:08+00:00","dateModified":"2023-06-19T09:22:53+00:00","description":"Im Gesch\u00e4ftsjahr 2022 hat sich der Aufsichtsrat von allen wesentlichen Angelegenheiten der Genossenschaft unterrichten lassen.","breadcrumb":{"@id":"https:\/\/www.rewe-group.com\/de\/geschaeftsbericht-2022\/bericht-des-aufsichtsrates-2022\/#breadcrumb"},"inLanguage":"de","potentialAction":[{"@type":"ReadAction","target":["https:\/\/www.rewe-group.com\/de\/geschaeftsbericht-2022\/bericht-des-aufsichtsrates-2022\/"]}]},{"@type":"ImageObject","inLanguage":"de","@id":"https:\/\/www.rewe-group.com\/de\/geschaeftsbericht-2022\/bericht-des-aufsichtsrates-2022\/#primaryimage","url":"https:\/\/www.rewe-group.com\/content\/uploads\/2023\/05\/bericht-des-aufsichtsrates-rewe-zentralfinanz-eg-geschaeftsbericht-2022-scaled-e1687000621722.jpg?t=2026051501","contentUrl":"https:\/\/www.rewe-group.com\/content\/uploads\/2023\/05\/bericht-des-aufsichtsrates-rewe-zentralfinanz-eg-geschaeftsbericht-2022-scaled-e1687000621722.jpg?t=2026051501","width":2560,"height":1568,"caption":"Bericht des Aufsichtsrates der REWE-ZENTRALFINANZ eG, K\u00f6ln, f\u00fcr das Gesch\u00e4ftsjahr 2022"},{"@type":"BreadcrumbList","@id":"https:\/\/www.rewe-group.com\/de\/geschaeftsbericht-2022\/bericht-des-aufsichtsrates-2022\/#breadcrumb","itemListElement":[{"@type":"ListItem","position":1,"name":"Gesch\u00e4ftsbericht REWE Group 2022","item":"https:\/\/www.rewe-group.com\/de\/geschaeftsbericht-2022\/"},{"@type":"ListItem","position":2,"name":"Bericht des Aufsichtsrates"}]},{"@type":"WebSite","@id":"https:\/\/www.rewe-group.com\/de\/#website","url":"https:\/\/www.rewe-group.com\/de\/","name":"REWE Group","description":"Die Website der REWE Group","potentialAction":[{"@type":"SearchAction","target":{"@type":"EntryPoint","urlTemplate":"https:\/\/www.rewe-group.com\/de\/?s={search_term_string}"},"query-input":{"@type":"PropertyValueSpecification","valueRequired":true,"valueName":"search_term_string"}}],"inLanguage":"de"}]}},"_links":{"self":[{"href":"https:\/\/www.rewe-group.com\/de\/wp-json\/wp\/v2\/pages\/30905","targetHints":{"allow":["GET"]}}],"collection":[{"href":"https:\/\/www.rewe-group.com\/de\/wp-json\/wp\/v2\/pages"}],"about":[{"href":"https:\/\/www.rewe-group.com\/de\/wp-json\/wp\/v2\/types\/page"}],"author":[{"embeddable":true,"href":"https:\/\/www.rewe-group.com\/de\/wp-json\/wp\/v2\/users\/10"}],"replies":[{"embeddable":true,"href":"https:\/\/www.rewe-group.com\/de\/wp-json\/wp\/v2\/comments?post=30905"}],"version-history":[{"count":15,"href":"https:\/\/www.rewe-group.com\/de\/wp-json\/wp\/v2\/pages\/30905\/revisions"}],"predecessor-version":[{"id":31004,"href":"https:\/\/www.rewe-group.com\/de\/wp-json\/wp\/v2\/pages\/30905\/revisions\/31004"}],"up":[{"embeddable":true,"href":"https:\/\/www.rewe-group.com\/de\/wp-json\/wp\/v2\/pages\/30901"}],"wp:featuredmedia":[{"embeddable":true,"href":"https:\/\/www.rewe-group.com\/de\/wp-json\/wp\/v2\/media\/30110"}],"wp:attachment":[{"href":"https:\/\/www.rewe-group.com\/de\/wp-json\/wp\/v2\/media?parent=30905"}],"wp:term":[{"taxonomy":"category","embeddable":true,"href":"https:\/\/www.rewe-group.com\/de\/wp-json\/wp\/v2\/categories?post=30905"},{"taxonomy":"post_tag","embeddable":true,"href":"https:\/\/www.rewe-group.com\/de\/wp-json\/wp\/v2\/tags?post=30905"}],"curies":[{"name":"wp","href":"https:\/\/api.w.org\/{rel}","templated":true}]}}