{"id":30901,"date":"2023-05-19T13:42:34","date_gmt":"2023-05-19T11:42:34","guid":{"rendered":"https:\/\/gb22.reweg-aws-preview.parasol.digital\/de\/?page_id=29903"},"modified":"2024-06-06T12:55:24","modified_gmt":"2024-06-06T10:55:24","slug":"geschaeftsbericht-2022","status":"publish","type":"page","link":"https:\/\/www.rewe-group.com\/de\/geschaeftsbericht-2022\/","title":{"rendered":"Gesch\u00e4ftsbericht REWE Group 2022"},"content":{"rendered":"\n<div class=\"wp-block-myblocks-template-root template-root\">\n<div class=\"wp-block-myblocks-section block-section section-bg-white section-padding-top section-padding-bottom\">\n<div class=\"wp-block-myblocks-row-full-2columns row-full-2columns my-row-block row-full\">\n<div class=\"wp-block-myblocks-row-full-2columns-cell row-cell row-full-2columns-cell my-cell-block\"><div class=\"myblock-wrapper block-my-multi-link-slider\" data-module-name=\"Multi-Link Slider\"><div class=\"text-tasers-wrapper\">\n    <div class=\"text-teaser bg-pattern bg-pattern_pattern_yellow_laser bg-pattern_red dark-bg-section\" data-module-name=\".multi-link-slider\">\n                <div class=\"text-teaser__inner reweg-teaser-main\">\n                            <h2 class=\"text-teaser__title smaller\">Weiterf\u00fchrende Informationen<\/h2>\n            \n            \n                            <div class=\"multi-link-slider\">\n                    <div class=\"multi-link-slider__links\">\n                                                                                    <div class=\"multi-link-slider__item\">\n                                    <a\n    class=\"arrow-link type-internal\"\n    href=\"https:\/\/www.rewe-group.com\/de\/geschaeftsbericht-2022\/kennzahlen-2022\/\"\n        target=\"_blank\" rel=\"noopener noreferrer\">\n    Kennzahlen 2022<\/a>\n                                <\/div>\n                                                                                                                <div class=\"multi-link-slider__item\">\n                                    <a\n    class=\"arrow-link type-internal\"\n    href=\"https:\/\/www.rewe-group.com\/de\/unternehmen\/vorstand-und-aufsichtsrat\/\"\n        target=\"_blank\" rel=\"noopener noreferrer\">\n    Vorstand und Aufsichtsrat<\/a>\n                                <\/div>\n                                                                                                                <div class=\"multi-link-slider__item\">\n                                    <a\n    class=\"arrow-link type-internal\"\n    href=\"https:\/\/www.rewe-group.com\/de\/unternehmen\/struktur-und-vertriebslinien\/\"\n        target=\"_blank\" rel=\"noopener noreferrer\">\n    Struktur und Vertriebslinien<\/a>\n                                <\/div>\n                                                                                                                <div class=\"multi-link-slider__item\">\n                                    <a\n    class=\"arrow-link type-internal\"\n    href=\"https:\/\/www.rewe-group.com\/de\/unternehmen\/creditor-relations\/\"\n        target=\"_blank\" rel=\"noopener noreferrer\">\n    Creditor Relations<\/a>\n                                <\/div>\n                                                                                                                <div class=\"multi-link-slider__item\">\n                                    <a\n    class=\"arrow-link type-download\"\n    href=\"https:\/\/www.rewe-group.com\/content\/uploads\/2022\/06\/rewe-group-kompaktflyer.pdf?t=2022081912\"\n        target=\"_blank\" rel=\"noopener noreferrer\">\n    Unser Kurzflyer als PDF<\/a>\n                                <\/div>\n                                                                                                                <div class=\"multi-link-slider__item\">\n                                    <a\n    class=\"arrow-link type-external\"\n    href=\"https:\/\/www.rewe-group.com\/de\/geschichte\/#!\/preload\"\n        target=\"_blank\" rel=\"noopener noreferrer\">\n    Unsere Geschichte<\/a>\n                                <\/div>\n                                                                        <\/div>\n                    <div class=\"multi-link-slider__slider\"><\/div>\n                <\/div>\n                    <\/div>\n    <\/div>\n<\/div>\n<\/div><\/div>\n\n\n\n<div class=\"wp-block-myblocks-row-full-2columns-cell row-cell row-full-2columns-cell my-cell-block\"><div class=\"myblock-wrapper block-my-text-teaser-gallery\" data-module-name=\"Teaser Contentmodul\"><div class=\"text-tasers-wrapper\">\n            <div class=\"text-taser-slider\">\n    <div class=\"text-taser-slider__slider\">\n        <ul class=\"rwgs__inner\">\n                                            <li>\n                    \n    <a href=\"https:\/\/rewe-group-nachhaltigkeitsbericht.de\/2022\/de\/\" target=\"_blank\" rel=\"noopener noreferrer\"    class=\"text-teaser bg-image dark-bg-section text-color-white link-hover-color-yellow with-1-link\"  data-module-name=\".teaser-contentmodul\">\n            <div class=\"text-teaser__background-wrapper\">\n            <div class=\"focused-image-container\">\n                <img decoding=\"async\"\n                    class=\"focused-image\"\n                    data-focus-x=\"0.00\"\n                    data-focus-y=\"0.00\"\n                    src=\"https:\/\/www.rewe-group.com\/content\/uploads\/2023\/06\/nachhaltigkeitsbericht-2022.jpg?t=2026040412\"\n                    alt=\"Bild von einer Moorlandschaft in der Sonne\"\n                    srcset=\"https:\/\/www.rewe-group.com\/content\/uploads\/2023\/06\/nachhaltigkeitsbericht-2022-1024x575.jpg 1024w, https:\/\/www.rewe-group.com\/content\/uploads\/2023\/06\/nachhaltigkeitsbericht-2022.jpg?t=2026040412 2560w\"\n                    aria-description=\"Bild von einer Moorlandschaft in der Sonne\"\n                    loading=\"lazy\"\n                     data-copyright=\"Bild von einer Moorlandschaft in der Sonne \u00a9 Getty Images (Jona Bastian)\" data-copyright-wrapper=\".text-teaser.bg-image\"                >\n            <\/div>\n        <\/div>\n        <div class=\"text-teaser__inner reweg-teaser-main\">\n        <h2 class=\"text-teaser__title smaller\">Nachhaltigkeits&shy;bericht 2022<\/h2>\n                    <div class=\"text-teaser__text entry-content\">\n                <p>Die REWE Group handelt umwelt- und klimabewusst, f\u00f6rdert nachhaltigere Sortimente, achtet auf einen fairen Umgang mit Partnern und Lieferanten, \u00fcbernimmt Verantwortung f\u00fcr ihre Mitarbeitenden und setzt sich f\u00fcr eine zukunftsf\u00e4hige Gesellschaft ein. Dieser Bericht zeigt, wie das Unternehmen 2022 seine Nachhaltigkeitsstrategie umgesetzt hat \u2013 und zuk\u00fcnftigen Herausforderungen begegnen will.<\/p>\n            <\/div>\n        \n        \n                    <ul class=\"text-teaser__links\">\n                                                            <li>\n                            <span class=\"arrow-link\">Zum Nachhaltigkeitsbericht<\/span>\n                        <\/li>\n                                                <\/ul>\n            <\/div>\n<\/a>                <\/li>\n                    <\/ul>\n    <\/div>\n<\/div>    <\/div>\n<\/div><\/div>\n<\/div>\n<\/div>\n<\/div>\n","protected":false},"excerpt":{"rendered":"<p>Als Genossenschaft setzen wir auf nachhaltiges Wirtschaften, langfristiges Wachstum und vor allem: eine starke Gemeinschaft. Unser Gesch\u00e4ftsbericht 2022.<\/p>\n","protected":false},"author":1,"featured_media":30826,"parent":0,"menu_order":89,"comment_status":"closed","ping_status":"closed","template":"gb2022.php","meta":{"_acf_changed":false,"_relevanssi_hide_post":"","_relevanssi_hide_content":"","_relevanssi_pin_for_all":"","_relevanssi_pin_keywords":"","_relevanssi_unpin_keywords":"","_relevanssi_related_keywords":"","_relevanssi_related_include_ids":"","_relevanssi_related_exclude_ids":"","_relevanssi_related_no_append":"","_relevanssi_related_not_related":"","_relevanssi_related_posts":"","_relevanssi_noindex_reason":"","footnotes":""},"categories":[8],"tags":[126,39],"class_list":["post-30901","page","type-page","status-publish","has-post-thumbnail","hentry","category-unternehmen","tag-finanzen","tag-geschaeftsentwicklung"],"acf":[],"yoast_head":"<!-- This site is optimized with the Yoast SEO Premium plugin v27.1 (Yoast SEO v27.1.1) - https:\/\/yoast.com\/product\/yoast-seo-premium-wordpress\/ -->\n<title>Gesch\u00e4ftsbericht REWE Group 2022 - REWE Group<\/title>\n<meta name=\"description\" content=\"Als Genossenschaft setzen wir auf nachhaltiges Wirtschaften, langfristiges Wachstum und vor allem: eine starke Gemeinschaft. Unser Gesch\u00e4ftsbericht 2022.\" \/>\n<meta name=\"robots\" content=\"noindex, nofollow\" \/>\n<meta property=\"og:locale\" content=\"de_DE\" \/>\n<meta property=\"og:type\" content=\"article\" \/>\n<meta property=\"og:title\" content=\"Gesch\u00e4ftsbericht REWE Group 2022\" \/>\n<meta property=\"og:description\" content=\"Als Genossenschaft setzen wir auf nachhaltiges Wirtschaften, langfristiges Wachstum und vor allem: eine starke Gemeinschaft. Unser Gesch\u00e4ftsbericht 2022.\" \/>\n<meta property=\"og:url\" content=\"https:\/\/www.rewe-group.com\/de\/geschaeftsbericht-2022\/\" \/>\n<meta property=\"og:site_name\" content=\"REWE Group\" \/>\n<meta property=\"article:modified_time\" content=\"2024-06-06T10:55:24+00:00\" \/>\n<meta property=\"og:image\" content=\"https:\/\/www.rewe-group.com\/content\/uploads\/2023\/06\/geschaeftsbericht-2022.jpg?t=2024060610\" \/>\n\t<meta property=\"og:image:width\" content=\"2560\" \/>\n\t<meta property=\"og:image:height\" content=\"2449\" \/>\n\t<meta property=\"og:image:type\" content=\"image\/jpeg\" \/>\n<meta name=\"twitter:card\" content=\"summary_large_image\" \/>\n<script type=\"application\/ld+json\" class=\"yoast-schema-graph\">{\"@context\":\"https:\/\/schema.org\",\"@graph\":[{\"@type\":\"WebPage\",\"@id\":\"https:\/\/www.rewe-group.com\/de\/geschaeftsbericht-2022\/\",\"url\":\"https:\/\/www.rewe-group.com\/de\/geschaeftsbericht-2022\/\",\"name\":\"Gesch\u00e4ftsbericht REWE Group 2022 - REWE Group\",\"isPartOf\":{\"@id\":\"https:\/\/www.rewe-group.com\/de\/#website\"},\"primaryImageOfPage\":{\"@id\":\"https:\/\/www.rewe-group.com\/de\/geschaeftsbericht-2022\/#primaryimage\"},\"image\":{\"@id\":\"https:\/\/www.rewe-group.com\/de\/geschaeftsbericht-2022\/#primaryimage\"},\"thumbnailUrl\":\"https:\/\/www.rewe-group.com\/content\/uploads\/2023\/06\/geschaeftsbericht-2022.jpg?t=2026040412\",\"datePublished\":\"2023-05-19T11:42:34+00:00\",\"dateModified\":\"2024-06-06T10:55:24+00:00\",\"description\":\"Als Genossenschaft setzen wir auf nachhaltiges Wirtschaften, langfristiges Wachstum und vor allem: eine starke Gemeinschaft. Unser Gesch\u00e4ftsbericht 2022.\",\"inLanguage\":\"de\",\"potentialAction\":[{\"@type\":\"ReadAction\",\"target\":[\"https:\/\/www.rewe-group.com\/de\/geschaeftsbericht-2022\/\"]}]},{\"@type\":\"ImageObject\",\"inLanguage\":\"de\",\"@id\":\"https:\/\/www.rewe-group.com\/de\/geschaeftsbericht-2022\/#primaryimage\",\"url\":\"https:\/\/www.rewe-group.com\/content\/uploads\/2023\/06\/geschaeftsbericht-2022.jpg?t=2026040412\",\"contentUrl\":\"https:\/\/www.rewe-group.com\/content\/uploads\/2023\/06\/geschaeftsbericht-2022.jpg?t=2026040412\",\"width\":2560,\"height\":2449,\"caption\":\"Die REWE Group ist erfolgreich und stabil durch das Jahr 2022 navigiert. Ein Jahr, das vor allem gepr\u00e4gt war durch den Krieg in der Ukraine und seine Folgen. Einmal mehr haben sich in der Krise unser konsequenter Kurs und die breite und solide internationale Aufstellung bew\u00e4hrt. Denn als Genossenschaft setzen wir auf nachhaltiges Wirtschaften, langfristiges Wachstum und vor allem: eine starke Gemeinschaft.\"},{\"@type\":\"WebSite\",\"@id\":\"https:\/\/www.rewe-group.com\/de\/#website\",\"url\":\"https:\/\/www.rewe-group.com\/de\/\",\"name\":\"REWE Group\",\"description\":\"Die Website der REWE Group\",\"potentialAction\":[{\"@type\":\"SearchAction\",\"target\":{\"@type\":\"EntryPoint\",\"urlTemplate\":\"https:\/\/www.rewe-group.com\/de\/?s={search_term_string}\"},\"query-input\":{\"@type\":\"PropertyValueSpecification\",\"valueRequired\":true,\"valueName\":\"search_term_string\"}}],\"inLanguage\":\"de\"}]}<\/script>\n<!-- \/ Yoast SEO Premium plugin. -->","yoast_head_json":{"title":"Gesch\u00e4ftsbericht REWE Group 2022 - REWE Group","description":"Als Genossenschaft setzen wir auf nachhaltiges Wirtschaften, langfristiges Wachstum und vor allem: eine starke Gemeinschaft. Unser Gesch\u00e4ftsbericht 2022.","robots":{"index":"noindex","follow":"nofollow"},"og_locale":"de_DE","og_type":"article","og_title":"Gesch\u00e4ftsbericht REWE Group 2022","og_description":"Als Genossenschaft setzen wir auf nachhaltiges Wirtschaften, langfristiges Wachstum und vor allem: eine starke Gemeinschaft. Unser Gesch\u00e4ftsbericht 2022.","og_url":"https:\/\/www.rewe-group.com\/de\/geschaeftsbericht-2022\/","og_site_name":"REWE Group","article_modified_time":"2024-06-06T10:55:24+00:00","og_image":[{"width":2560,"height":2449,"url":"https:\/\/www.rewe-group.com\/content\/uploads\/2023\/06\/geschaeftsbericht-2022.jpg?t=2024060610","type":"image\/jpeg"}],"twitter_card":"summary_large_image","schema":{"@context":"https:\/\/schema.org","@graph":[{"@type":"WebPage","@id":"https:\/\/www.rewe-group.com\/de\/geschaeftsbericht-2022\/","url":"https:\/\/www.rewe-group.com\/de\/geschaeftsbericht-2022\/","name":"Gesch\u00e4ftsbericht REWE Group 2022 - REWE Group","isPartOf":{"@id":"https:\/\/www.rewe-group.com\/de\/#website"},"primaryImageOfPage":{"@id":"https:\/\/www.rewe-group.com\/de\/geschaeftsbericht-2022\/#primaryimage"},"image":{"@id":"https:\/\/www.rewe-group.com\/de\/geschaeftsbericht-2022\/#primaryimage"},"thumbnailUrl":"https:\/\/www.rewe-group.com\/content\/uploads\/2023\/06\/geschaeftsbericht-2022.jpg?t=2026040412","datePublished":"2023-05-19T11:42:34+00:00","dateModified":"2024-06-06T10:55:24+00:00","description":"Als Genossenschaft setzen wir auf nachhaltiges Wirtschaften, langfristiges Wachstum und vor allem: eine starke Gemeinschaft. Unser Gesch\u00e4ftsbericht 2022.","inLanguage":"de","potentialAction":[{"@type":"ReadAction","target":["https:\/\/www.rewe-group.com\/de\/geschaeftsbericht-2022\/"]}]},{"@type":"ImageObject","inLanguage":"de","@id":"https:\/\/www.rewe-group.com\/de\/geschaeftsbericht-2022\/#primaryimage","url":"https:\/\/www.rewe-group.com\/content\/uploads\/2023\/06\/geschaeftsbericht-2022.jpg?t=2026040412","contentUrl":"https:\/\/www.rewe-group.com\/content\/uploads\/2023\/06\/geschaeftsbericht-2022.jpg?t=2026040412","width":2560,"height":2449,"caption":"Die REWE Group ist erfolgreich und stabil durch das Jahr 2022 navigiert. Ein Jahr, das vor allem gepr\u00e4gt war durch den Krieg in der Ukraine und seine Folgen. Einmal mehr haben sich in der Krise unser konsequenter Kurs und die breite und solide internationale Aufstellung bew\u00e4hrt. Denn als Genossenschaft setzen wir auf nachhaltiges Wirtschaften, langfristiges Wachstum und vor allem: eine starke Gemeinschaft."},{"@type":"WebSite","@id":"https:\/\/www.rewe-group.com\/de\/#website","url":"https:\/\/www.rewe-group.com\/de\/","name":"REWE Group","description":"Die Website der REWE Group","potentialAction":[{"@type":"SearchAction","target":{"@type":"EntryPoint","urlTemplate":"https:\/\/www.rewe-group.com\/de\/?s={search_term_string}"},"query-input":{"@type":"PropertyValueSpecification","valueRequired":true,"valueName":"search_term_string"}}],"inLanguage":"de"}]}},"_links":{"self":[{"href":"https:\/\/www.rewe-group.com\/de\/wp-json\/wp\/v2\/pages\/30901","targetHints":{"allow":["GET"]}}],"collection":[{"href":"https:\/\/www.rewe-group.com\/de\/wp-json\/wp\/v2\/pages"}],"about":[{"href":"https:\/\/www.rewe-group.com\/de\/wp-json\/wp\/v2\/types\/page"}],"author":[{"embeddable":true,"href":"https:\/\/www.rewe-group.com\/de\/wp-json\/wp\/v2\/users\/1"}],"replies":[{"embeddable":true,"href":"https:\/\/www.rewe-group.com\/de\/wp-json\/wp\/v2\/comments?post=30901"}],"version-history":[{"count":34,"href":"https:\/\/www.rewe-group.com\/de\/wp-json\/wp\/v2\/pages\/30901\/revisions"}],"predecessor-version":[{"id":36871,"href":"https:\/\/www.rewe-group.com\/de\/wp-json\/wp\/v2\/pages\/30901\/revisions\/36871"}],"wp:featuredmedia":[{"embeddable":true,"href":"https:\/\/www.rewe-group.com\/de\/wp-json\/wp\/v2\/media\/30826"}],"wp:attachment":[{"href":"https:\/\/www.rewe-group.com\/de\/wp-json\/wp\/v2\/media?parent=30901"}],"wp:term":[{"taxonomy":"category","embeddable":true,"href":"https:\/\/www.rewe-group.com\/de\/wp-json\/wp\/v2\/categories?post=30901"},{"taxonomy":"post_tag","embeddable":true,"href":"https:\/\/www.rewe-group.com\/de\/wp-json\/wp\/v2\/tags?post=30901"}],"curies":[{"name":"wp","href":"https:\/\/api.w.org\/{rel}","templated":true}]}}