{"id":15487,"date":"2021-05-03T13:36:23","date_gmt":"2021-05-03T11:36:23","guid":{"rendered":"https:\/\/www.rewe-group.com\/de\/?page_id=15487"},"modified":"2025-08-25T09:28:50","modified_gmt":"2025-08-25T07:28:50","slug":"aufsichtsrat-der-rewe-group","status":"publish","type":"page","link":"https:\/\/www.rewe-group.com\/de\/unternehmen\/vorstand-und-aufsichtsrat\/aufsichtsrat-der-rewe-group\/","title":{"rendered":"Aufsichtsrat der REWE Group"},"content":{"rendered":"\n<div class=\"wp-block-myblocks-template-root template-root\">\n<div class=\"wp-block-myblocks-section block-section section-bg-white section-padding-top section-padding-bottom\">\n<div class=\"wp-block-myblocks-row-full-single row-full-single my-row-block row-full\"><div class=\"myblock-wrapper block-my-intro\" data-module-name=\"Intro\">            <div class=\"intro margin-row-inner\">\n            <div class=\"intro__inner border-content light\">\n                \n                                    <div class=\"intro__text entry-content\"><p>Zu den Aufgaben des Aufsichtsrats geh\u00f6ren die Bestellung von Vorstandsmitgliedern, die Kontrolle und Beratung des Vorstands, die Feststellung des Jahresabschlusses sowie die Zustimmung zu wichtigen unternehmerischen Planungen und Entscheidungen. Er setzt sich aus 20 Mitgliedern zusammen, davon sind zehn selbstst\u00e4ndige REWE-Kaufleute als Vertreterinnen und Vertreter der Anteilseigner und zehn Arbeitnehmervertreterinnen und -vertreter.<\/p>\n<\/div>\n                            <\/div>\n        <\/div>\n    <\/div><\/div>\n\n\n\n<div class=\"wp-block-myblocks-row-full-single row-full-single my-row-block row-full\"><div class=\"myblock-wrapper block-my-text-block block-ingrid\" data-module-name=\"Headline Copy Link\">    <div class=\"textblock margin-row-inner\">\n        <div class=\"entry-content\">\n            <h2 class=\"smaller\">Die Mitglieder<\/h2>\n            <p><strong>Dem Aufsichtsrat der REWE Group (REWE-ZENTRALFINANZ eG) geh\u00f6ren aktuell folgende Mitglieder an:<\/strong><\/p>\n<p>Stefan Lenk, Aufsichtsratsvorsitzender<\/p>\n<p>Michael Fricke<\/p>\n<p>Jan Kaiser<\/p>\n<p>Thomas Kunkel<\/p>\n<p>J\u00fcrgen Lang<\/p>\n<p>Lutz Richrath<\/p>\n<p>Sven Sch\u00e4fer<\/p>\n<p>Ren\u00e9 Schneider<\/p>\n<p>Christoph Steverding<\/p>\n<p>Kay Dreysse<\/p>\n<p><strong><br \/>\nDem Aufsichtsrat der REWE-ZENTRALFINANZ eG, geh\u00f6ren ferner die folgenden Arbeitnehmervertreter:innen an:<\/strong><\/p>\n<p>Franziska Blumenthal, stell. Aufsichtsratsvorsitzende<\/p>\n<p>Orhan Akman<\/p>\n<p>Uwe Bassermann<\/p>\n<p>Monika di Silvestre<\/p>\n<p>Corinna Gro\u00df<\/p>\n<p>Silvia Haupt<\/p>\n<p>Claudia Kottke-Kynast<\/p>\n<p>Vivien Schmitt<\/p>\n<p>Peggy Zeretzki<\/p>\n<p>Andr\u00e9 St\u00fcrmer<\/p>\n        <\/div>\n\n            <\/div>\n<\/div><\/div>\n<\/div>\n\n\n\n<div class=\"wp-block-myblocks-section block-section section-bg-gray section-padding-top section-padding-bottom\">\n<div class=\"wp-block-myblocks-row-full-2columns row-full-2columns my-row-block row-full\">\n<div class=\"wp-block-myblocks-row-full-2columns-cell row-cell row-full-2columns-cell my-cell-block\"><div class=\"myblock-wrapper block-my-page-teaser block-ingrid\" data-module-name=\"Teaser Page\">\n<div class=\"page-teaser__wrapper\">\n    <a\n        class=\"page-teaser large bg-image has-post\"\n        href=\"https:\/\/www.rewe-group.com\/de\/unternehmen\/vorstand-und-aufsichtsrat\/\"\n        style=\"\"\n        data-tracking=\"{&quot;event&quot;:&quot;click_teaser&quot;,&quot;link_url&quot;:&quot;https:\\\/\\\/www.rewe-group.com\\\/de\\\/unternehmen\\\/vorstand-und-aufsichtsrat\\\/&quot;,&quot;element_name&quot;:&quot;Vorstand und Aufsichtsrat&quot;,&quot;modul_name&quot;:&quot;.teaser-page&quot;}\"        target=\"_self\"    >\n                                <div class=\"page-teaser__background-wrapper\">\n                <div class=\"focused-image-container\">\n                    <img decoding=\"async\"\n                        class=\"focused-image\"\n                        data-focus-x=\"0.00\"\n                        data-focus-y=\"0.51\"\n                        src=\"https:\/\/www.rewe-group.com\/content\/uploads\/2022\/12\/REWE_Group_Vorstand-1024x683.jpg\"\n                        alt=\"Von links Telerik Schischmanow, Hans-J\u00fcrgen Moog, Lionel Souque, Christoph Eltze, Peter Maly und Daniela B\u00fcchel\"\n                        loading=\"lazy\"\n                         data-copyright=\"Von links Telerik Schischmanow, Hans-J\u00fcrgen Moog, Lionel Souque, Christoph Eltze, Peter Maly und Daniela B\u00fcchel \u00a9 REWE Group (Michael Pr\u00f6ck)\"                    >\n                <\/div>\n            <\/div>\n                <div class=\"page-teaser__overlay bg-image\"><\/div>\n                    <p class=\"page-teaser__category typo-bold\">Unternehmen<\/p>\n                <h2 class=\"page-teaser__title\">Vorstand und Aufsichtsrat<\/h2>        <div class=\"bottom\">\n                        <div class=\"link\">\n                <span class=\"arrow-link\">Zum Vorstand und Aufsichtsrat<\/span>\n            <\/div>\n        <\/div>\n    <\/a>\n<\/div>\n<\/div><\/div>\n\n\n\n<div class=\"wp-block-myblocks-row-full-2columns-cell row-cell row-full-2columns-cell my-cell-block\"><div class=\"myblock-wrapper block-my-page-teaser block-ingrid\" data-module-name=\"Teaser Page\">\n<div class=\"page-teaser__wrapper\">\n    <a\n        class=\"page-teaser large bg-image has-post\"\n        href=\"https:\/\/www.rewe-group.com\/de\/unternehmen\/vorstand-und-aufsichtsrat\/aufsichtsrat-der-rewe-group\/\"\n        style=\"\"\n        data-tracking=\"{&quot;event&quot;:&quot;click_teaser&quot;,&quot;link_url&quot;:&quot;https:\\\/\\\/www.rewe-group.com\\\/de\\\/unternehmen\\\/vorstand-und-aufsichtsrat\\\/aufsichtsrat-der-rewe-group\\\/&quot;,&quot;element_name&quot;:&quot;Aufsichtsrat der REWE Group&quot;,&quot;modul_name&quot;:&quot;.teaser-page&quot;}\"        target=\"_self\"    >\n                                <div class=\"page-teaser__background-wrapper\">\n                <div class=\"focused-image-container\">\n                    <img decoding=\"async\"\n                        class=\"focused-image\"\n                        data-focus-x=\"0.21\"\n                        data-focus-y=\"0.01\"\n                        src=\"https:\/\/www.rewe-group.com\/content\/uploads\/2021\/01\/aufsichtsrat-1024x813.jpg\"\n                        alt=\"M\u00e4nnliche und weibliche B\u00fcroangestellte unterhalten sich, w\u00e4hrend sie \u00fcber einen erh\u00f6hten Gehweg in einem B\u00fcro-Auditorium schlendern. Ein Symbolbild f\u00fcr den Ausichtsrat der REWE Group\"\n                        loading=\"lazy\"\n                         data-copyright=\"M\u00e4nnliche und weibliche B\u00fcroangestellte unterhalten sich, w\u00e4hrend sie \u00fcber einen erh\u00f6hten Gehweg in einem B\u00fcro-Auditorium schlendern. Ein Symbolbild f\u00fcr den Ausichtsrat der REWE Group \u00a9 SolStock (Getty Images)\"                    >\n                <\/div>\n            <\/div>\n                <div class=\"page-teaser__overlay bg-image\"><\/div>\n                    <p class=\"page-teaser__category typo-bold\">Unternehmen<\/p>\n                <h2 class=\"page-teaser__title\">Aufsichtsrat der REWE Group<\/h2>        <div class=\"bottom\">\n                        <div class=\"link\">\n                <span class=\"arrow-link\">Zur Bereichsseite<\/span>\n            <\/div>\n        <\/div>\n    <\/a>\n<\/div>\n<\/div><\/div>\n<\/div>\n<\/div>\n\n\n\n<div class=\"wp-block-myblocks-section block-section section-bg-white section-padding-bottom\">\n<div class=\"wp-block-myblocks-row-full-single row-full-single my-row-block row-full\"><div class=\"myblock-wrapper block-my-tagcloud\" data-module-name=\"Tagcloud\"><div class=\"tagcloud-block half-row-cell-inner\">\n    <div class=\"tagcloud-block__inner margin-row-inner\">\n                    <div class=\"tagcloud-block__header\">\n                <h2 class=\"tagcloud-block__title\">Was uns besch\u00e4ftigt<\/h2>                            <\/div>\n\n            <div class=\"tagcloud-block__main\">\n                <ul class=\"tag-list\">\n            <li class=\"tag-list__item\">\n        <a href=\"https:\/\/www.rewe-group.com\/de\/themen\/innovation\/\" class=\"btn-keyword medium\" data-count=\"71\">Innovation<\/a>        <\/li>\n            <li class=\"tag-list__item\">\n        <a href=\"https:\/\/www.rewe-group.com\/de\/themen\/digitalisierung\/\" class=\"btn-keyword medium\" data-count=\"73\">Digitalisierung<\/a>        <\/li>\n            <li class=\"tag-list__item\">\n        <a href=\"https:\/\/www.rewe-group.com\/de\/themen\/geschaeftsentwicklung\/\" class=\"btn-keyword medium\" data-count=\"81\">Gesch\u00e4ftsentwicklung<\/a>        <\/li>\n            <li class=\"tag-list__item\">\n        <a href=\"https:\/\/www.rewe-group.com\/de\/themen\/karriere\/\" class=\"btn-keyword medium\" data-count=\"53\">Karriere<\/a>        <\/li>\n            <li class=\"tag-list__item\">\n        <a href=\"https:\/\/www.rewe-group.com\/de\/themen\/onlinehandel\/\" class=\"btn-keyword medium\" data-count=\"14\">Onlinehandel<\/a>        <\/li>\n            <li class=\"tag-list__item\">\n        <a href=\"https:\/\/www.rewe-group.com\/de\/themen\/diversity\/\" class=\"btn-keyword medium\" data-count=\"66\">Diversity<\/a>        <\/li>\n            <li class=\"tag-list__item\">\n        <a href=\"https:\/\/www.rewe-group.com\/de\/themen\/maerkte\/\" class=\"btn-keyword medium\" data-count=\"131\">M\u00e4rkte<\/a>        <\/li>\n            <li class=\"tag-list__item\">\n        <a href=\"https:\/\/www.rewe-group.com\/de\/themen\/sortiment\/\" class=\"btn-keyword medium\" data-count=\"133\">Sortiment<\/a>        <\/li>\n            <li class=\"tag-list__item\">\n        <a href=\"https:\/\/www.rewe-group.com\/de\/themen\/eigenmarken\/\" class=\"btn-keyword medium\" data-count=\"78\">Eigenmarken<\/a>        <\/li>\n            <li class=\"tag-list__item\">\n        <a href=\"https:\/\/www.rewe-group.com\/de\/themen\/logistik\/\" class=\"btn-keyword medium\" data-count=\"21\">Logistik<\/a>        <\/li>\n    <\/ul>\n            <\/div>\n\n                        <\/div>\n<\/div>\n<\/div><\/div>\n<\/div>\n<\/div>\n","protected":false},"excerpt":{"rendered":"<p>Der Aufsichtsrat der REWE Group unter dem Vorsitz von Stefan Lenk kontrolliert und ber\u00e4t den Vorstand.<\/p>\n","protected":false},"author":10,"featured_media":10289,"parent":2701,"menu_order":37,"comment_status":"closed","ping_status":"closed","template":"","meta":{"_acf_changed":false,"_relevanssi_hide_post":"","_relevanssi_hide_content":"","_relevanssi_pin_for_all":"","_relevanssi_pin_keywords":"","_relevanssi_unpin_keywords":"","_relevanssi_related_keywords":"","_relevanssi_related_include_ids":"","_relevanssi_related_exclude_ids":"","_relevanssi_related_no_append":"","_relevanssi_related_not_related":"","_relevanssi_related_posts":"","_relevanssi_noindex_reason":"","footnotes":""},"categories":[4,8],"tags":[],"class_list":["post-15487","page","type-page","status-publish","has-post-thumbnail","hentry","category-management","category-unternehmen"],"acf":[],"yoast_head":"<!-- This site is optimized with the Yoast SEO Premium plugin v27.5 (Yoast SEO v27.5) - https:\/\/yoast.com\/product\/yoast-seo-premium-wordpress\/ -->\n<title>Aufsichtsrat der REWE Group - REWE Group<\/title>\n<meta name=\"description\" content=\"Der Aufsichtsrat der REWE Group kontrolliert und ber\u00e4t unseren Vorstand. Hier erfahren Sie mehr zu unserem Aufsichtsrat und seinen Aufgaben.\" \/>\n<meta name=\"robots\" content=\"index, follow, max-snippet:-1, max-image-preview:large, max-video-preview:-1\" \/>\n<link rel=\"canonical\" href=\"https:\/\/www.rewe-group.com\/de\/unternehmen\/vorstand-und-aufsichtsrat\/aufsichtsrat-der-rewe-group\/\" \/>\n<meta property=\"og:locale\" content=\"de_DE\" \/>\n<meta property=\"og:type\" content=\"article\" \/>\n<meta property=\"og:title\" content=\"Aufsichtsrat der REWE Group\" \/>\n<meta property=\"og:description\" content=\"Der Aufsichtsrat der REWE Group kontrolliert und ber\u00e4t unseren Vorstand. Hier erfahren Sie mehr zu unserem Aufsichtsrat und seinen Aufgaben.\" \/>\n<meta property=\"og:url\" content=\"https:\/\/www.rewe-group.com\/de\/unternehmen\/vorstand-und-aufsichtsrat\/aufsichtsrat-der-rewe-group\/\" \/>\n<meta property=\"og:site_name\" content=\"REWE Group\" \/>\n<meta property=\"article:modified_time\" content=\"2025-08-25T07:28:50+00:00\" \/>\n<meta property=\"og:image\" content=\"https:\/\/www.rewe-group.com\/content\/uploads\/2021\/01\/aufsichtsrat-scaled.jpg?t=2025082507\" \/>\n\t<meta property=\"og:image:width\" content=\"2560\" \/>\n\t<meta property=\"og:image:height\" content=\"2033\" \/>\n\t<meta property=\"og:image:type\" content=\"image\/jpeg\" \/>\n<meta name=\"twitter:card\" content=\"summary_large_image\" \/>\n<meta name=\"twitter:label1\" content=\"Gesch\u00e4tzte Lesezeit\" \/>\n\t<meta name=\"twitter:data1\" content=\"1\u00a0Minute\" \/>\n<script type=\"application\/ld+json\" class=\"yoast-schema-graph\">{\"@context\":\"https:\\\/\\\/schema.org\",\"@graph\":[{\"@type\":\"WebPage\",\"@id\":\"https:\\\/\\\/www.rewe-group.com\\\/de\\\/unternehmen\\\/vorstand-und-aufsichtsrat\\\/aufsichtsrat-der-rewe-group\\\/\",\"url\":\"https:\\\/\\\/www.rewe-group.com\\\/de\\\/unternehmen\\\/vorstand-und-aufsichtsrat\\\/aufsichtsrat-der-rewe-group\\\/\",\"name\":\"Aufsichtsrat der REWE Group - REWE Group\",\"isPartOf\":{\"@id\":\"https:\\\/\\\/www.rewe-group.com\\\/de\\\/#website\"},\"primaryImageOfPage\":{\"@id\":\"https:\\\/\\\/www.rewe-group.com\\\/de\\\/unternehmen\\\/vorstand-und-aufsichtsrat\\\/aufsichtsrat-der-rewe-group\\\/#primaryimage\"},\"image\":{\"@id\":\"https:\\\/\\\/www.rewe-group.com\\\/de\\\/unternehmen\\\/vorstand-und-aufsichtsrat\\\/aufsichtsrat-der-rewe-group\\\/#primaryimage\"},\"thumbnailUrl\":\"https:\\\/\\\/www.rewe-group.com\\\/content\\\/uploads\\\/2021\\\/01\\\/aufsichtsrat-scaled.jpg?t=2026051501\",\"datePublished\":\"2021-05-03T11:36:23+00:00\",\"dateModified\":\"2025-08-25T07:28:50+00:00\",\"description\":\"Der Aufsichtsrat der REWE Group kontrolliert und ber\u00e4t unseren Vorstand. Hier erfahren Sie mehr zu unserem Aufsichtsrat und seinen Aufgaben.\",\"breadcrumb\":{\"@id\":\"https:\\\/\\\/www.rewe-group.com\\\/de\\\/unternehmen\\\/vorstand-und-aufsichtsrat\\\/aufsichtsrat-der-rewe-group\\\/#breadcrumb\"},\"inLanguage\":\"de\",\"potentialAction\":[{\"@type\":\"ReadAction\",\"target\":[\"https:\\\/\\\/www.rewe-group.com\\\/de\\\/unternehmen\\\/vorstand-und-aufsichtsrat\\\/aufsichtsrat-der-rewe-group\\\/\"]}]},{\"@type\":\"ImageObject\",\"inLanguage\":\"de\",\"@id\":\"https:\\\/\\\/www.rewe-group.com\\\/de\\\/unternehmen\\\/vorstand-und-aufsichtsrat\\\/aufsichtsrat-der-rewe-group\\\/#primaryimage\",\"url\":\"https:\\\/\\\/www.rewe-group.com\\\/content\\\/uploads\\\/2021\\\/01\\\/aufsichtsrat-scaled.jpg?t=2026051501\",\"contentUrl\":\"https:\\\/\\\/www.rewe-group.com\\\/content\\\/uploads\\\/2021\\\/01\\\/aufsichtsrat-scaled.jpg?t=2026051501\",\"width\":2560,\"height\":2033,\"caption\":\"Zu den Aufgaben des Aufsichtsrats geh\u00f6ren die Bestellung von Vorstandsmitgliedern, die Kontrolle und Beratung des Vorstands, die Feststellung des Jahresabschlusses sowie die Zustimmung zu wichtigen unternehmerischen Planungen und Entscheidungen.\"},{\"@type\":\"BreadcrumbList\",\"@id\":\"https:\\\/\\\/www.rewe-group.com\\\/de\\\/unternehmen\\\/vorstand-und-aufsichtsrat\\\/aufsichtsrat-der-rewe-group\\\/#breadcrumb\",\"itemListElement\":[{\"@type\":\"ListItem\",\"position\":1,\"name\":\"\u00dcber das Unternehmen\",\"item\":\"https:\\\/\\\/www.rewe-group.com\\\/de\\\/unternehmen\\\/\"},{\"@type\":\"ListItem\",\"position\":2,\"name\":\"Vorstand und Aufsichtsrat\",\"item\":\"https:\\\/\\\/www.rewe-group.com\\\/de\\\/unternehmen\\\/vorstand-und-aufsichtsrat\\\/\"},{\"@type\":\"ListItem\",\"position\":3,\"name\":\"Aufsichtsrat der REWE Group\"}]},{\"@type\":\"WebSite\",\"@id\":\"https:\\\/\\\/www.rewe-group.com\\\/de\\\/#website\",\"url\":\"https:\\\/\\\/www.rewe-group.com\\\/de\\\/\",\"name\":\"REWE Group\",\"description\":\"Die Website der REWE Group\",\"potentialAction\":[{\"@type\":\"SearchAction\",\"target\":{\"@type\":\"EntryPoint\",\"urlTemplate\":\"https:\\\/\\\/www.rewe-group.com\\\/de\\\/?s={search_term_string}\"},\"query-input\":{\"@type\":\"PropertyValueSpecification\",\"valueRequired\":true,\"valueName\":\"search_term_string\"}}],\"inLanguage\":\"de\"}]}<\/script>\n<!-- \/ Yoast SEO Premium plugin. -->","yoast_head_json":{"title":"Aufsichtsrat der REWE Group - REWE Group","description":"Der Aufsichtsrat der REWE Group kontrolliert und ber\u00e4t unseren Vorstand. Hier erfahren Sie mehr zu unserem Aufsichtsrat und seinen Aufgaben.","robots":{"index":"index","follow":"follow","max-snippet":"max-snippet:-1","max-image-preview":"max-image-preview:large","max-video-preview":"max-video-preview:-1"},"canonical":"https:\/\/www.rewe-group.com\/de\/unternehmen\/vorstand-und-aufsichtsrat\/aufsichtsrat-der-rewe-group\/","og_locale":"de_DE","og_type":"article","og_title":"Aufsichtsrat der REWE Group","og_description":"Der Aufsichtsrat der REWE Group kontrolliert und ber\u00e4t unseren Vorstand. Hier erfahren Sie mehr zu unserem Aufsichtsrat und seinen Aufgaben.","og_url":"https:\/\/www.rewe-group.com\/de\/unternehmen\/vorstand-und-aufsichtsrat\/aufsichtsrat-der-rewe-group\/","og_site_name":"REWE Group","article_modified_time":"2025-08-25T07:28:50+00:00","og_image":[{"width":2560,"height":2033,"url":"https:\/\/www.rewe-group.com\/content\/uploads\/2021\/01\/aufsichtsrat-scaled.jpg?t=2025082507","type":"image\/jpeg"}],"twitter_card":"summary_large_image","twitter_misc":{"Gesch\u00e4tzte Lesezeit":"1\u00a0Minute"},"schema":{"@context":"https:\/\/schema.org","@graph":[{"@type":"WebPage","@id":"https:\/\/www.rewe-group.com\/de\/unternehmen\/vorstand-und-aufsichtsrat\/aufsichtsrat-der-rewe-group\/","url":"https:\/\/www.rewe-group.com\/de\/unternehmen\/vorstand-und-aufsichtsrat\/aufsichtsrat-der-rewe-group\/","name":"Aufsichtsrat der REWE Group - REWE Group","isPartOf":{"@id":"https:\/\/www.rewe-group.com\/de\/#website"},"primaryImageOfPage":{"@id":"https:\/\/www.rewe-group.com\/de\/unternehmen\/vorstand-und-aufsichtsrat\/aufsichtsrat-der-rewe-group\/#primaryimage"},"image":{"@id":"https:\/\/www.rewe-group.com\/de\/unternehmen\/vorstand-und-aufsichtsrat\/aufsichtsrat-der-rewe-group\/#primaryimage"},"thumbnailUrl":"https:\/\/www.rewe-group.com\/content\/uploads\/2021\/01\/aufsichtsrat-scaled.jpg?t=2026051501","datePublished":"2021-05-03T11:36:23+00:00","dateModified":"2025-08-25T07:28:50+00:00","description":"Der Aufsichtsrat der REWE Group kontrolliert und ber\u00e4t unseren Vorstand. Hier erfahren Sie mehr zu unserem Aufsichtsrat und seinen Aufgaben.","breadcrumb":{"@id":"https:\/\/www.rewe-group.com\/de\/unternehmen\/vorstand-und-aufsichtsrat\/aufsichtsrat-der-rewe-group\/#breadcrumb"},"inLanguage":"de","potentialAction":[{"@type":"ReadAction","target":["https:\/\/www.rewe-group.com\/de\/unternehmen\/vorstand-und-aufsichtsrat\/aufsichtsrat-der-rewe-group\/"]}]},{"@type":"ImageObject","inLanguage":"de","@id":"https:\/\/www.rewe-group.com\/de\/unternehmen\/vorstand-und-aufsichtsrat\/aufsichtsrat-der-rewe-group\/#primaryimage","url":"https:\/\/www.rewe-group.com\/content\/uploads\/2021\/01\/aufsichtsrat-scaled.jpg?t=2026051501","contentUrl":"https:\/\/www.rewe-group.com\/content\/uploads\/2021\/01\/aufsichtsrat-scaled.jpg?t=2026051501","width":2560,"height":2033,"caption":"Zu den Aufgaben des Aufsichtsrats geh\u00f6ren die Bestellung von Vorstandsmitgliedern, die Kontrolle und Beratung des Vorstands, die Feststellung des Jahresabschlusses sowie die Zustimmung zu wichtigen unternehmerischen Planungen und Entscheidungen."},{"@type":"BreadcrumbList","@id":"https:\/\/www.rewe-group.com\/de\/unternehmen\/vorstand-und-aufsichtsrat\/aufsichtsrat-der-rewe-group\/#breadcrumb","itemListElement":[{"@type":"ListItem","position":1,"name":"\u00dcber das Unternehmen","item":"https:\/\/www.rewe-group.com\/de\/unternehmen\/"},{"@type":"ListItem","position":2,"name":"Vorstand und Aufsichtsrat","item":"https:\/\/www.rewe-group.com\/de\/unternehmen\/vorstand-und-aufsichtsrat\/"},{"@type":"ListItem","position":3,"name":"Aufsichtsrat der REWE Group"}]},{"@type":"WebSite","@id":"https:\/\/www.rewe-group.com\/de\/#website","url":"https:\/\/www.rewe-group.com\/de\/","name":"REWE Group","description":"Die Website der REWE Group","potentialAction":[{"@type":"SearchAction","target":{"@type":"EntryPoint","urlTemplate":"https:\/\/www.rewe-group.com\/de\/?s={search_term_string}"},"query-input":{"@type":"PropertyValueSpecification","valueRequired":true,"valueName":"search_term_string"}}],"inLanguage":"de"}]}},"_links":{"self":[{"href":"https:\/\/www.rewe-group.com\/de\/wp-json\/wp\/v2\/pages\/15487","targetHints":{"allow":["GET"]}}],"collection":[{"href":"https:\/\/www.rewe-group.com\/de\/wp-json\/wp\/v2\/pages"}],"about":[{"href":"https:\/\/www.rewe-group.com\/de\/wp-json\/wp\/v2\/types\/page"}],"author":[{"embeddable":true,"href":"https:\/\/www.rewe-group.com\/de\/wp-json\/wp\/v2\/users\/10"}],"replies":[{"embeddable":true,"href":"https:\/\/www.rewe-group.com\/de\/wp-json\/wp\/v2\/comments?post=15487"}],"version-history":[{"count":47,"href":"https:\/\/www.rewe-group.com\/de\/wp-json\/wp\/v2\/pages\/15487\/revisions"}],"predecessor-version":[{"id":45307,"href":"https:\/\/www.rewe-group.com\/de\/wp-json\/wp\/v2\/pages\/15487\/revisions\/45307"}],"up":[{"embeddable":true,"href":"https:\/\/www.rewe-group.com\/de\/wp-json\/wp\/v2\/pages\/2701"}],"wp:featuredmedia":[{"embeddable":true,"href":"https:\/\/www.rewe-group.com\/de\/wp-json\/wp\/v2\/media\/10289"}],"wp:attachment":[{"href":"https:\/\/www.rewe-group.com\/de\/wp-json\/wp\/v2\/media?parent=15487"}],"wp:term":[{"taxonomy":"category","embeddable":true,"href":"https:\/\/www.rewe-group.com\/de\/wp-json\/wp\/v2\/categories?post=15487"},{"taxonomy":"post_tag","embeddable":true,"href":"https:\/\/www.rewe-group.com\/de\/wp-json\/wp\/v2\/tags?post=15487"}],"curies":[{"name":"wp","href":"https:\/\/api.w.org\/{rel}","templated":true}]}}